{"id":10109,"date":"2025-07-17T07:58:31","date_gmt":"2025-07-17T07:58:31","guid":{"rendered":"https:\/\/fluencebike.com\/?post_type=product&#038;p=10109"},"modified":"2025-10-30T05:54:15","modified_gmt":"2025-10-30T05:54:15","slug":"fluencebike-price-difference-compensation-products","status":"publish","type":"product","link":"https:\/\/fluencebike.com\/pl\/produkt\/fluencebike-price-difference-compensation-products\/","title":{"rendered":"R\u00f3\u017cnica w cenie produkt\u00f3w kompensacyjnych Fluencebike (prosimy o kontakt z naszym dzia\u0142em obs\u0142ugi klienta przed z\u0142o\u017ceniem zam\u00f3wienia)"},"content":{"rendered":"<p data-start=\"56\" data-end=\"172\"><strong data-start=\"56\" data-end=\"105\">Fluence R\u00f3\u017cnica w cenie Produkt kompensacyjny<\/strong><br data-start=\"105\" data-end=\"108\" \/><em data-start=\"108\" data-end=\"172\">Przed z\u0142o\u017ceniem zam\u00f3wienia prosimy o kontakt z naszym dzia\u0142em obs\u0142ugi klienta.<\/em><\/p>\n<p data-start=\"174\" data-end=\"373\">Czy napotka\u0142e\u015b korekt\u0119 ceny lub musisz wyr\u00f3wna\u0107 r\u00f3\u017cnic\u0119 salda w zam\u00f3wieniu Fluence? Ten produkt pozwala wygodnie zap\u0142aci\u0107 wymagan\u0105 kwot\u0119 w celu uregulowania wszelkich r\u00f3\u017cnic cenowych.<\/p>\n<p data-start=\"375\" data-end=\"394\"><strong data-start=\"375\" data-end=\"392\">Jak zamawia\u0107:<\/strong><\/p>\n<ol data-start=\"395\" data-end=\"573\">\n<li data-start=\"395\" data-end=\"455\">\n<p data-start=\"398\" data-end=\"455\">Skontaktuj si\u0119 z obs\u0142ug\u0105 klienta Fluence, aby potwierdzi\u0107 kwot\u0119.<\/p>\n<\/li>\n<li data-start=\"456\" data-end=\"525\">\n<p data-start=\"459\" data-end=\"525\">Wybierz odpowiedni\u0105 ilo\u015b\u0107 na podstawie r\u00f3\u017cnicy w cenie.<\/p>\n<\/li>\n<li data-start=\"526\" data-end=\"573\">\n<p data-start=\"529\" data-end=\"573\">Potwierd\u017a zam\u00f3wienie i dokonaj p\u0142atno\u015bci.<\/p>\n<\/li>\n<\/ol>\n<p data-start=\"575\" data-end=\"632\">Dzi\u0119kujemy za nieustaj\u0105ce wsparcie dla zespo\u0142u Fluence!<\/p>","protected":false},"excerpt":{"rendered":"<p data-start=\"56\" data-end=\"172\"><strong data-start=\"56\" data-end=\"105\">Fluence R\u00f3\u017cnica w cenie Produkt kompensacyjny<\/strong><br data-start=\"105\" data-end=\"108\" \/><em data-start=\"108\" data-end=\"172\">Przed z\u0142o\u017ceniem zam\u00f3wienia prosimy o kontakt z naszym dzia\u0142em obs\u0142ugi klienta.<\/em><\/p>\n<p data-start=\"174\" data-end=\"373\">Czy napotka\u0142e\u015b korekt\u0119 ceny lub musisz wyr\u00f3wna\u0107 r\u00f3\u017cnic\u0119 salda w zam\u00f3wieniu Fluence? Ten produkt pozwala wygodnie zap\u0142aci\u0107 wymagan\u0105 kwot\u0119 w celu uregulowania wszelkich r\u00f3\u017cnic cenowych.<\/p>\n<p data-start=\"375\" data-end=\"394\"><strong data-start=\"375\" data-end=\"392\">Jak zamawia\u0107:<\/strong><\/p>\n<ol data-start=\"395\" data-end=\"573\">\n<li data-start=\"395\" data-end=\"455\">\n<p data-start=\"398\" data-end=\"455\">Skontaktuj si\u0119 z obs\u0142ug\u0105 klienta Fluence, aby potwierdzi\u0107 kwot\u0119.<\/p>\n<\/li>\n<li data-start=\"456\" data-end=\"525\">\n<p data-start=\"459\" data-end=\"525\">Wybierz odpowiedni\u0105 ilo\u015b\u0107 na podstawie r\u00f3\u017cnicy w cenie.<\/p>\n<\/li>\n<li data-start=\"526\" data-end=\"573\">\n<p data-start=\"529\" data-end=\"573\">Potwierd\u017a zam\u00f3wienie i dokonaj p\u0142atno\u015bci.<\/p>\n<\/li>\n<\/ol>\n<p data-start=\"575\" data-end=\"632\">Dzi\u0119kujemy za nieustaj\u0105ce wsparcie dla zespo\u0142u Fluence!<\/p>","protected":false},"featured_media":10110,"comment_status":"closed","ping_status":"closed","template":"","meta":[],"product_brand":[],"product_cat":[86],"product_tag":[],"class_list":{"0":"post-10109","1":"product","2":"type-product","3":"status-publish","4":"has-post-thumbnail","6":"product_cat-accessorice","7":"product_shipping_class-accessories","9":"first","10":"instock","11":"shipping-taxable","12":"purchasable","13":"product-type-simple"},"jetpack_sharing_enabled":true,"_links":{"self":[{"href":"https:\/\/fluencebike.com\/pl\/wp-json\/wp\/v2\/product\/10109","targetHints":{"allow":["GET"]}}],"collection":[{"href":"https:\/\/fluencebike.com\/pl\/wp-json\/wp\/v2\/product"}],"about":[{"href":"https:\/\/fluencebike.com\/pl\/wp-json\/wp\/v2\/types\/product"}],"replies":[{"embeddable":true,"href":"https:\/\/fluencebike.com\/pl\/wp-json\/wp\/v2\/comments?post=10109"}],"version-history":[{"count":0,"href":"https:\/\/fluencebike.com\/pl\/wp-json\/wp\/v2\/product\/10109\/revisions"}],"wp:featuredmedia":[{"embeddable":true,"href":"https:\/\/fluencebike.com\/pl\/wp-json\/wp\/v2\/media\/10110"}],"wp:attachment":[{"href":"https:\/\/fluencebike.com\/pl\/wp-json\/wp\/v2\/media?parent=10109"}],"wp:term":[{"taxonomy":"product_brand","embeddable":true,"href":"https:\/\/fluencebike.com\/pl\/wp-json\/wp\/v2\/product_brand?post=10109"},{"taxonomy":"product_cat","embeddable":true,"href":"https:\/\/fluencebike.com\/pl\/wp-json\/wp\/v2\/product_cat?post=10109"},{"taxonomy":"product_tag","embeddable":true,"href":"https:\/\/fluencebike.com\/pl\/wp-json\/wp\/v2\/product_tag?post=10109"}],"curies":[{"name":"wp","href":"https:\/\/api.w.org\/{rel}","templated":true}]}}