{"id":7555,"date":"2025-03-26T07:25:36","date_gmt":"2025-03-26T07:25:36","guid":{"rendered":"https:\/\/fluencebike.com\/?page_id=7555"},"modified":"2025-10-23T10:39:21","modified_gmt":"2025-10-23T10:39:21","slug":"fat-ebike-error-code","status":"publish","type":"page","link":"https:\/\/fluencebike.com\/pl\/fat-ebike-error-code\/","title":{"rendered":"Fat ebike Kod b\u0142\u0119du"},"content":{"rendered":"<div data-elementor-type=\"wp-page\" data-elementor-id=\"7555\" class=\"elementor elementor-7555\" data-elementor-post-type=\"page\">\n\t\t\t\t<div class=\"elementor-element elementor-element-eb60ccc e-flex e-con-boxed ecomus-responsive-column ecomus-tablet-column--default ecomus-responsive-column ecomus-mobile-column--default e-con e-parent\" data-id=\"eb60ccc\" data-element_type=\"container\">\n\t\t\t\t\t<div class=\"e-con-inner\">\n\t\t\t\t<div class=\"elementor-element elementor-element-f785ee9 elementor-widget elementor-widget-html\" data-id=\"f785ee9\" data-element_type=\"widget\" data-widget_type=\"html.default\">\n\t\t\t\t<div class=\"elementor-widget-container\">\n\t\t\t\t\t<!DOCTYPE html>\r\n<html lang=\"zh-CN\">\r\n<head>\r\n    <meta charset=\"UTF-8\">\r\n    <meta name=\"viewport\" content=\"width=device-width, initial-scale=1.0\">\r\n    <title>Wy\u015bwietlacz YL (EB8\/EB2\/EB3) Regualar Repair SOP<\/title>\r\n    <style>\r\n        * {\r\n            box-sizing: border-box;\r\n            margin: 0;\r\n            padding: 0;\r\n        }\r\n        \r\n        body {\r\n            font-family: 'Segoe UI', Tahoma, Geneva, Verdana, sans-serif;\r\n            line-height: 1.6;\r\n            color: #333;\r\n            background-color: #f8f9fa;\r\n            padding: 20px;\r\n        }\r\n        \r\n        .container {\r\n            max-width: 1200px;\r\n            margin: 0 auto;\r\n        }\r\n        \r\n        .header {\r\n            text-align: center;\r\n            margin-bottom: 30px;\r\n            padding: 20px;\r\n            background-color: #ee7f46;\r\n            color: white;\r\n            border-radius: 8px;\r\n            box-shadow: 0 4px 6px rgba(0, 0, 0, 0.1);\r\n        }\r\n        \r\n        .header h1 {\r\n            font-size: 1.8rem;\r\n            margin-bottom: 10px;\r\n        }\r\n        \r\n        .header p {\r\n            font-size: 1rem;\r\n            opacity: 0.9;\r\n        }\r\n        \r\n        .ebike-error-table {\r\n            margin: 2rem 0;\r\n            box-shadow: 0 2px 15px rgba(0, 0, 0, 0.1);\r\n            border-radius: 8px;\r\n            overflow: hidden;\r\n            background-color: white;\r\n        }\r\n        \r\n        .table-container {\r\n            overflow-x: auto;\r\n        }\r\n        \r\n        table {\r\n            width: 100%;\r\n            border-collapse: collapse;\r\n            min-width: 900px;\r\n        }\r\n        \r\n        th {\r\n            background-color: #2c3e50;\r\n            color: white;\r\n            font-weight: 600;\r\n            padding: 15px 12px;\r\n            text-align: left;\r\n            position: sticky;\r\n            top: 0;\r\n        }\r\n        \r\n        td {\r\n            padding: 15px 12px;\r\n            border-bottom: 1px solid #e0e0e0;\r\n            vertical-align: top;\r\n        }\r\n        \r\n        tr:nth-child(even) {\r\n            background-color: #f8f9fa;\r\n        }\r\n        \r\n        tr:hover {\r\n            background-color: #f1f5f9;\r\n        }\r\n        \r\n        .error-code {\r\n            font-weight: bold;\r\n            color: #2c3e50;\r\n            white-space: nowrap;\r\n        }\r\n        \r\n        ol {\r\n            margin: 0;\r\n            padding-left: 20px;\r\n        }\r\n        \r\n        ol li {\r\n            margin-bottom: 10px;\r\n        }\r\n        \r\n        .note {\r\n            margin-top: 0px;\r\n            padding: 10px 12px;\r\n            background-color: #f0f7ff;\r\n            border-left: 3px solid #3498db;\r\n            font-size: 0.9em;\r\n            color: #4a5568;\r\n            border-radius: 0 4px 4px 0;\r\n        }\r\n        \r\n        .footer {\r\n            text-align: center;\r\n            margin-top: 30px;\r\n            padding: 15px;\r\n            color: #6c757d;\r\n            font-size: 0.9rem;\r\n        }\r\n        \r\n        \/* \u79fb\u52a8\u8bbe\u5907\u4f18\u5316 *\/\r\n        @media (max-width: 768px) {\r\n            body {\r\n                padding: 10px;\r\n            }\r\n            \r\n            .header h1 {\r\n                font-size: 1.5rem;\r\n            }\r\n            \r\n            .header p {\r\n                font-size: 0.9rem;\r\n            }\r\n            \r\n            th, td {\r\n                padding: 12px 8px;\r\n                font-size: 0.9rem;\r\n            }\r\n            \r\n            .note {\r\n                font-size: 0.85rem;\r\n            }\r\n        }\r\n        \r\n        @media (max-width: 480px) {\r\n            .header h1 {\r\n                font-size: 1.3rem;\r\n            }\r\n            \r\n            th, td {\r\n                padding: 10px 6px;\r\n                font-size: 0.85rem;\r\n            }\r\n            \r\n            ol {\r\n                padding-left: 18px;\r\n            }\r\n            \r\n            ol li {\r\n                font-size: 0.85rem;\r\n            }\r\n        }\r\n    <\/style>\r\n<\/head>\r\n<body>\r\n    <div class=\"container\">\r\n        <div class=\"header\">\r\n            <h1>Wy\u015bwietlacz YL (EB8\/EB2\/EB3) Regualar Repair SOP<\/h1>\r\n            <p>Troubleshooting and Solutions Guide<\/p>\r\n        <\/div>\r\n        \r\n        <div class=\"ebike-error-table\">\r\n            <div class=\"table-container\">\r\n                <table>\r\n                    <thead style= \"background-color: #ee7f46; white-space: nowrap; pointer-events: none;\">\r\n                        <tr>\r\n                            <th>Kod b\u0142\u0119du<\/th>\r\n                            <th>Problem z cz\u0119\u015bciami<\/th>\r\n                            <th>Status<\/th>\r\n                            <th>Rozwi\u0105zywanie problem\u00f3w i rozwi\u0105zania<\/th>\r\n                        <\/tr>\r\n                    <\/thead>\r\n                    <tbody>\r\n                        <tr>\r\n                            <td class=\"error-code\">E01\/E09<\/td>\r\n                            <td>Awaria kontrolera<\/td>\r\n                            <td>Rower elektryczny nie dzia\u0142a po w\u0142\u0105czeniu prze\u0142\u0105cznika zasilania, kod b\u0142\u0119du E01 lub E09 na desce rozdzielczej.<\/td>\r\n                            <td>\r\n                                <ol>\r\n                                    <li>Sprawd\u017a, czy ka\u017cdy port okablowania kontrolera jest prawid\u0142owo pod\u0142\u0105czony.<\/li>\r\n                                    <li>Przywracanie ustawie\u0144 fabrycznych<\/li>\r\n                                    <li>Wymie\u0144 kontroler i przetestuj<\/li>\r\n                                <\/ol>\r\n                                <div class=\"note\">Uwaga: Po ponownym pod\u0142\u0105czeniu dowolnego portu kabla po\u0142\u0105czeniowego nale\u017cy wy\u0142\u0105czy\u0107 i ponownie w\u0142\u0105czy\u0107 wy\u015bwietlacz przed przyst\u0105pieniem do testowania.<\/div>\r\n                            <\/td>\r\n                        <\/tr>\r\n                        <tr>\r\n                            <td class=\"error-code\">E02<\/td>\r\n                            <td>B\u0142\u0105d komunikacji<\/td>\r\n                            <td>Rower elektryczny nie reaguje po w\u0142\u0105czeniu. Poziom na\u0142adowania akumulatora jest pusty.<\/td>\r\n                            <td>\r\n                                <ol>\r\n                                    <li>Sprawd\u017a pod\u0142\u0105czenie kabla wy\u015bwietlacza<\/li>\r\n                                    <li>Sprawd\u017a g\u0142\u00f3wny przew\u00f3d sterownika i po\u0142\u0105czenia zespo\u0142u okablowania<\/li>\r\n                                    <li>Wymieni\u0107 zesp\u00f3\u0142 okablowania i kontroler w celu przetestowania<\/li>\r\n                                <\/ol>\r\n                                <div class=\"note\">Uwaga: Po ponownym pod\u0142\u0105czeniu dowolnego portu kabla po\u0142\u0105czeniowego nale\u017cy wy\u0142\u0105czy\u0107 i ponownie w\u0142\u0105czy\u0107 wy\u015bwietlacz przed przyst\u0105pieniem do testowania.<\/div>\r\n                            <\/td>\r\n                        <\/tr>\r\n                        <tr>\r\n                            <td class=\"error-code\">E03<\/td>\r\n                            <td>Awaria hali<\/td>\r\n                            <td>Silnik nie dzia\u0142a i s\u0142ycha\u0107 d\u017awi\u0119k pr\u0105du<\/td>\r\n                            <td>\r\n                                <ol>\r\n                                    <li>Sprawd\u017a przew\u00f3d fazowy silnika i po\u0142\u0105czenia przewodu Halla<\/li>\r\n                                    <li>Je\u015bli po\u0142\u0105czenia s\u0105 prawid\u0142owe, uruchom ponownie pojazd<\/li>\r\n                                    <li>Je\u015bli b\u0142\u0105d nadal wyst\u0119puje, wymie\u0144 silnik lub sterownik<\/li>\r\n                                <\/ol>\r\n                                <div class=\"note\">Uwaga: Po ponownym pod\u0142\u0105czeniu dowolnego portu kabla po\u0142\u0105czeniowego nale\u017cy wy\u0142\u0105czy\u0107 i ponownie w\u0142\u0105czy\u0107 wy\u015bwietlacz przed przyst\u0105pieniem do testowania.<\/div>\r\n                            <\/td>\r\n                        <\/tr>\r\n                        <tr>\r\n                            <td class=\"error-code\">E04\/E08<\/td>\r\n                            <td>Awaria przepustnicy<\/td>\r\n                            <td>Motocykl nie reaguje podczas naciskania lub obracania przepustnicy<\/td>\r\n                            <td>\r\n                                <ol>\r\n                                    <li>Sprawd\u017a po\u0142o\u017cenie przepustnicy<\/li>\r\n                                    <li>Sprawd\u017a po\u0142\u0105czenie linki przepustnicy<\/li>\r\n                                    <li>Ustaw P10 na 0<\/li>\r\n                                    <li>Spr\u00f3buj zmieni\u0107 przepustnic\u0119<\/li>\r\n                                    <li>Je\u015bli problem nie ust\u0105pi, wymie\u0144 kontroler<\/li>\r\n                                <\/ol>\r\n                                <div class=\"note\">Uwaga: Po ponownym pod\u0142\u0105czeniu dowolnego portu kabla po\u0142\u0105czeniowego nale\u017cy wy\u0142\u0105czy\u0107 i ponownie w\u0142\u0105czy\u0107 wy\u015bwietlacz przed przyst\u0105pieniem do testowania.<\/div>\r\n                            <\/td>\r\n                        <\/tr>\r\n                        <tr>\r\n                            <td class=\"error-code\">E05<\/td>\r\n                            <td>Awaria hamulc\u00f3w<\/td>\r\n                            <td>Brak informacji zwrotnej z tylnego \u015bwiat\u0142a po naci\u015bni\u0119ciu d\u017awigni hamulca<\/td>\r\n                            <td>\r\n                                <ol>\r\n                                    <li>Sprawd\u017a po\u0142o\u017cenie d\u017awigni hamulca<\/li>\r\n                                    <li>Sprawd\u017a po\u0142\u0105czenie linki d\u017awigni hamulca<\/li>\r\n                                    <li>Regulacja po\u0142o\u017cenia czujnika hamulca<\/li>\r\n                                    <li>W razie potrzeby wymie\u0144 d\u017awigni\u0119 hamulca<\/li>\r\n                                <\/ol>\r\n                                <div class=\"note\">Uwaga: Po ponownym pod\u0142\u0105czeniu dowolnego portu kabla po\u0142\u0105czeniowego nale\u017cy wy\u0142\u0105czy\u0107 i ponownie w\u0142\u0105czy\u0107 wy\u015bwietlacz przed przyst\u0105pieniem do testowania.<\/div>\r\n                            <\/td>\r\n                        <\/tr>\r\n                        <tr>\r\n                            <td class=\"error-code\">E06\/E07<\/td>\r\n                            <td>Awaria fazy silnika<\/td>\r\n                            <td>Pr\u0119dko\u015b\u0107 silnika jest niestabilna lub nie dzia\u0142a, lub s\u0142ycha\u0107 \"brz\u0119czenie\".<\/td>\r\n                            <td>\r\n                                <ol>\r\n                                    <li>Sprawd\u017a po\u0142\u0105czenia przewod\u00f3w fazowych silnika<\/li>\r\n                                    <div class=\"note\">Uwaga: Nale\u017cy u\u017cywa\u0107 okablowania pochodz\u0105cego wy\u0142\u0105cznie od tego samego producenta silnika.<\/div>\r\n                                    <li>Wymie\u0144 silnik i przetestuj<\/li>\r\n                                    <li>Je\u015bli problem nie ust\u0105pi, wymie\u0144 kontroler<\/li>\r\n                                    <li>W razie potrzeby ponownie dopasuj silnik i sterownik<\/li>\r\n                                <\/ol>\r\n                                <div class=\"note\">Uwaga: Po ponownym pod\u0142\u0105czeniu dowolnego portu kabla po\u0142\u0105czeniowego nale\u017cy wy\u0142\u0105czy\u0107 i ponownie w\u0142\u0105czy\u0107 wy\u015bwietlacz przed przyst\u0105pieniem do testowania.<\/div>\r\n                            <\/td>\r\n                        <\/tr>\r\n                        <tr>\r\n                            <td class=\"error-code\">E06<\/td>\r\n                            <td>Niski poziom na\u0142adowania baterii<\/td>\r\n                            <td>Wska\u017anik poziomu na\u0142adowania akumulatora miga, a rower nie uruchamia si\u0119<\/td>\r\n                            <td>\r\n                                <ol>\r\n                                    <li>Sprawd\u017a napi\u0119cie akumulatora i na\u0142aduj go w razie potrzeby<\/li>\r\n                                    <li>Sprawd\u017a parametry wy\u015bwietlacza (P15\/40v)<\/li>\r\n                                    <li>Je\u015bli bateria jest w normie, wymie\u0144 kontroler<\/li>\r\n                                <\/ol>\r\n                                <div class=\"note\">Uwaga: Po ponownym pod\u0142\u0105czeniu dowolnego portu kabla po\u0142\u0105czeniowego nale\u017cy wy\u0142\u0105czy\u0107 i ponownie w\u0142\u0105czy\u0107 wy\u015bwietlacz przed przyst\u0105pieniem do testowania.<\/div>\r\n                            <\/td>\r\n                        <\/tr>\r\n                        <tr>\r\n                            <td class=\"error-code\">E10<\/td>\r\n                            <td>B\u0142\u0105d odbioru komunikacji<\/td>\r\n                            <td>Na wy\u015bwietlaczu pojawi si\u0119 kod b\u0142\u0119du<\/td>\r\n                            <td>\r\n                                <ol>\r\n                                    <li>Sprawd\u017a pod\u0142\u0105czenie kabla wy\u015bwietlacza<\/li>\r\n                                    <li>Sprawd\u017a wodoodporne po\u0142\u0105czenia kablowe kontrolera<\/li>\r\n                                    <li>Sprawd\u017a wszystkie kable pod k\u0105tem uszkodze\u0144<\/li>\r\n                                    <li>Wymie\u0144 kontroler w celu przetestowania<\/li>\r\n                                <\/ol>\r\n                                <div class=\"note\">Uwaga: Po ponownym pod\u0142\u0105czeniu dowolnego portu kabla po\u0142\u0105czeniowego nale\u017cy wy\u0142\u0105czy\u0107 i ponownie w\u0142\u0105czy\u0107 wy\u015bwietlacz przed przyst\u0105pieniem do testowania.<\/div>\r\n                            <\/td>\r\n                        <\/tr>\r\n                    <\/tbody>\r\n                <\/table>\r\n            <\/div>\r\n        <\/div>\r\n        \r\n        <div class=\"footer\">\r\n            <p>EBike fault diagnosis system | It is recommended to carry out maintenance under the guidance of professional technicians<\/p>\r\n        <\/div>\r\n    <\/div>\r\n<\/body>\r\n<\/html>\t\t\t\t<\/div>\n\t\t\t\t<\/div>\n\t\t\t\t\t<\/div>\n\t\t\t\t<\/div>\n\t\t\t\t<\/div>","protected":false},"excerpt":{"rendered":"<p>YL display (EB8\/EB2\/EB3) Regualar Repair SOP YL display (EB8\/EB2\/EB3) Regualar Repair SOP Troubleshooting and Solutions Guide Error Code Parts Problem Status Troubleshooting and Solutions E01\/E09 Controller failure The ebike is not working after turning on power switch, Error code E01 or E09 on the dashboard Check whether each wiring port of the controller is connected [&hellip;]<\/p>","protected":false},"author":1,"featured_media":0,"parent":0,"menu_order":0,"comment_status":"closed","ping_status":"closed","template":"","meta":{"footnotes":""},"class_list":["post-7555","page","type-page","status-publish","hentry"],"jetpack_sharing_enabled":true,"_links":{"self":[{"href":"https:\/\/fluencebike.com\/pl\/wp-json\/wp\/v2\/pages\/7555","targetHints":{"allow":["GET"]}}],"collection":[{"href":"https:\/\/fluencebike.com\/pl\/wp-json\/wp\/v2\/pages"}],"about":[{"href":"https:\/\/fluencebike.com\/pl\/wp-json\/wp\/v2\/types\/page"}],"author":[{"embeddable":true,"href":"https:\/\/fluencebike.com\/pl\/wp-json\/wp\/v2\/users\/1"}],"replies":[{"embeddable":true,"href":"https:\/\/fluencebike.com\/pl\/wp-json\/wp\/v2\/comments?post=7555"}],"version-history":[{"count":0,"href":"https:\/\/fluencebike.com\/pl\/wp-json\/wp\/v2\/pages\/7555\/revisions"}],"wp:attachment":[{"href":"https:\/\/fluencebike.com\/pl\/wp-json\/wp\/v2\/media?parent=7555"}],"curies":[{"name":"wp","href":"https:\/\/api.w.org\/{rel}","templated":true}]}}