{"id":7132,"date":"2025-03-12T07:43:13","date_gmt":"2025-03-12T07:43:13","guid":{"rendered":"https:\/\/fluencebike.com\/?page_id=7132"},"modified":"2025-06-27T04:12:11","modified_gmt":"2025-06-27T04:12:11","slug":"become-a-dealer","status":"publish","type":"page","link":"https:\/\/fluencebike.com\/pl\/become-a-dealer\/","title":{"rendered":"Zosta\u0144 dealerem"},"content":{"rendered":"<div data-elementor-type=\"wp-page\" data-elementor-id=\"7132\" class=\"elementor elementor-7132\" data-elementor-post-type=\"page\">\n\t\t\t\t<div class=\"elementor-element elementor-element-f2d918d e-flex e-con-boxed ecomus-responsive-column ecomus-tablet-column--default ecomus-responsive-column ecomus-mobile-column--default e-con e-parent\" data-id=\"f2d918d\" data-element_type=\"container\">\n\t\t\t\t\t<div class=\"e-con-inner\">\n\t\t<div class=\"elementor-element elementor-element-2302ff5 e-con-full e-flex ecomus-responsive-column ecomus-tablet-column--default ecomus-responsive-column ecomus-mobile-column--default e-con e-child\" data-id=\"2302ff5\" data-element_type=\"container\">\n\t\t<div class=\"elementor-element elementor-element-01cd7cb e-flex e-con-boxed ecomus-responsive-column ecomus-tablet-column--default ecomus-responsive-column ecomus-mobile-column--default e-con e-child\" data-id=\"01cd7cb\" data-element_type=\"container\" data-settings=\"{&quot;background_background&quot;:&quot;classic&quot;}\">\n\t\t\t\t\t<div class=\"e-con-inner\">\n\t\t\t\t<div class=\"elementor-element elementor-element-d21351e elementor-invisible elementor-widget elementor-widget-ecomus-heading\" data-id=\"d21351e\" data-element_type=\"widget\" data-settings=\"{&quot;_animation&quot;:&quot;fadeInRight&quot;}\" data-widget_type=\"ecomus-heading.default\">\n\t\t\t\t<div class=\"elementor-widget-container\">\n\t\t\t\t\t\t\t<div class=\"ecomus-heading-elementor\">\n\t\t\t\t<h4 class=\"ecomus-heading em-flex em-flex-align-center ecomus-heading--default\">\n\t\t\t\t\t\t\t\t\t\tRozwijaj sw\u00f3j biznes<br>\nZosta\u0144 dealerem FLUENCE\t\t\t\t<\/h4>\n\t\t\t<\/div>\n\t\t\t\t\t\t<\/div>\n\t\t\t\t<\/div>\n\t\t<div class=\"elementor-element elementor-element-310ca5c e-flex e-con-boxed ecomus-responsive-column ecomus-tablet-column--default ecomus-responsive-column ecomus-mobile-column--default e-con e-child\" data-id=\"310ca5c\" data-element_type=\"container\">\n\t\t\t\t\t<div class=\"e-con-inner\">\n\t\t\t\t<div class=\"elementor-element elementor-element-8b40dad elementor-invisible elementor-widget elementor-widget-text-editor\" data-id=\"8b40dad\" data-element_type=\"widget\" data-settings=\"{&quot;_animation&quot;:&quot;fadeInUp&quot;}\" data-widget_type=\"text-editor.default\">\n\t\t\t\t<div class=\"elementor-widget-container\">\n\t\t\t\t\t\t\t\t\t<p>Do\u0142\u0105cz do nas ju\u017c dzi\u015b i zaoferuj swoim klientom wysokiej jako\u015bci, zr\u00f3wnowa\u017con\u0105 alternatyw\u0119 dla przysz\u0142o\u015bci transportu. Dzi\u0119ki FLUENCE nie sprzedajesz tylko roweru elektrycznego - stajesz si\u0119 cz\u0119\u015bci\u0105 globalnego ruchu na rzecz inteligentniejszej, czystszej mobilno\u015bci.<\/p>\t\t\t\t\t\t\t\t<\/div>\n\t\t\t\t<\/div>\n\t\t\t\t\t<\/div>\n\t\t\t\t<\/div>\n\t\t<div class=\"elementor-element elementor-element-3b1ac30 e-con-full e-flex ecomus-responsive-column ecomus-tablet-column--default ecomus-responsive-column ecomus-mobile-column--default e-con e-child\" data-id=\"3b1ac30\" data-element_type=\"container\">\n\t\t\t\t<div class=\"elementor-element elementor-element-7406db8 navigation-class--tabletdots navigation-class--mobiledots ecomus-icon-box__icon-alignment--center navigation-class-arrows ecomus-icon-box__icon-position--top elementor-invisible elementor-widget elementor-widget-ecomus-icon-box-carousel\" data-id=\"7406db8\" data-element_type=\"widget\" data-settings=\"{&quot;image_spacing_custom&quot;:50,&quot;image_spacing_custom_tablet&quot;:30,&quot;image_spacing_custom_mobile&quot;:15,&quot;slides_to_show_tablet&quot;:2,&quot;slides_to_show_mobile&quot;:1,&quot;slides_to_scroll_tablet&quot;:2,&quot;slides_to_scroll_mobile&quot;:1,&quot;_animation&quot;:&quot;fadeInLeft&quot;,&quot;slides_to_show&quot;:3,&quot;slides_to_scroll&quot;:1,&quot;navigation&quot;:&quot;both&quot;,&quot;speed&quot;:800}\" data-widget_type=\"ecomus-icon-box-carousel.default\">\n\t\t\t\t<div class=\"elementor-widget-container\">\n\t\t\t\t\t<div class=\"ecomus-icon-box-carousel--elementor ecomus-carousel--elementor\"><div class=\"ecomus-icon-box-carousel__container swiper\" style=\"--em-swiper-items-space: 50px;\"><div class=\"ecomus-icon-box-carousel__wrapper swiper-wrapper mobile-col-1 tablet-col-2 columns-3\"><div class=\"elementor-repeater-item-9874781 ecomus-icon-box icon-type-icon swiper-slide\"><div class=\"ecomus-icon-box__icon\"><span class=\"ecomus-svg-icon\"><svg xmlns=\"http:\/\/www.w3.org\/2000\/svg\" class=\"\" width=\"40\" height=\"40\" viewbox=\"0 0 40 40\"><path d=\"M39.7021 1.27152L39.5688 0.431126L38.7284 0.297845C38.5475 0.269173 34.2293 -0.396685 28.4414 0.360892C25.0362 0.806672 21.8259 1.65659 18.8998 2.88706C15.2225 4.43346 11.9885 6.58697 9.28775 9.28783C6.5869 11.9886 4.43338 15.2227 2.88698 18.8999C1.65651 21.8259 0.806594 25.0362 0.360892 28.4414C-0.396685 34.2292 0.269173 38.5473 0.297845 38.7284L0.431204 39.5688L1.27152 39.7021C1.38737 39.7204 3.19846 40 6.00565 40C7.86244 39.9998 9.71726 39.8793 11.5584 39.6391C14.9637 39.1933 18.174 38.3434 21.1001 37.1129C24.7773 35.5665 28.0114 33.413 30.7122 30.7122C33.4129 28.0113 35.5665 24.7773 37.1129 21.1001C38.3435 18.174 39.1934 14.9638 39.6391 11.5584C40.3966 5.77065 39.7307 1.45253 39.7021 1.27152ZM37.3153 11.2542C36.8967 14.4517 36.1018 17.4587 34.9525 20.1915C33.5244 23.5877 31.5401 26.5697 29.055 29.055C26.5796 31.5304 23.6108 33.509 20.2312 34.9358C17.5084 36.0854 14.512 36.8829 11.3256 37.3058C8.37814 37.6971 5.80612 37.6919 4.05393 37.6032L20.8286 20.8284L19.1715 19.1713L2.39526 35.9476C2.30698 34.2133 2.30159 31.6722 2.68472 28.7457C3.10323 25.5482 3.89823 22.5412 5.04745 19.8084C6.47557 16.4122 8.45986 13.4302 10.9451 10.9449C13.4205 8.46955 16.3893 6.49088 19.7688 5.06409C22.4917 3.91448 25.488 3.11706 28.6745 2.69409C32.6761 2.16284 35.9876 2.36214 37.4914 2.50972C37.6386 4.0012 37.8366 7.27205 37.3153 11.2542Z\"><\/path><\/svg><\/span><\/div><div class=\"ecomus-icon-box__wrapper\">\t\t\t\t\t\t\t\t\t<h5 class=\"ecomus-icon-box__title\">\n\t\t\t\t\t\t\t\t\t\n\t\t\t\t\t\t\t\t\t\tZaprojektowany dla mody i sentymentu\n\t\t\t\t\t\t\t\t\t\t\n\t\t\t\t\t\t\t\t\t\t<\/h5>\n\t\t\t\t\t\t\t\t\t<div class=\"ecomus-icon-box__content\">Zaprojektowane z my\u015bl\u0105 o modzie i wszechstronno\u015bci, rowery elektryczne FLUENCE \u0142\u0105cz\u0105 odwa\u017cny styl z bezwysi\u0142kow\u0105 wydajno\u015bci\u0105 na ka\u017cdej drodze, dla ka\u017cdego rowerzysty.<\/div><\/div><\/div><div class=\"elementor-repeater-item-c763c2e ecomus-icon-box icon-type-icon swiper-slide\"><div class=\"ecomus-icon-box__icon\"><span class=\"ecomus-svg-icon\"><svg aria-hidden=\"true\" class=\"e-font-icon-svg e-far-handshake\" viewbox=\"0 0 640 512\" xmlns=\"http:\/\/www.w3.org\/2000\/svg\"><path d=\"M519.2 127.9l-47.6-47.6A56.252 56.252 0 0 0 432 64H205.2c-14.8 0-29.1 5.9-39.6 16.3L118 127.9H0v255.7h64c17.6 0 31.8-14.2 31.9-31.7h9.1l84.6 76.4c30.9 25.1 73.8 25.7 105.6 3.8 12.5 10.8 26 15.9 41.1 15.9 18.2 0 35.3-7.4 48.8-24 22.1 8.7 48.2 2.6 64-16.8l26.2-32.3c5.6-6.9 9.1-14.8 10.9-23h57.9c.1 17.5 14.4 31.7 31.9 31.7h64V127.9H519.2zM48 351.6c-8.8 0-16-7.2-16-16s7.2-16 16-16 16 7.2 16 16c0 8.9-7.2 16-16 16zm390-6.9l-26.1 32.2c-2.8 3.4-7.8 4-11.3 1.2l-23.9-19.4-30 36.5c-6 7.3-15 4.8-18 2.4l-36.8-31.5-15.6 19.2c-13.9 17.1-39.2 19.7-55.3 6.6l-97.3-88H96V175.8h41.9l61.7-61.6c2-.8 3.7-1.5 5.7-2.3H262l-38.7 35.5c-29.4 26.9-31.1 72.3-4.4 101.3 14.8 16.2 61.2 41.2 101.5 4.4l8.2-7.5 108.2 87.8c3.4 2.8 3.9 7.9 1.2 11.3zm106-40.8h-69.2c-2.3-2.8-4.9-5.4-7.7-7.7l-102.7-83.4 12.5-11.4c6.5-6 7-16.1 1-22.6L367 167.1c-6-6.5-16.1-6.9-22.6-1l-55.2 50.6c-9.5 8.7-25.7 9.4-34.6 0-9.3-9.9-8.5-25.1 1.2-33.9l65.6-60.1c7.4-6.8 17-10.5 27-10.5l83.7-.2c2.1 0 4.1.8 5.5 2.3l61.7 61.6H544v128zm48 47.7c-8.8 0-16-7.2-16-16s7.2-16 16-16 16 7.2 16 16c0 8.9-7.2 16-16 16z\"><\/path><\/svg><\/span><\/div><div class=\"ecomus-icon-box__wrapper\">\t\t\t\t\t\t\t\t\t<h5 class=\"ecomus-icon-box__title\">\n\t\t\t\t\t\t\t\t\t\n\t\t\t\t\t\t\t\t\t\tZobowi\u0105zanie do doskona\u0142o\u015bci\n\t\t\t\t\t\t\t\t\t\t\n\t\t\t\t\t\t\t\t\t\t<\/h5>\n\t\t\t\t\t\t\t\t\t<div class=\"ecomus-icon-box__content\">W FLUENCE \u0142\u0105czymy klient\u00f3w bezpo\u015brednio z zaufanymi dealerami, aby zapewni\u0107 p\u0142ynne i bezproblemowe zakupy.<\/div><\/div><\/div><div class=\"elementor-repeater-item-fc36fd4 ecomus-icon-box icon-type-icon swiper-slide\"><div class=\"ecomus-icon-box__icon\"><span class=\"ecomus-svg-icon\"><svg aria-hidden=\"true\" class=\"e-font-icon-svg e-fas-globe\" viewbox=\"0 0 496 512\" xmlns=\"http:\/\/www.w3.org\/2000\/svg\"><path d=\"M336.5 160C322 70.7 287.8 8 248 8s-74 62.7-88.5 152h177zM152 256c0 22.2 1.2 43.5 3.3 64h185.3c2.1-20.5 3.3-41.8 3.3-64s-1.2-43.5-3.3-64H155.3c-2.1 20.5-3.3 41.8-3.3 64zm324.7-96c-28.6-67.9-86.5-120.4-158-141.6 24.4 33.8 41.2 84.7 50 141.6h108zM177.2 18.4C105.8 39.6 47.8 92.1 19.3 160h108c8.7-56.9 25.5-107.8 49.9-141.6zM487.4 192H372.7c2.1 21 3.3 42.5 3.3 64s-1.2 43-3.3 64h114.6c5.5-20.5 8.6-41.8 8.6-64s-3.1-43.5-8.5-64zM120 256c0-21.5 1.2-43 3.3-64H8.6C3.2 212.5 0 233.8 0 256s3.2 43.5 8.6 64h114.6c-2-21-3.2-42.5-3.2-64zm39.5 96c14.5 89.3 48.7 152 88.5 152s74-62.7 88.5-152h-177zm159.3 141.6c71.4-21.2 129.4-73.7 158-141.6h-108c-8.8 56.9-25.6 107.8-50 141.6zM19.3 352c28.6 67.9 86.5 120.4 158 141.6-24.4-33.8-41.2-84.7-50-141.6h-108z\"><\/path><\/svg><\/span><\/div><div class=\"ecomus-icon-box__wrapper\">\t\t\t\t\t\t\t\t\t<h5 class=\"ecomus-icon-box__title\">\n\t\t\t\t\t\t\t\t\t\n\t\t\t\t\t\t\t\t\t\tGlobalne innowacje, lokalny wp\u0142yw\n\t\t\t\t\t\t\t\t\t\t\n\t\t\t\t\t\t\t\t\t\t<\/h5>\n\t\t\t\t\t\t\t\t\t<div class=\"ecomus-icon-box__content\">Jako partner FLUENCE uzyskasz wczesny dost\u0119p do nowych modeli, ekskluzywnych wyda\u0144 i najnowocze\u015bniejszych technologii - wprowadzaj\u0105c na sw\u00f3j rynek uznan\u0105 na ca\u0142ym \u015bwiecie mark\u0119 rower\u00f3w elektrycznych.<\/div><\/div><\/div><\/div><\/div><span class=\"ecomus-svg-icon ecomus-svg-icon--left-mini elementor-swiper-button-prev swiper-button\" ><svg aria-hidden=\"true\" role=\"img\" focusable=\"false\" width=\"7\" height=\"11\" viewbox=\"0 0 7 11\" fill=\"currentColor\" xmlns=\"http:\/\/www.w3.org\/2000\/svg\"><path d=\"M5.5 11L0 5.5L5.5 0L6.47625 0.97625L1.9525 5.5L6.47625 10.0238L5.5 11Z\" fill=\"currentColor\"\/><\/svg><\/span><span class=\"ecomus-svg-icon ecomus-svg-icon--right-mini elementor-swiper-button-next swiper-button\" ><svg aria-hidden=\"true\" role=\"img\" focusable=\"false\" width=\"7\" height=\"11\" viewbox=\"0 0 7 11\" fill=\"currentColor\" xmlns=\"http:\/\/www.w3.org\/2000\/svg\"><path d=\"M1.5 11L7 5.5L1.5 0L0.52375 0.97625L5.0475 5.5L0.52375 10.0238L1.5 11Z\" fill=\"currentColor\"\/><\/svg><\/span><div class=\"swiper-pagination  swiper-pagination-bullet--small\"><\/div><\/div>\t\t\t\t<\/div>\n\t\t\t\t<\/div>\n\t\t\t\t<\/div>\n\t\t\t\t\t<\/div>\n\t\t\t\t<\/div>\n\t\t\t\t<\/div>\n\t\t\t\t\t<\/div>\n\t\t\t\t<\/div>\n\t\t<div class=\"elementor-element elementor-element-408e6d1c e-flex e-con-boxed ecomus-responsive-column ecomus-tablet-column--default ecomus-responsive-column ecomus-mobile-column--default e-con e-parent\" data-id=\"408e6d1c\" data-element_type=\"container\">\n\t\t\t\t\t<div class=\"e-con-inner\">\n\t\t\t\t<div class=\"elementor-element elementor-element-d374fb8 elementor-widget elementor-widget-shortcode\" data-id=\"d374fb8\" data-element_type=\"widget\" data-widget_type=\"shortcode.default\">\n\t\t\t\t<div class=\"elementor-widget-container\">\n\t\t\t\t\t\t\t<div class=\"elementor-shortcode\">\n<div class=\"wpcf7 no-js\" id=\"wpcf7-f7131-o1\" lang=\"zh-CN\" dir=\"ltr\" data-wpcf7-id=\"7131\">\n<div class=\"screen-reader-response\"><p role=\"status\" aria-live=\"polite\" aria-atomic=\"true\"><\/p> <ul><\/ul><\/div>\n<form action=\"\/pl\/wp-json\/wp\/v2\/pages\/7132#wpcf7-f7131-o1\" method=\"post\" class=\"wpcf7-form init\" aria-label=\"\u7559\u8a00\u8868\u5355\" novalidate=\"novalidate\" data-status=\"init\" data-trp-original-action=\"\/pl\/wp-json\/wp\/v2\/pages\/7132#wpcf7-f7131-o1\">\n<fieldset class=\"hidden-fields-container\"><input type=\"hidden\" name=\"_wpcf7\" value=\"7131\" \/><input type=\"hidden\" name=\"_wpcf7_version\" value=\"6.1.4\" \/><input type=\"hidden\" name=\"_wpcf7_locale\" value=\"zh_CN\" \/><input type=\"hidden\" name=\"_wpcf7_unit_tag\" value=\"wpcf7-f7131-o1\" \/><input type=\"hidden\" name=\"_wpcf7_container_post\" value=\"0\" \/><input type=\"hidden\" name=\"_wpcf7_posted_data_hash\" value=\"\" \/><input type=\"hidden\" name=\"_wpcf7_recaptcha_response\" value=\"\" \/>\n<\/fieldset>\n<style>\n \/* \u5bb9\u5668\u8c03\u6574\uff1a\u53bb\u6389 min-width\uff0c\u589e\u5f3a\u5f39\u6027\u5e03\u5c40 *\/\n .form-row {\n display: flex !important;\n flex-wrap: wrap !important;\n gap: 20px;\n justify-content: space-between;\n }\n\n .form-group {\n flex: 1 1 45%; \/* \u684c\u9762\u7aef\u7ea6\u4e24\u5217\u5e03\u5c40\uff0c\u624b\u673a\u7aef\u81ea\u52a8\u6491\u6ee1 *\/\n min-width: 0; \/* \u9632\u6b62\u6587\u5b57\u6ea2\u51fa\u5bb9\u5668 *\/\n }\n\n .form-group input,\n .form-group select,\n .form-group textarea {\n width: 100% !important;\n padding: 10px;\n border: 1px solid #ccc;\n border-radius: 5px;\n box-sizing: border-box;\n }\n\n .form-group textarea {\n height: 100px;\n resize: vertical; \/* \u53ef\u8c03\u6574\u9ad8\u5ea6\u4f46\u4e0d\u53ef\u6a2a\u5411\u62d6\u62fd *\/\n }\n\n \/* \u54cd\u5e94\u5f0f\u8c03\u6574\uff1a\u5c4f\u5e55 \u2264 768px \u65f6\u5355\u5217\u663e\u793a *\/\n @media (max-width: 768px) {\n .form-row {\n flex-direction: column !important;\n }\n .form-group {\n flex: 1 1 100%;\n }\n }\n<\/style>\n\n<!-- \u7ecf\u9500\u5546\u7533\u8bf7\u8868\u5355 -->\n<div class=\"form-row\">\n\t<div class=\"form-group\">\n\t\t<p><label>Imi\u0119 i nazwisko<\/label><br \/>\n<span class=\"wpcf7-form-control-wrap\" data-name=\"dealer-name\"><input size=\"40\" maxlength=\"400\" class=\"wpcf7-form-control wpcf7-text wpcf7-validates-as-required\" autocomplete=\"name\" aria-required=\"true\" aria-invalid=\"false\" placeholder=\"Imi\u0119 i nazwisko\" value=\"\" type=\"text\" name=\"dealer-name\" \/><\/span>\n\t\t<\/p>\n\t<\/div>\n\t<div class=\"form-group\">\n\t\t<p><label>Tw\u00f3j adres e-mail<\/label><br \/>\n<span class=\"wpcf7-form-control-wrap\" data-name=\"dealer-email\"><input size=\"40\" maxlength=\"400\" class=\"wpcf7-form-control wpcf7-email wpcf7-validates-as-required wpcf7-text wpcf7-validates-as-email\" autocomplete=\"email\" aria-required=\"true\" aria-invalid=\"false\" placeholder=\"Tw\u00f3j adres e-mail\" value=\"\" type=\"email\" name=\"dealer-email\" \/><\/span>\n\t\t<\/p>\n\t<\/div>\n<\/div>\n<div class=\"form-row\">\n\t<div class=\"form-group\">\n\t\t<p><label>Telefon<\/label><br \/>\n<span class=\"wpcf7-form-control-wrap\" data-name=\"dealer-phone\"><input size=\"40\" maxlength=\"400\" class=\"wpcf7-form-control wpcf7-tel wpcf7-validates-as-required wpcf7-text wpcf7-validates-as-tel\" autocomplete=\"tel\" aria-required=\"true\" aria-invalid=\"false\" placeholder=\"Telefon\" value=\"\" type=\"tel\" name=\"dealer-phone\" \/><\/span>\n\t\t<\/p>\n\t<\/div>\n\t<div class=\"form-group\">\n\t\t<p><label>Tw\u00f3j kraj<\/label><br \/>\n<span class=\"wpcf7-form-control-wrap\" data-name=\"dealer-country\"><select class=\"wpcf7-form-control wpcf7-select\" aria-invalid=\"false\" name=\"dealer-country\"><option value=\"\">-\u8bf7\u9009\u62e9-<\/option><option value=\"United States\">Stany Zjednoczone<\/option><option value=\"United Kingdom\">Wielka Brytania<\/option><option value=\"Canada\">Kanada<\/option><option value=\"Australia\">Australia<\/option><option value=\"Germany\">Niemcy<\/option><option value=\"France\">Francja<\/option><option value=\"China\">Chiny<\/option><option value=\"Japan\">Japonia<\/option><option value=\"India\">Indie<\/option><option value=\"Other\">Inne<\/option><\/select><\/span>\n\t\t<\/p>\n\t<\/div>\n<\/div>\n<div class=\"form-row\">\n\t<div class=\"form-group\">\n\t\t<p><label>Nazwa firmy<\/label><br \/>\n<span class=\"wpcf7-form-control-wrap\" data-name=\"dealer-company\"><input size=\"40\" maxlength=\"400\" class=\"wpcf7-form-control wpcf7-text wpcf7-validates-as-required\" aria-required=\"true\" aria-invalid=\"false\" placeholder=\"Nazwa firmy\" value=\"\" type=\"text\" name=\"dealer-company\" \/><\/span>\n\t\t<\/p>\n\t<\/div>\n\t<div class=\"form-group\">\n\t\t<p><label>Strona internetowa firmy<\/label><br \/>\n<span class=\"wpcf7-form-control-wrap\" data-name=\"dealer-website\"><input size=\"40\" maxlength=\"400\" class=\"wpcf7-form-control wpcf7-url wpcf7-text wpcf7-validates-as-url\" aria-invalid=\"false\" placeholder=\"Strona internetowa firmy\" value=\"\" type=\"url\" name=\"dealer-website\" \/><\/span>\n\t\t<\/p>\n\t<\/div>\n<\/div>\n<div class=\"form-group\">\n\t<p><label>Adres firmy<\/label><br \/>\n<span class=\"wpcf7-form-control-wrap\" data-name=\"dealer-address\"><input size=\"40\" maxlength=\"400\" class=\"wpcf7-form-control wpcf7-text wpcf7-validates-as-required\" aria-required=\"true\" aria-invalid=\"false\" placeholder=\"Adres firmy\" value=\"\" type=\"text\" name=\"dealer-address\" \/><\/span>\n\t<\/p>\n<\/div>\n<div class=\"form-row\">\n\t<div class=\"form-group\">\n\t\t<p><label>G\u0142\u00f3wne produkty<\/label><br \/>\n<span class=\"wpcf7-form-control-wrap\" data-name=\"dealer-products\"><textarea cols=\"40\" rows=\"10\" maxlength=\"2000\" class=\"wpcf7-form-control wpcf7-textarea wpcf7-validates-as-required\" aria-required=\"true\" aria-invalid=\"false\" placeholder=\"Opisz swoje g\u0142\u00f3wne produkty\" name=\"dealer-products\"><\/textarea><\/span>\n\t\t<\/p>\n\t<\/div>\n\t<div class=\"form-group\">\n\t\t<p><label>Dodatkowe informacje<\/label><br \/>\n<span class=\"wpcf7-form-control-wrap\" data-name=\"dealer-message\"><textarea cols=\"40\" rows=\"10\" maxlength=\"2000\" class=\"wpcf7-form-control wpcf7-textarea\" aria-invalid=\"false\" placeholder=\"Wszelkie dodatkowe informacje\" name=\"dealer-message\"><\/textarea><\/span>\n\t\t<\/p>\n\t<\/div>\n<\/div>\n<p><input class=\"wpcf7-form-control wpcf7-submit has-spinner\" type=\"submit\" value=\"Prze\u015blij aplikacj\u0119 dealersk\u0105\" \/>\n<\/p><p style=\"display: none !important;\" class=\"akismet-fields-container\" data-prefix=\"_wpcf7_ak_\"><label>&#916;<textarea name=\"_wpcf7_ak_hp_textarea\" cols=\"45\" rows=\"8\" maxlength=\"100\"><\/textarea><\/label><input type=\"hidden\" id=\"ak_js_1\" name=\"_wpcf7_ak_js\" value=\"176\"\/><script>document.getElementById( \"ak_js_1\" ).setAttribute( \"value\", ( new Date() ).getTime() );<\/script><\/p><div class=\"wpcf7-response-output\" aria-hidden=\"true\"><\/div>\n<input type=\"hidden\" name=\"trp-form-language\" value=\"pl\"\/><\/form>\n<\/div>\n<\/div>\n\t\t\t\t\t\t<\/div>\n\t\t\t\t<\/div>\n\t\t\t\t\t<\/div>\n\t\t\t\t<\/div>\n\t\t\t\t<\/div>","protected":false},"excerpt":{"rendered":"<p>Grow Your Business Become a FLUENCE Dealer Join us today and offer your customers a premium, sustainable alternative for the future of transportation. With FLUENCE, you\u2019re not just selling a e-bike\u2014you\u2019re becoming part of a global movement toward smarter, cleaner mobility. Designed for fashion and sentiment Designed for fashion and versatility, FLUENCE e-bikes combine bold [&hellip;]<\/p>","protected":false},"author":1,"featured_media":0,"parent":0,"menu_order":0,"comment_status":"closed","ping_status":"closed","template":"","meta":{"footnotes":""},"class_list":["post-7132","page","type-page","status-publish","hentry"],"jetpack_sharing_enabled":true,"_links":{"self":[{"href":"https:\/\/fluencebike.com\/pl\/wp-json\/wp\/v2\/pages\/7132","targetHints":{"allow":["GET"]}}],"collection":[{"href":"https:\/\/fluencebike.com\/pl\/wp-json\/wp\/v2\/pages"}],"about":[{"href":"https:\/\/fluencebike.com\/pl\/wp-json\/wp\/v2\/types\/page"}],"author":[{"embeddable":true,"href":"https:\/\/fluencebike.com\/pl\/wp-json\/wp\/v2\/users\/1"}],"replies":[{"embeddable":true,"href":"https:\/\/fluencebike.com\/pl\/wp-json\/wp\/v2\/comments?post=7132"}],"version-history":[{"count":0,"href":"https:\/\/fluencebike.com\/pl\/wp-json\/wp\/v2\/pages\/7132\/revisions"}],"wp:attachment":[{"href":"https:\/\/fluencebike.com\/pl\/wp-json\/wp\/v2\/media?parent=7132"}],"curies":[{"name":"wp","href":"https:\/\/api.w.org\/{rel}","templated":true}]}}