{"id":4393,"date":"2024-07-26T10:56:58","date_gmt":"2024-07-26T10:56:58","guid":{"rendered":"https:\/\/wpecomus.com\/bike\/?page_id=4393"},"modified":"2025-03-11T08:27:47","modified_gmt":"2025-03-11T08:27:47","slug":"order-tracking","status":"publish","type":"page","link":"https:\/\/fluencebike.com\/pl\/order-tracking\/","title":{"rendered":"\u015aledzenie zam\u00f3wie\u0144"},"content":{"rendered":"<div data-elementor-type=\"wp-page\" data-elementor-id=\"4393\" class=\"elementor elementor-4393\" data-elementor-post-type=\"page\">\n\t\t\t\t<div class=\"elementor-element elementor-element-433fbf1 e-flex e-con-boxed ecomus-responsive-column ecomus-tablet-column--default ecomus-responsive-column ecomus-mobile-column--default e-con e-parent\" data-id=\"433fbf1\" data-element_type=\"container\">\n\t\t\t\t\t<div class=\"e-con-inner\">\n\t\t\t\t<div class=\"elementor-element elementor-element-bf829c9 elementor-widget elementor-widget-html\" data-id=\"bf829c9\" data-element_type=\"widget\" data-widget_type=\"html.default\">\n\t\t\t\t<div class=\"elementor-widget-container\">\n\t\t\t\t\t<!DOCTYPE html>\r\n<html lang=\"en\">\r\n<head>\r\n    <meta charset=\"UTF-8\">\r\n    <meta name=\"viewport\" content=\"width=device-width, initial-scale=1.0\">\r\n    <title>\u015aledzenie przesy\u0142ki<\/title>\r\n    <script type=\"text\/javascript\" src=\"\/\/www.17track.net\/externalcall.js\"><\/script>\r\n    <style>\r\n        \/* \u9650\u5b9a\u6837\u5f0f\u4ec5\u5f71\u54cd\u5f53\u524d\u6a21\u5757 *\/\r\n        .track-container {\r\n            width: 1440px;\r\n            margin: 0 auto; \/* \u5c45\u4e2d *\/\r\n            padding: 20px 0;\r\n            text-align: center;\r\n        }\r\n        .track-container h2 {\r\n            font-size: 24px;\r\n            margin-bottom: 15px;\r\n            color: #333;\r\n        }\r\n        .track-form {\r\n            display: flex;\r\n            align-items: center;\r\n            justify-content: center;\r\n            gap: 10px;\r\n            flex-wrap: wrap;\r\n        }\r\n        .track-form input[type=\"text\"], \r\n        .track-form select, \r\n        .track-form button {\r\n            height: 40px;\r\n            font-size: 16px;\r\n            border: 1px solid #ccc;\r\n            border-radius: 5px;\r\n            padding: 5px 10px;\r\n            outline: none;\r\n        }\r\n        .track-form input[type=\"text\"] {\r\n            width: 300px;\r\n        }\r\n        .track-form select {\r\n            width: 150px;\r\n        }\r\n        .track-form button {\r\n            background-color: #000000;\r\n            color: white;\r\n            border: none;\r\n            padding: 0 20px;\r\n            cursor: pointer;\r\n            transition: background 0.3s;\r\n        }\r\n        .track-form button:hover {\r\n            background-color: #3b3c3e;\r\n        }\r\n        #YQContainer {\r\n            margin-top: 20px;\r\n        }\r\n    <\/style>\r\n<\/head>\r\n<body>\r\n\r\n<div class=\"track-container\">\r\n    <h2>\u015aledzenie przesy\u0142ki<\/h2>\r\n    <br>\r\n    <div class=\"track-form\">\r\n        <input type=\"text\" id=\"YQNum\" maxlength=\"50\" placeholder=\"Wprowad\u017a numer \u015bledzenia\">\r\n        <select id=\"langSelector\">\r\n            <option value=\"en\">Angielski<\/option>\r\n            <option value=\"de\">Deutsch<\/option>\r\n            <option value=\"nl\">Nederlands<\/option>\r\n            <option value=\"es\">Espa\u00f1ol<\/option>\r\n            <option value=\"fr\">Francuski<\/option>\r\n        <\/select>\r\n        <button onclick=\"doTrack()\">TRACK<\/button>\r\n    <\/div>\r\n    <div id=\"YQContainer\"><\/div>\r\n<\/div>\r\n\r\n<script>\r\ndocument.getElementById(\"YQNum\").addEventListener(\"keypress\", function(event) {\r\n    if (event.key === \"Enter\") {\r\n        doTrack();\r\n    }\r\n});\r\n\r\nfunction doTrack() {\r\n    var num = document.getElementById(\"YQNum\").value;\r\n    var lang = document.getElementById(\"langSelector\").value;\r\n\r\n    if (num === \"\") {\r\n        alert(\"Please enter your tracking number.\");\r\n        return;\r\n    }\r\n\r\n    YQV5.trackSingle({\r\n        YQ_ContainerId: \"YQContainer\",\r\n        YQ_Height: 560,\r\n        YQ_Fc: \"0\",\r\n        YQ_Lang: lang,\r\n        YQ_Num: num\r\n    });\r\n}\r\n<\/script>\r\n\r\n<\/body>\r\n<\/html>\r\n\t\t\t\t<\/div>\n\t\t\t\t<\/div>\n\t\t\t\t\t<\/div>\n\t\t\t\t<\/div>\n\t\t<div class=\"elementor-element elementor-element-60e8ea9 e-flex e-con-boxed ecomus-responsive-column ecomus-tablet-column--default ecomus-responsive-column ecomus-mobile-column--default e-con e-parent\" data-id=\"60e8ea9\" data-element_type=\"container\">\n\t\t\t\t\t<div class=\"e-con-inner\">\n\t\t\t\t<div class=\"elementor-element elementor-element-4089ca9 elementor-widget elementor-widget-shortcode\" data-id=\"4089ca9\" data-element_type=\"widget\" data-widget_type=\"shortcode.default\">\n\t\t\t\t<div class=\"elementor-widget-container\">\n\t\t\t\t\t\t\t<div class=\"elementor-shortcode\"><div class=\"woocommerce\"><\/div><\/div>\n\t\t\t\t\t\t<\/div>\n\t\t\t\t<\/div>\n\t\t\t\t\t<\/div>\n\t\t\t\t<\/div>\n\t\t\t\t<\/div>","protected":false},"excerpt":{"rendered":"<p>Track Your Shipment Track Your Shipment EnglishDeutschNederlandsEspa\u00f1olFran\u00e7ais TRACK<\/p>","protected":false},"author":1,"featured_media":0,"parent":0,"menu_order":0,"comment_status":"closed","ping_status":"closed","template":"","meta":{"footnotes":""},"class_list":["post-4393","page","type-page","status-publish","hentry"],"jetpack_sharing_enabled":true,"_links":{"self":[{"href":"https:\/\/fluencebike.com\/pl\/wp-json\/wp\/v2\/pages\/4393","targetHints":{"allow":["GET"]}}],"collection":[{"href":"https:\/\/fluencebike.com\/pl\/wp-json\/wp\/v2\/pages"}],"about":[{"href":"https:\/\/fluencebike.com\/pl\/wp-json\/wp\/v2\/types\/page"}],"author":[{"embeddable":true,"href":"https:\/\/fluencebike.com\/pl\/wp-json\/wp\/v2\/users\/1"}],"replies":[{"embeddable":true,"href":"https:\/\/fluencebike.com\/pl\/wp-json\/wp\/v2\/comments?post=4393"}],"version-history":[{"count":0,"href":"https:\/\/fluencebike.com\/pl\/wp-json\/wp\/v2\/pages\/4393\/revisions"}],"wp:attachment":[{"href":"https:\/\/fluencebike.com\/pl\/wp-json\/wp\/v2\/media?parent=4393"}],"curies":[{"name":"wp","href":"https:\/\/api.w.org\/{rel}","templated":true}]}}