{"id":3868,"date":"2025-03-13T01:35:14","date_gmt":"2025-03-13T01:35:14","guid":{"rendered":"https:\/\/raw.githubusercontent.com\/drfuri\/demo-content\/main\/ecomus\/fashion\/images\/?page_id=10"},"modified":"2025-08-27T07:30:34","modified_gmt":"2025-08-27T07:30:34","slug":"shipping-policy","status":"publish","type":"page","link":"https:\/\/fluencebike.com\/pl\/shipping-policy\/","title":{"rendered":"Zasady wysy\u0142ki"},"content":{"rendered":"<div data-elementor-type=\"wp-page\" data-elementor-id=\"3868\" class=\"elementor elementor-3868\" data-elementor-post-type=\"page\">\n\t\t\t\t<div class=\"elementor-element elementor-element-63b70c01 e-flex e-con-boxed ecomus-responsive-column ecomus-tablet-column--default ecomus-responsive-column ecomus-mobile-column--default e-con e-parent\" data-id=\"63b70c01\" data-element_type=\"container\">\n\t\t\t\t\t<div class=\"e-con-inner\">\n\t\t\t\t<div class=\"elementor-element elementor-element-701535fe elementor-widget elementor-widget-text-editor\" data-id=\"701535fe\" data-element_type=\"widget\" data-widget_type=\"text-editor.default\">\n\t\t\t\t<div class=\"elementor-widget-container\">\n\t\t\t\t\t\t\t\t\t<p>Je\u015bli masz jakiekolwiek w\u0105tpliwo\u015bci dotycz\u0105ce zam\u00f3wienia, skontaktuj si\u0119 z nami pod adresem <a href=\"mailto:support@fluencebike.com\"><span style=\"text-decoration: underline; color: #ff6600;\"><strong>support@fluencebike.com<\/strong><\/span><\/a>.<\/p><p>FLUENCE oferuje bezp\u0142atn\u0105 dostaw\u0119 lokaln\u0105 <strong><span style=\"color: #ff6600;\">bezp\u0142atna wysy\u0142ka<\/span><\/strong> na zam\u00f3wienia kwalifikowane.<\/p><p>Obszary oddalone i wyspy nie s\u0105 obj\u0119te zasi\u0119giem dostawy.<\/p><h6>WYSY\u0141KA I DOSTAWA:<\/h6><p><strong>Wszystkie zam\u00f3wienia zostan\u0105 wys\u0142ane z magazynu w UE (z wyj\u0105tkiem niekt\u00f3rych akcesori\u00f3w) w zale\u017cno\u015bci od lokalizacji. Oferujemy BEZP\u0141ATN\u0104 wysy\u0142k\u0119 wszystkich zakwalifikowanych zam\u00f3wie\u0144. Po z\u0142o\u017ceniu zam\u00f3wienia mo\u017cesz rozpocz\u0105\u0107 \u015bledzenie dwa dni p\u00f3\u017aniej pod poni\u017cszym linkiem: <a href=\"https:\/\/fluencebike.com\/pl\/order-tracking\/\"><span style=\"text-decoration: underline; color: #ff6600;\">\u015aledzenie zam\u00f3wie\u0144<\/span><\/a> i powiniene\u015b otrzyma\u0107 zam\u00f3wienie w ci\u0105gu oko\u0142o 3-10 dni roboczych. Prosimy o zapoznanie si\u0119 z poni\u017csz\u0105 tabel\u0105 kraj\u00f3w, do kt\u00f3rych wysy\u0142amy towar oraz szacowanym czasem wysy\u0142ki.<\/strong><\/p>\t\t\t\t\t\t\t\t<\/div>\n\t\t\t\t<\/div>\n\t\t\t\t\t<\/div>\n\t\t\t\t<\/div>\n\t\t<div class=\"elementor-element elementor-element-6d23c5c e-flex e-con-boxed ecomus-responsive-column ecomus-tablet-column--default ecomus-responsive-column ecomus-mobile-column--default e-con e-parent\" data-id=\"6d23c5c\" data-element_type=\"container\">\n\t\t\t\t\t<div class=\"e-con-inner\">\n\t\t\t\t<div class=\"elementor-element elementor-element-ae5262e elementor-widget elementor-widget-html\" data-id=\"ae5262e\" data-element_type=\"widget\" data-widget_type=\"html.default\">\n\t\t\t\t<div class=\"elementor-widget-container\">\n\t\t\t\t\t<!DOCTYPE html>\r\n<html lang=\"en\">\r\n<head>\r\n    <meta charset=\"UTF-8\">\r\n    <meta name=\"viewport\" content=\"width=device-width, initial-scale=1.0\">\r\n    <title>Informacje o wysy\u0142ce<\/title>\r\n    <style>\r\n        table {\r\n            width: 100%;\r\n            border-collapse: collapse;\r\n            margin: 20px 0;\r\n            font-family: milotf-text;\r\n        }\r\n        th, td {\r\n            border: 1px solid #ddd;\r\n            padding: 12px;\r\n            text-align: left;\r\n        }\r\n        th {\r\n            background-color: #f2f2f2;\r\n            font-weight: bold;\r\n        }\r\n        tr:nth-child(even) {\r\n            background-color: #f9f9f9;\r\n        }\r\n        tr:hover {\r\n            background-color: #f1f1f1;\r\n        }\r\n    <\/style>\r\n<\/head>\r\n<body>\r\n\r\n\r\n<table>\r\n    <thead>\r\n        <tr>\r\n            <th>Kraj wysy\u0142ki<\/th>\r\n            <th>Szac. Czas wysy\u0142ki<\/th>\r\n            <th>Koszty<\/th>\r\n        <\/tr>\r\n    <\/thead>\r\n    <tbody>\r\n        <tr>\r\n            <td>Francja<\/td>\r\n            <td>3-7 dni roboczych<\/td>\r\n            <td>Obliczenia w czasie rzeczywistym w oparciu o logistyk\u0119<\/td>\r\n        <\/tr>\r\n        <tr>\r\n            <td>Niemcy<\/td>\r\n            <td>3-7 dni roboczych<\/td>\r\n            <td>Obliczenia w czasie rzeczywistym w oparciu o logistyk\u0119<\/td>\r\n        <\/tr>\r\n        <tr>\r\n            <td>W\u0142ochy<\/td>\r\n            <td>3-7 dni roboczych<\/td>\r\n            <td>Obliczenia w czasie rzeczywistym w oparciu o logistyk\u0119<\/td>\r\n        <\/tr>\r\n        <tr>\r\n            <td>Austria<\/td>\r\n            <td>3-7 dni roboczych<\/td>\r\n            <td>Obliczenia w czasie rzeczywistym w oparciu o logistyk\u0119<\/td>\r\n        <\/tr>\r\n        <tr>\r\n            <td>Belgia<\/td>\r\n            <td>3-7 dni roboczych<\/td>\r\n            <td>Obliczenia w czasie rzeczywistym w oparciu o logistyk\u0119<\/td>\r\n        <\/tr>\r\n        <tr>\r\n            <td>Bu\u0142garia<\/td>\r\n            <td>3-7 dni roboczych<\/td>\r\n            <td>Obliczenia w czasie rzeczywistym w oparciu o logistyk\u0119<\/td>\r\n        <\/tr>\r\n        <tr>\r\n            <td>Chorwacja<\/td>\r\n            <td>3-7 dni roboczych<\/td>\r\n            <td>Obliczenia w czasie rzeczywistym w oparciu o logistyk\u0119<\/td>\r\n        <\/tr>\r\n        <tr>\r\n            <td>Republika Czeska<\/td>\r\n            <td>3-7 dni roboczych<\/td>\r\n            <td>Obliczenia w czasie rzeczywistym w oparciu o logistyk\u0119<\/td>\r\n        <\/tr>\r\n        <tr>\r\n            <td>Dania<\/td>\r\n            <td>3-7 dni roboczych<\/td>\r\n            <td>Obliczenia w czasie rzeczywistym w oparciu o logistyk\u0119<\/td>\r\n        <\/tr>\r\n        <tr>\r\n            <td>Estonia<\/td>\r\n            <td>3-7 dni roboczych<\/td>\r\n            <td>Obliczenia w czasie rzeczywistym w oparciu o logistyk\u0119<\/td>\r\n        <\/tr>\r\n        <tr>\r\n            <td>Finlandia<\/td>\r\n            <td>3-7 dni roboczych<\/td>\r\n            <td>Obliczenia w czasie rzeczywistym w oparciu o logistyk\u0119<\/td>\r\n        <\/tr>\r\n        <tr>\r\n            <td>Grecja<\/td>\r\n            <td>3-7 dni roboczych<\/td>\r\n            <td>Obliczenia w czasie rzeczywistym w oparciu o logistyk\u0119<\/td>\r\n        <\/tr>\r\n        <tr>\r\n            <td>W\u0119gry<\/td>\r\n            <td>3-7 dni roboczych<\/td>\r\n            <td>Obliczenia w czasie rzeczywistym w oparciu o logistyk\u0119<\/td>\r\n        <\/tr>\r\n        <tr>\r\n            <td>Irlandia<\/td>\r\n            <td>3-7 dni roboczych<\/td>\r\n            <td>Obliczenia w czasie rzeczywistym w oparciu o logistyk\u0119<\/td>\r\n        <\/tr>\r\n        <tr>\r\n            <td>\u0141otwa<\/td>\r\n            <td>3-7 dni roboczych<\/td>\r\n            <td>Obliczenia w czasie rzeczywistym w oparciu o logistyk\u0119<\/td>\r\n        <\/tr>\r\n        <tr>\r\n            <td>Litwa<\/td>\r\n            <td>3-7 dni roboczych<\/td>\r\n            <td>Obliczenia w czasie rzeczywistym w oparciu o logistyk\u0119<\/td>\r\n        <\/tr>\r\n        <tr>\r\n            <td>Luksemburg<\/td>\r\n            <td>3-7 dni roboczych<\/td>\r\n            <td>Obliczenia w czasie rzeczywistym w oparciu o logistyk\u0119<\/td>\r\n        <\/tr>\r\n        <tr>\r\n            <td>Holandia<\/td>\r\n            <td>3-7 dni roboczych<\/td>\r\n            <td>Obliczenia w czasie rzeczywistym w oparciu o logistyk\u0119<\/td>\r\n        <\/tr>\r\n        <tr>\r\n            <td>Polska<\/td>\r\n            <td>3-7 dni roboczych<\/td>\r\n            <td>Obliczenia w czasie rzeczywistym w oparciu o logistyk\u0119<\/td>\r\n        <\/tr>\r\n        <tr>\r\n            <td>Portugalia<\/td>\r\n            <td>3-7 dni roboczych<\/td>\r\n            <td>Obliczenia w czasie rzeczywistym w oparciu o logistyk\u0119<\/td>\r\n        <\/tr>\r\n        <tr>\r\n            <td>Rumunia<\/td>\r\n            <td>3-7 dni roboczych<\/td>\r\n            <td>Obliczenia w czasie rzeczywistym w oparciu o logistyk\u0119<\/td>\r\n        <\/tr>\r\n        <tr>\r\n            <td>S\u0142owacja<\/td>\r\n            <td>3-7 dni roboczych<\/td>\r\n            <td>Obliczenia w czasie rzeczywistym w oparciu o logistyk\u0119<\/td>\r\n        <\/tr>\r\n        <tr>\r\n            <td>S\u0142owenia<\/td>\r\n            <td>3-7 dni roboczych<\/td>\r\n            <td>Obliczenia w czasie rzeczywistym w oparciu o logistyk\u0119<\/td>\r\n        <\/tr>\r\n        <tr>\r\n            <td>Hiszpania<\/td>\r\n            <td>3-7 dni roboczych<\/td>\r\n            <td>Obliczenia w czasie rzeczywistym w oparciu o logistyk\u0119<\/td>\r\n        <\/tr>\r\n        <tr>\r\n            <td>Szwecja<\/td>\r\n            <td>3-7 dni roboczych<\/td>\r\n            <td>Obliczenia w czasie rzeczywistym w oparciu o logistyk\u0119<\/td>\r\n        <\/tr>\r\n    <\/tbody>\r\n<\/table>\r\n\r\n<\/body>\r\n<\/html>\t\t\t\t<\/div>\n\t\t\t\t<\/div>\n\t\t\t\t<div class=\"elementor-element elementor-element-9bab332 elementor-widget elementor-widget-text-editor\" data-id=\"9bab332\" data-element_type=\"widget\" data-widget_type=\"text-editor.default\">\n\t\t\t\t<div class=\"elementor-widget-container\">\n\t\t\t\t\t\t\t\t\t<h6>*Czas dostawy = czas przetwarzania + czas wysy\u0142ki<\/h6><p>Szacowany czas wysy\u0142ki jest jedynie szacunkowym czasem wysy\u0142ki krajowej opartym na naszych do\u015bwiadczeniach i nie obejmuje czasu przetwarzania.<\/p><p>Czas przetwarzania: W przypadku produkt\u00f3w \"In Stock\" przygotowanie magazynu do wysy\u0142ki po z\u0142o\u017ceniu zam\u00f3wienia zajmuje zwykle 1-2 dni robocze. Aktualizacja informacji o \u015bledzeniu mo\u017ce zaj\u0105\u0107 wi\u0119cej czasu po utworzeniu numeru \u015bledzenia.<\/p><p>Czas dostawy: Ostateczny czas dostawy mo\u017ce si\u0119 r\u00f3\u017cni\u0107 i zale\u017cy od lokalnego przewo\u017anika. Po z\u0142o\u017ceniu zam\u00f3wienia nale\u017cy odczeka\u0107 2 dni na przetworzenie przed \u015bledzeniem przesy\u0142ki pod adresem: <strong><span style=\"text-decoration: underline; color: #ff6600;\">\u015aledzenie zam\u00f3wie\u0144<\/span><\/strong> i powiniene\u015b otrzyma\u0107 zam\u00f3wienie w ci\u0105gu oko\u0142o 3-7 dni roboczych.<\/p><h6>\u015aLEDZENIE ZAM\u00d3WIENIA:<\/h6><p>Gdy zam\u00f3wienie zostanie wys\u0142ane z naszego magazynu, wy\u015blemy wiadomo\u015b\u0107 e-mail na adres e-mail podany podczas sk\u0142adania zam\u00f3wienia, zawieraj\u0105c\u0105 informacje o \u015bledzeniu przesy\u0142ki.<\/p><p>Je\u015bli nie otrzymasz tej wiadomo\u015bci e-mail lub je\u015bli masz jakiekolwiek pytania dotycz\u0105ce wysy\u0142ki, skontaktuj si\u0119 z nami pod adresem <a href=\"mailto:support@fluencebike.com\"><span style=\"text-decoration: underline; color: #ff6600;\"><strong>support@fluencebike.com<\/strong><\/span><\/a>.<\/p><h6>DLA ZAM\u00d3WIONEGO W PRZEDSPRZEDA\u017bY ROWERU ELEKTRYCZNEGO:<\/h6><p>Od czasu do czasu oferujemy PRE-ORDER na stronie produktu. Prosimy o zapoznanie si\u0119 ze stron\u0105 produktu, aby uzyska\u0107 szczeg\u00f3\u0142owy czas wysy\u0142ki PRE-ORDER.<br \/>W razie jakichkolwiek pyta\u0144 lub w\u0105tpliwo\u015bci prosimy o kontakt z naszym dzia\u0142em obs\u0142ugi klienta pod adresem <a href=\"mailto:support@fluencebike.com\"><span style=\"text-decoration: underline; color: #ff6600;\"><strong>support@fluencebike.com<\/strong><\/span><\/a>.<br \/>Dzi\u0119kuj\u0119!<\/p>\t\t\t\t\t\t\t\t<\/div>\n\t\t\t\t<\/div>\n\t\t\t\t\t<\/div>\n\t\t\t\t<\/div>\n\t\t\t\t<\/div>","protected":false},"excerpt":{"rendered":"<p>If you have any concerns about your order, feel free to contact us at support@fluencebike.com. FLUENCE offers free local delivery free shipping on qualified orders. Remote areas and islands are not within the delivery range. SHIPPING &amp; DELIVERY: All orders will be shipped from the EU warehouse\uff08Except some accessories) depending on your location. We offer [&hellip;]<\/p>","protected":false},"author":1,"featured_media":0,"parent":0,"menu_order":0,"comment_status":"closed","ping_status":"closed","template":"","meta":{"footnotes":""},"class_list":["post-3868","page","type-page","status-publish","hentry"],"jetpack_sharing_enabled":true,"_links":{"self":[{"href":"https:\/\/fluencebike.com\/pl\/wp-json\/wp\/v2\/pages\/3868","targetHints":{"allow":["GET"]}}],"collection":[{"href":"https:\/\/fluencebike.com\/pl\/wp-json\/wp\/v2\/pages"}],"about":[{"href":"https:\/\/fluencebike.com\/pl\/wp-json\/wp\/v2\/types\/page"}],"author":[{"embeddable":true,"href":"https:\/\/fluencebike.com\/pl\/wp-json\/wp\/v2\/users\/1"}],"replies":[{"embeddable":true,"href":"https:\/\/fluencebike.com\/pl\/wp-json\/wp\/v2\/comments?post=3868"}],"version-history":[{"count":0,"href":"https:\/\/fluencebike.com\/pl\/wp-json\/wp\/v2\/pages\/3868\/revisions"}],"wp:attachment":[{"href":"https:\/\/fluencebike.com\/pl\/wp-json\/wp\/v2\/media?parent=3868"}],"curies":[{"name":"wp","href":"https:\/\/api.w.org\/{rel}","templated":true}]}}