{"id":206,"date":"2024-06-10T08:18:09","date_gmt":"2024-06-10T08:18:09","guid":{"rendered":"https:\/\/raw.githubusercontent.com\/drfuri\/demo-content\/main\/ecomus\/fashion\/images\/?page_id=206"},"modified":"2025-06-27T03:04:48","modified_gmt":"2025-06-27T03:04:48","slug":"contact-us","status":"publish","type":"page","link":"https:\/\/fluencebike.com\/pl\/contact-us\/","title":{"rendered":"Kontakt"},"content":{"rendered":"<div data-elementor-type=\"wp-page\" data-elementor-id=\"206\" class=\"elementor elementor-206\" data-elementor-post-type=\"page\">\n\t\t\t\t<div class=\"elementor-element elementor-element-dca1f03 e-con-full e-flex ecomus-responsive-column ecomus-tablet-column--default ecomus-responsive-column ecomus-mobile-column--default e-con e-parent\" data-id=\"dca1f03\" data-element_type=\"container\">\n\t\t\t\t<div class=\"elementor-element elementor-element-54fc3aa ecomus-banner__text_align--center ecomus-banner__align--bottom ecomus-banner__text_align--left elementor-widget elementor-widget-ecomus-banner\" data-id=\"54fc3aa\" data-element_type=\"widget\" data-widget_type=\"ecomus-banner.default\">\n\t\t\t\t<div class=\"elementor-widget-container\">\n\t\t\t\t\t\n\t\t<div class=\"ecomus-banner em-relative em-flex em-eff-img-zoom\">\n\t\t\t\t\t\t<div class=\"ecomus-banner__image em-ratio\">\n\t\t\t\t\t\t\t\t\t<span class=\"em-responsive-image em-responsive-image__desktop hidden-mobile\"><img fetchpriority=\"high\" decoding=\"async\" width=\"1920\" height=\"832\" src=\"https:\/\/fluencebike.com\/wp-content\/uploads\/2024\/06\/2-3.webp\" class=\"attachment-full size-full wp-image-8728\" alt=\"\" srcset=\"https:\/\/fluencebike.com\/wp-content\/uploads\/2024\/06\/2-3.webp 1920w, https:\/\/fluencebike.com\/wp-content\/uploads\/2024\/06\/2-3-300x130.webp 300w, https:\/\/fluencebike.com\/wp-content\/uploads\/2024\/06\/2-3-1024x444.webp 1024w, https:\/\/fluencebike.com\/wp-content\/uploads\/2024\/06\/2-3-150x65.webp 150w, https:\/\/fluencebike.com\/wp-content\/uploads\/2024\/06\/2-3-768x333.webp 768w, https:\/\/fluencebike.com\/wp-content\/uploads\/2024\/06\/2-3-1536x666.webp 1536w, https:\/\/fluencebike.com\/wp-content\/uploads\/2024\/06\/2-3-700x303.webp 700w, https:\/\/fluencebike.com\/wp-content\/uploads\/2024\/06\/2-3-130x56.webp 130w\" sizes=\"(max-width: 1920px) 100vw, 1920px\" \/><\/span><span class=\"em-responsive-image em-responsive-image__mobile hidden-desktop hidden-tablet\"><img decoding=\"async\" width=\"1000\" height=\"1000\" src=\"https:\/\/fluencebike.com\/wp-content\/uploads\/2025\/05\/7.jpg\" class=\"attachment-full size-full wp-image-8113\" alt=\"\" srcset=\"https:\/\/fluencebike.com\/wp-content\/uploads\/2025\/05\/7.jpg 1000w, https:\/\/fluencebike.com\/wp-content\/uploads\/2025\/05\/7-300x300.jpg 300w, https:\/\/fluencebike.com\/wp-content\/uploads\/2025\/05\/7-150x150.jpg 150w, https:\/\/fluencebike.com\/wp-content\/uploads\/2025\/05\/7-768x768.jpg 768w, https:\/\/fluencebike.com\/wp-content\/uploads\/2025\/05\/7-500x500.jpg 500w, https:\/\/fluencebike.com\/wp-content\/uploads\/2025\/05\/7-700x700.jpg 700w, https:\/\/fluencebike.com\/wp-content\/uploads\/2025\/05\/7-130x130.jpg 130w\" sizes=\"(max-width: 1000px) 100vw, 1000px\" \/><\/span>\t\t\t\t\t\t\t<\/div>\n            <div class=\"ecomus-banner__summary em-absolute\">\n\t\t\t\t<div class=\"ecomus-banner-content\">\n\t\t\t\t\t\t\t\t\t\t\t<h1 class=\"ecomus-banner__title\">Wsparcie FLUENCE<\/h1>\n\t\t\t\t\t\t\t\t\t\t\t\t\t\t\t\t\t\t\t<\/div>\n                            <\/div>\n        <\/div>\n        \t\t\t\t<\/div>\n\t\t\t\t<\/div>\n\t\t\t\t<\/div>\n\t\t<div class=\"elementor-element elementor-element-d766955 e-flex e-con-boxed ecomus-responsive-column ecomus-tablet-column--default ecomus-responsive-column ecomus-mobile-column--default e-con e-parent\" data-id=\"d766955\" data-element_type=\"container\">\n\t\t\t\t\t<div class=\"e-con-inner\">\n\t\t\t\t<div class=\"elementor-element elementor-element-62b0dfe elementor-widget elementor-widget-heading\" data-id=\"62b0dfe\" data-element_type=\"widget\" data-widget_type=\"heading.default\">\n\t\t\t\t<div class=\"elementor-widget-container\">\n\t\t\t\t\t<h2 class=\"elementor-heading-title elementor-size-default\">Wci\u0105\u017c masz pytania? Pozw\u00f3l nam pom\u00f3c!<\/h2>\t\t\t\t<\/div>\n\t\t\t\t<\/div>\n\t\t\t\t<div class=\"elementor-element elementor-element-0065f21 elementor-widget elementor-widget-text-editor\" data-id=\"0065f21\" data-element_type=\"widget\" data-widget_type=\"text-editor.default\">\n\t\t\t\t<div class=\"elementor-widget-container\">\n\t\t\t\t\t\t\t\t\t<p><strong>Dla lepszej i szybszej obs\u0142ugi<\/strong>, Prosimy o wpisanie tematu wiadomo\u015bci e-mail w nast\u0119puj\u0105cy spos\u00f3b:<br \/><strong>ID zam\u00f3wienia + Kraj (kraj UE) + Rodzaj problemu (informacje o wysy\u0142ce, problem z jako\u015bci\u0105, inne problemy)<\/strong>.<br \/>Na przyk\u0142ad, je\u015bli pochodzisz z W\u0142och i chcesz pozna\u0107 informacje o wysy\u0142ce, wybierz opcj\u0119<br \/>Temat wiadomo\u015bci e-mail powinien brzmie\u0107:ExxxxxxxxxxxxCN, W\u0142ochy, informacje o wysy\u0142ce.<\/p><p><strong>Uwaga\uff1a<\/strong>Zalecamy skontaktowanie si\u0119 z nami bezpo\u015brednio za po\u015brednictwem naszego e-maila serwisowego z niezb\u0119dnymi informacjami.<br \/>zdj\u0119cia lub filmy.<br \/>E-mail: <span style=\"text-decoration: underline; color: #ff6600;\"><strong>support@fluencebike.com<\/strong><\/span><\/p>\t\t\t\t\t\t\t\t<\/div>\n\t\t\t\t<\/div>\n\t\t\t\t\t<\/div>\n\t\t\t\t<\/div>\n\t\t<div class=\"elementor-element elementor-element-0362938 e-con-full e-flex ecomus-responsive-column ecomus-tablet-column--default ecomus-responsive-column ecomus-mobile-column--default e-con e-parent\" data-id=\"0362938\" data-element_type=\"container\">\n\t\t<div class=\"elementor-element elementor-element-5e36d2bb e-con-full e-flex ecomus-responsive-column ecomus-tablet-column--default ecomus-responsive-column ecomus-mobile-column--default e-con e-child\" data-id=\"5e36d2bb\" data-element_type=\"container\">\n\t\t\t\t<div class=\"elementor-element elementor-element-5557f743 elementor-widget elementor-widget-heading\" data-id=\"5557f743\" data-element_type=\"widget\" data-widget_type=\"heading.default\">\n\t\t\t\t<div class=\"elementor-widget-container\">\n\t\t\t\t\t<h5 class=\"elementor-heading-title elementor-size-default\">Masz pytania?<\/h5>\t\t\t\t<\/div>\n\t\t\t\t<\/div>\n\t\t\t\t<div class=\"elementor-element elementor-element-3fdbfb2f elementor-widget elementor-widget-heading\" data-id=\"3fdbfb2f\" data-element_type=\"widget\" data-widget_type=\"heading.default\">\n\t\t\t\t<div class=\"elementor-widget-container\">\n\t\t\t\t\t<h6 class=\"elementor-heading-title elementor-size-default\">Ch\u0119tnie pomo\u017cemy!\nZadzwo\u0144 do nas \uff1a<\/h6>\t\t\t\t<\/div>\n\t\t\t\t<\/div>\n\t\t\t\t<div class=\"elementor-element elementor-element-47226558 elementor-widget elementor-widget-ecomus-contact-form\" data-id=\"47226558\" data-element_type=\"widget\" data-widget_type=\"ecomus-contact-form.default\">\n\t\t\t\t<div class=\"elementor-widget-container\">\n\t\t\t\t\t\t\t<div class=\"ecomus-contact-form ecomus-custom-button--skin\">\n\t\t\t\n<div class=\"wpcf7 no-js\" id=\"wpcf7-f6597-o1\" lang=\"zh-CN\" dir=\"ltr\" data-wpcf7-id=\"6597\">\n<div class=\"screen-reader-response\"><p role=\"status\" aria-live=\"polite\" aria-atomic=\"true\"><\/p> <ul><\/ul><\/div>\n<form action=\"\/pl\/wp-json\/wp\/v2\/pages\/206#wpcf7-f6597-o1\" method=\"post\" class=\"wpcf7-form init\" aria-label=\"\u7559\u8a00\u8868\u5355\" novalidate=\"novalidate\" data-status=\"init\" data-trp-original-action=\"\/pl\/wp-json\/wp\/v2\/pages\/206#wpcf7-f6597-o1\">\n<fieldset class=\"hidden-fields-container\"><input type=\"hidden\" name=\"_wpcf7\" value=\"6597\" \/><input type=\"hidden\" name=\"_wpcf7_version\" value=\"6.1.4\" \/><input type=\"hidden\" name=\"_wpcf7_locale\" value=\"zh_CN\" \/><input type=\"hidden\" name=\"_wpcf7_unit_tag\" value=\"wpcf7-f6597-o1\" \/><input type=\"hidden\" name=\"_wpcf7_container_post\" value=\"0\" \/><input type=\"hidden\" name=\"_wpcf7_posted_data_hash\" value=\"\" \/><input type=\"hidden\" name=\"_wpcf7_recaptcha_response\" value=\"\" \/>\n<\/fieldset>\n<style>\n \/* \u8ba9 Name + Email\uff0cPhone + Country \u5728\u540c\u4e00\u884c\uff08\u9ed8\u8ba4\uff1a\u684c\u9762\u7aef\uff09 *\/\n .form-row {\n display: flex !important;\n flex-wrap: nowrap !important; \/* \u9632\u6b62\u81ea\u52a8\u6362\u884c *\/\n gap: 20px;\n justify-content: space-between;\n }\n\n \/* \u63a7\u5236\u6bcf\u4e2a\u8f93\u5165\u6846\u7684\u5bbd\u5ea6 *\/\n .form-group {\n width: 50%;\n min-width: 250px;\n }\n\n \/* \u8f93\u5165\u6846\u901a\u7528\u6837\u5f0f *\/\n .form-group input,\n .form-group select,\n .form-group textarea {\n width: 100% !important;\n padding: 10px;\n border: 1px solid #ccc;\n border-radius: 5px;\n box-sizing: border-box;\n }\n\n \/* \u54cd\u5e94\u5f0f\uff1a\u79fb\u52a8\u7aef\u5355\u5217\u663e\u793a *\/\n @media (max-width: 768px) {\n .form-row {\n flex-direction: column !important; \/* \u5782\u76f4\u5806\u53e0 *\/\n }\n\n .form-group {\n width: 100% !important;\n }\n }\n<\/style>\n\n<!-- \u8868\u5355\u7ed3\u6784 -->\n<div class=\"form-row\">\n\t<div class=\"form-group\">\n\t\t<p><label>Imi\u0119 i nazwisko<\/label><br \/>\n<span class=\"wpcf7-form-control-wrap\" data-name=\"your-name\"><input size=\"40\" maxlength=\"400\" class=\"wpcf7-form-control wpcf7-text wpcf7-validates-as-required\" autocomplete=\"name\" aria-required=\"true\" aria-invalid=\"false\" placeholder=\"Imi\u0119 i nazwisko *\" value=\"\" type=\"text\" name=\"your-name\" \/><\/span>\n\t\t<\/p>\n\t<\/div>\n\t<div class=\"form-group\">\n\t\t<p><label>Tw\u00f3j adres e-mail<\/label><br \/>\n<span class=\"wpcf7-form-control-wrap\" data-name=\"your-email\"><input size=\"40\" maxlength=\"400\" class=\"wpcf7-form-control wpcf7-email wpcf7-validates-as-required wpcf7-text wpcf7-validates-as-email\" autocomplete=\"email\" aria-required=\"true\" aria-invalid=\"false\" placeholder=\"Tw\u00f3j adres e-mail *\" value=\"\" type=\"email\" name=\"your-email\" \/><\/span>\n\t\t<\/p>\n\t<\/div>\n<\/div>\n<div class=\"form-row\">\n\t<div class=\"form-group\">\n\t\t<p><label>Telefon<\/label><br \/>\n<span class=\"wpcf7-form-control-wrap\" data-name=\"your-phone\"><input size=\"40\" maxlength=\"400\" class=\"wpcf7-form-control wpcf7-tel wpcf7-validates-as-required wpcf7-text wpcf7-validates-as-tel\" autocomplete=\"tel\" aria-required=\"true\" aria-invalid=\"false\" placeholder=\"Telefon *\" value=\"\" type=\"tel\" name=\"your-phone\" \/><\/span>\n\t\t<\/p>\n\t<\/div>\n\t<div class=\"form-group\">\n\t\t<p><label>Tw\u00f3j kraj<\/label><br \/>\n<span class=\"wpcf7-form-control-wrap\" data-name=\"your-country\"><select class=\"wpcf7-form-control wpcf7-select\" aria-invalid=\"false\" name=\"your-country\"><option value=\"\">-\u8bf7\u9009\u62e9-<\/option><option value=\"United States\">Stany Zjednoczone<\/option><option value=\"United Kingdom\">Wielka Brytania<\/option><option value=\"Canada\">Kanada<\/option><option value=\"Australia\">Australia<\/option><option value=\"Germany\">Niemcy<\/option><option value=\"France\">Francja<\/option><option value=\"China\">Chiny<\/option><option value=\"Italy\">W\u0142ochy<\/option><option value=\"Spain\">Hiszpania<\/option><option value=\"Belgium\">Belgia<\/option><option value=\"Japan\">Japonia<\/option><option value=\"India\">Indie<\/option><option value=\"Other\">Inne<\/option><\/select><\/span>\n\t\t<\/p>\n\t<\/div>\n<\/div>\n<div class=\"form-group\">\n\t<p><label>Przedmiot<\/label><br \/>\n<span class=\"wpcf7-form-control-wrap\" data-name=\"your-subject\"><input size=\"40\" maxlength=\"400\" class=\"wpcf7-form-control wpcf7-text wpcf7-validates-as-required\" aria-required=\"true\" aria-invalid=\"false\" placeholder=\"Przedmiot\" value=\"\" type=\"text\" name=\"your-subject\" \/><\/span>\n\t<\/p>\n<\/div>\n<div class=\"form-group\">\n\t<p><label>Twoja wiadomo\u015b\u0107<\/label><br \/>\n<span class=\"wpcf7-form-control-wrap\" data-name=\"your-message\"><textarea cols=\"40\" rows=\"10\" maxlength=\"2000\" class=\"wpcf7-form-control wpcf7-textarea\" aria-invalid=\"false\" placeholder=\"Twoja wiadomo\u015b\u0107\" name=\"your-message\"><\/textarea><\/span>\n\t<\/p>\n<\/div>\n<p><input class=\"wpcf7-form-control wpcf7-submit has-spinner\" type=\"submit\" value=\"Wy\u015blij\" \/>\n<\/p><p style=\"display: none !important;\" class=\"akismet-fields-container\" data-prefix=\"_wpcf7_ak_\"><label>&#916;<textarea name=\"_wpcf7_ak_hp_textarea\" cols=\"45\" rows=\"8\" maxlength=\"100\"><\/textarea><\/label><input type=\"hidden\" id=\"ak_js_1\" name=\"_wpcf7_ak_js\" value=\"229\"\/><script>document.getElementById( \"ak_js_1\" ).setAttribute( \"value\", ( new Date() ).getTime() );<\/script><\/p><div class=\"wpcf7-response-output\" aria-hidden=\"true\"><\/div>\n<input type=\"hidden\" name=\"trp-form-language\" value=\"pl\"\/><\/form>\n<\/div>\n\t\t<\/div>\n\t\t\t\t\t\t<\/div>\n\t\t\t\t<\/div>\n\t\t\t\t<\/div>\n\t\t\t\t<\/div>\n\t\t<div class=\"elementor-element elementor-element-8fc45ba e-flex e-con-boxed ecomus-responsive-column ecomus-tablet-column--default ecomus-responsive-column ecomus-mobile-column--default e-con e-parent\" data-id=\"8fc45ba\" data-element_type=\"container\">\n\t\t\t\t\t<div class=\"e-con-inner\">\n\t\t\t\t<div class=\"elementor-element elementor-element-4981fd91 elementor-widget elementor-widget-text-editor\" data-id=\"4981fd91\" data-element_type=\"widget\" data-widget_type=\"text-editor.default\">\n\t\t\t\t<div class=\"elementor-widget-container\">\n\t\t\t\t\t\t\t\t\t<p>Uwaga: W przypadku jakichkolwiek pyta\u0144 lub w\u0105tpliwo\u015bci prosimy o kontakt pod adresem support@fluencebike.com. Czekamy na wiadomo\u015b\u0107 od Ciebie.<\/p><p>Zadzwo\u0144:<br \/>(+852) 59537193 (angielski) (od 9:00 do 18:00 (GMT+1), od poniedzia\u0142ku do pi\u0105tku)<\/p>\t\t\t\t\t\t\t\t<\/div>\n\t\t\t\t<\/div>\n\t\t\t\t\t<\/div>\n\t\t\t\t<\/div>\n\t\t\t\t<\/div>","protected":false},"excerpt":{"rendered":"<p>FLUENCE Support Still have questions? Let us help! For better and faster service, Please write the subject of the email like this:Order ID+ Country(EU country) +Problem type (shipping information, quality problem, other problems).For example, if you are from Italy, and you want to know the shipping information, thesubject of the email should be:ExxxxxxxxxxCN, Italy, shipping [&hellip;]<\/p>","protected":false},"author":1,"featured_media":0,"parent":0,"menu_order":0,"comment_status":"closed","ping_status":"closed","template":"","meta":{"footnotes":""},"class_list":["post-206","page","type-page","status-publish","hentry"],"jetpack_sharing_enabled":true,"_links":{"self":[{"href":"https:\/\/fluencebike.com\/pl\/wp-json\/wp\/v2\/pages\/206","targetHints":{"allow":["GET"]}}],"collection":[{"href":"https:\/\/fluencebike.com\/pl\/wp-json\/wp\/v2\/pages"}],"about":[{"href":"https:\/\/fluencebike.com\/pl\/wp-json\/wp\/v2\/types\/page"}],"author":[{"embeddable":true,"href":"https:\/\/fluencebike.com\/pl\/wp-json\/wp\/v2\/users\/1"}],"replies":[{"embeddable":true,"href":"https:\/\/fluencebike.com\/pl\/wp-json\/wp\/v2\/comments?post=206"}],"version-history":[{"count":0,"href":"https:\/\/fluencebike.com\/pl\/wp-json\/wp\/v2\/pages\/206\/revisions"}],"wp:attachment":[{"href":"https:\/\/fluencebike.com\/pl\/wp-json\/wp\/v2\/media?parent=206"}],"curies":[{"name":"wp","href":"https:\/\/api.w.org\/{rel}","templated":true}]}}