{"id":185,"date":"2024-06-10T08:15:29","date_gmt":"2024-06-10T08:15:29","guid":{"rendered":"https:\/\/raw.githubusercontent.com\/drfuri\/demo-content\/main\/ecomus\/fashion\/images\/?page_id=185"},"modified":"2025-05-21T04:00:58","modified_gmt":"2025-05-21T04:00:58","slug":"privacy-policy","status":"publish","type":"page","link":"https:\/\/fluencebike.com\/pl\/privacy-policy\/","title":{"rendered":"Polityka prywatno\u015bci"},"content":{"rendered":"<div data-elementor-type=\"wp-page\" data-elementor-id=\"185\" class=\"elementor elementor-185\" data-elementor-post-type=\"page\">\n\t\t\t\t<div class=\"elementor-element elementor-element-f0c432e e-flex e-con-boxed ecomus-responsive-column ecomus-tablet-column--default ecomus-responsive-column ecomus-mobile-column--default e-con e-parent\" data-id=\"f0c432e\" data-element_type=\"container\">\n\t\t\t\t\t<div class=\"e-con-inner\">\n\t\t<div class=\"elementor-element elementor-element-6373f55 e-con-full e-flex ecomus-responsive-column ecomus-tablet-column--default ecomus-responsive-column ecomus-mobile-column--default e-con e-child\" data-id=\"6373f55\" data-element_type=\"container\">\n\t\t\t\t<\/div>\n\t\t<div class=\"elementor-element elementor-element-20b2d96 e-con-full e-flex ecomus-responsive-column ecomus-tablet-column--default ecomus-responsive-column ecomus-mobile-column--default e-con e-child\" data-id=\"20b2d96\" data-element_type=\"container\">\n\t\t\t\t<div class=\"elementor-element elementor-element-22906db elementor-widget elementor-widget-text-editor\" data-id=\"22906db\" data-element_type=\"widget\" data-widget_type=\"text-editor.default\">\n\t\t\t\t<div class=\"elementor-widget-container\">\n\t\t\t\t\t\t\t\t\t<p><strong>Data wej\u015bcia w \u017cycie: [2025\/01\/10].<\/strong><\/p><p>Niniejsza Polityka prywatno\u015bci wyja\u015bnia, w jaki spos\u00f3b FLUENCE (\"my\", \"nas\" lub \"nasz\") przetwarza informacje i dane osobowe u\u017cytkownika. Dotyczy ona wszystkich produkt\u00f3w, us\u0142ug i stron internetowych oferowanych przez FLUENCE i jej podmioty stowarzyszone, zwanych \u0142\u0105cznie \"us\u0142ugami\". Korzystaj\u0105c z naszych us\u0142ug, u\u017cytkownik wyra\u017ca zgod\u0119 na niniejsz\u0105 polityk\u0119.<\/p><h6><strong>1. Co robimy z danymi u\u017cytkownika?<\/strong><\/h6><p>Gdy dokonujesz zakupu w naszym sklepie, gromadzimy podane przez Ciebie dane osobowe, takie jak imi\u0119 i nazwisko, adres, adres e-mail i szczeg\u00f3\u0142y p\u0142atno\u015bci, w ramach procesu kupna i sprzeda\u017cy.<\/p><p>Realizacja zam\u00f3wienia: Informacje te pozwalaj\u0105 nam przetwarza\u0107 zam\u00f3wienia, weryfikowa\u0107 p\u0142atno\u015bci i dostarcza\u0107 produkty.<br \/>Weryfikacja to\u017csamo\u015bci: W celu ochrony przed oszustwami korzystamy z bezpiecznej platformy kontroli oszustw innej firmy.<br \/>Informacje o przegl\u0105daniu: Podczas przegl\u0105dania naszego sklepu mo\u017cemy gromadzi\u0107 adres protoko\u0142u internetowego (IP) komputera, aby lepiej zrozumie\u0107 przegl\u0105dark\u0119 i system operacyjny u\u017cytkownika.<br \/>Marketing: Za zgod\u0105 u\u017cytkownika mo\u017cemy wysy\u0142a\u0107 mu wiadomo\u015bci e-mail dotycz\u0105ce naszego sklepu, nowych produkt\u00f3w, promocji i aktualizacji.<\/p><h6><strong>2. Zgoda<\/strong><\/h6><p>a. W jaki spos\u00f3b uzyskujemy zgod\u0119 u\u017cytkownika?<br \/>Podaj\u0105c dane osobowe w celu sfinalizowania transakcji, weryfikacji p\u0142atno\u015bci, z\u0142o\u017cenia zam\u00f3wienia lub zorganizowania zwrotu, u\u017cytkownik wyra\u017ca zgod\u0119 na ich gromadzenie i wykorzystywanie do tych cel\u00f3w.<\/p><p>W przypadku cel\u00f3w drugorz\u0119dnych, takich jak marketing, poprosimy u\u017cytkownika o wyra\u017an\u0105 zgod\u0119 lub udost\u0119pnimy opcj\u0119 rezygnacji.<\/p><p>b. Jak wycofa\u0107 swoj\u0105 zgod\u0119?<br \/>Je\u015bli u\u017cytkownik zmieni zdanie po wyra\u017ceniu zgody, mo\u017ce wycofa\u0107 swoj\u0105 zgod\u0119 na kontaktowanie si\u0119 z nim lub gromadzenie i wykorzystywanie jego informacji. W tym celu nale\u017cy skontaktowa\u0107 si\u0119 z nami pod adresem [Insert Contact Email].<\/p><h6><strong>3. Ujawnienie<\/strong><\/h6><p>Mo\u017cemy ujawni\u0107 dane osobowe u\u017cytkownika:<\/p><p>Je\u015bli jest to wymagane przez prawo.<br \/>W przypadku naruszenia Warunk\u00f3w \u015bwiadczenia us\u0142ug.<\/p><h6><strong>4. Platforma p\u0142atno\u015bci<\/strong><\/h6><p>Nasz sklep korzysta z zewn\u0119trznej platformy p\u0142atniczej w celu bezpiecznego i wydajnego przetwarzania transakcji.<\/p><p>a. Przechowywanie danych<br \/>Dane u\u017cytkownika s\u0105 bezpiecznie przechowywane w systemach przechowywania danych platformy p\u0142atniczej. Platforma wykorzystuje standardowe w bran\u017cy metody szyfrowania w celu ochrony informacji u\u017cytkownika.<\/p><p>b. Informacje dotycz\u0105ce p\u0142atno\u015bci<br \/>Je\u015bli u\u017cytkownik korzysta z Platformy p\u0142atniczej w celu sfinalizowania zakupu, dane jego karty kredytowej s\u0105 szyfrowane zgodnie ze standardem bezpiecze\u0144stwa danych bran\u017cy kart p\u0142atniczych (PCI-DSS).<br \/>Dane transakcji s\u0105 przechowywane tylko tak d\u0142ugo, jak jest to konieczne do sfinalizowania zakupu. Po sfinalizowaniu transakcji informacje s\u0105 bezpiecznie usuwane.<\/p><p>Wi\u0119cej informacji mo\u017cna znale\u017a\u0107 w Polityce prywatno\u015bci platformy p\u0142atniczej.<\/p><h6><strong>5. Us\u0142ugi stron trzecich<\/strong><\/h6><p>Mo\u017cemy korzysta\u0107 z us\u0142ug zewn\u0119trznych dostawc\u00f3w w celu wykonywania okre\u015blonych funkcji (np. przetwarzania p\u0142atno\u015bci lub dostawy). Dostawcy ci gromadz\u0105, wykorzystuj\u0105 i ujawniaj\u0105 dane u\u017cytkownika wy\u0142\u0105cznie w zakresie niezb\u0119dnym do \u015bwiadczenia swoich us\u0142ug.<\/p><p>a. Polityka prywatno\u015bci os\u00f3b trzecich<br \/>Zalecamy zapoznanie si\u0119 z polityk\u0105 prywatno\u015bci tych dostawc\u00f3w, aby zrozumie\u0107, w jaki spos\u00f3b przetwarzane s\u0105 dane u\u017cytkownika.<\/p><p>b. Przepisy jurysdykcyjne<br \/>Je\u015bli dostawca znajduje si\u0119 w innej jurysdykcji, informacje u\u017cytkownika mog\u0105 podlega\u0107 prawu tej jurysdykcji. Na przyk\u0142ad transakcje przetwarzane w Stanach Zjednoczonych mog\u0105 podlega\u0107 przepisom prawa Stan\u00f3w Zjednoczonych, takim jak Patriot Act.<\/p><p>Po opuszczeniu naszej witryny lub przekierowaniu do aplikacji innej firmy niniejsza Polityka prywatno\u015bci przestaje obowi\u0105zywa\u0107.<\/p><h6><strong>6. Bezpiecze\u0144stwo<\/strong><\/h6><p>Wdra\u017camy standardowe praktyki bran\u017cowe w celu ochrony danych osobowych u\u017cytkownik\u00f3w.<\/p><p>Szyfrowanie: U\u017cywamy technologii Secure Socket Layer (SSL) do szyfrowania poufnych danych.<br \/>Bezpiecze\u0144stwo przechowywania: Informacje u\u017cytkownika s\u0105 bezpiecznie przechowywane przy u\u017cyciu szyfrowania AES-256.<br \/>Chocia\u017c \u017cadna metoda transmisji przez Internet nie jest 100% bezpieczna, przestrzegamy wszystkich wymaga\u0144 PCI-DSS i stosujemy dodatkowe najlepsze praktyki.<\/p><h6><strong>7. Pliki cookie<\/strong><\/h6><p>U\u017cywamy plik\u00f3w cookie, aby poprawi\u0107 komfort korzystania z naszej witryny. Niekt\u00f3re u\u017cywane przez nas pliki cookie obejmuj\u0105:<\/p><p>_session_id: \u015aledzi sesj\u0119 u\u017cytkownika (odsy\u0142acz, strona docelowa itp.).<br \/>koszyk: Przechowuje elementy w koszyku.<br \/>_secure_session_id: Utrzymuje bezpieczne sesje.<br \/>Preferencjami dotycz\u0105cymi plik\u00f3w cookie mo\u017cna zarz\u0105dza\u0107 w ustawieniach przegl\u0105darki.<\/p><h6><strong>8. Wiek przyzwolenia<\/strong><\/h6><p>Korzystaj\u0105c z tej witryny, u\u017cytkownik potwierdza, \u017ce jest co najmniej pe\u0142noletni w swojej jurysdykcji lub wyrazi\u0142 zgod\u0119 na korzystanie z tej witryny przez osoby niepe\u0142noletnie pozostaj\u0105ce na jego utrzymaniu.<\/p><h6><strong>9. Zmiany niniejszej Polityki prywatno\u015bci<\/strong><\/h6><p>Zastrzegamy sobie prawo do aktualizacji niniejszej Polityki prywatno\u015bci w dowolnym momencie. Wszelkie zmiany b\u0119d\u0105 publikowane na tej stronie wraz ze zaktualizowan\u0105 \"Dat\u0105 wej\u015bcia w \u017cycie\". Istotne aktualizacje b\u0119d\u0105 przekazywane za po\u015brednictwem wiadomo\u015bci e-mail lub powiadomienia na naszej stronie internetowej.<\/p><h6><strong>10. Jak wykorzystujemy gromadzone przez nas informacje?<\/strong><\/h6><p>Wykorzystujemy zebrane informacje do:<\/p><p>Personalizowanie do\u015bwiadcze\u0144 u\u017cytkownika oraz dostarczanie mu tre\u015bci i produkt\u00f3w, kt\u00f3rymi mo\u017ce by\u0107 zainteresowany.<br \/>Usprawnienie obs\u0142ugi klienta i odpowiadanie na zapytania.<br \/>Przetwarzaj transakcje szybko i wydajnie.<br \/>Wysy\u0142anie marketingowych wiadomo\u015bci e-mail (je\u015bli u\u017cytkownik wyrazi\u0142 na to zgod\u0119).<\/p><h6><strong>11. Jak mo\u017cna zrezygnowa\u0107 lub zmodyfikowa\u0107 informacje?<\/strong><\/h6><p>Aby zrezygnowa\u0107 z subskrypcji marketingowych wiadomo\u015bci e-mail, kliknij \u0142\u0105cze \"anuluj subskrypcj\u0119\" w naszych wiadomo\u015bciach e-mail lub zaktualizuj swoje preferencje na koncie. Aby usun\u0105\u0107 informacje o koncie, zaloguj si\u0119 na swoje konto i usu\u0144 swoje dane.<\/p><h6><strong>12. Kontakt<\/strong><\/h6><p>W przypadku pyta\u0144 dotycz\u0105cych niniejszej Polityki prywatno\u015bci prosimy o kontakt pod adresem:<\/p><p>E-mail: support@fluencebike.com<br \/>Dzi\u0119kujemy za zaufanie FLUENCE!<\/p>\t\t\t\t\t\t\t\t<\/div>\n\t\t\t\t<\/div>\n\t\t\t\t<\/div>\n\t\t<div class=\"elementor-element elementor-element-20dc6ac e-con-full e-flex ecomus-responsive-column ecomus-tablet-column--default ecomus-responsive-column ecomus-mobile-column--default e-con e-child\" data-id=\"20dc6ac\" data-element_type=\"container\">\n\t\t\t\t<\/div>\n\t\t\t\t\t<\/div>\n\t\t\t\t<\/div>\n\t\t\t\t<\/div>","protected":false},"excerpt":{"rendered":"<p>Effective Date: [2025\/01\/10] This Privacy Policy explains how FLUENCE (\u201cwe,\u201d \u201cus,\u201d or \u201cour\u201d) handles your personal information and data. It applies to all products, services, and websites offered by FLUENCE and its affiliates, collectively referred to as the \u201cservices.\u201d By using our services, you agree to this policy. 1. What Do We Do With Your [&hellip;]<\/p>","protected":false},"author":1,"featured_media":0,"parent":0,"menu_order":0,"comment_status":"closed","ping_status":"closed","template":"","meta":{"footnotes":""},"class_list":["post-185","page","type-page","status-publish","hentry"],"jetpack_sharing_enabled":true,"_links":{"self":[{"href":"https:\/\/fluencebike.com\/pl\/wp-json\/wp\/v2\/pages\/185","targetHints":{"allow":["GET"]}}],"collection":[{"href":"https:\/\/fluencebike.com\/pl\/wp-json\/wp\/v2\/pages"}],"about":[{"href":"https:\/\/fluencebike.com\/pl\/wp-json\/wp\/v2\/types\/page"}],"author":[{"embeddable":true,"href":"https:\/\/fluencebike.com\/pl\/wp-json\/wp\/v2\/users\/1"}],"replies":[{"embeddable":true,"href":"https:\/\/fluencebike.com\/pl\/wp-json\/wp\/v2\/comments?post=185"}],"version-history":[{"count":0,"href":"https:\/\/fluencebike.com\/pl\/wp-json\/wp\/v2\/pages\/185\/revisions"}],"wp:attachment":[{"href":"https:\/\/fluencebike.com\/pl\/wp-json\/wp\/v2\/media?parent=185"}],"curies":[{"name":"wp","href":"https:\/\/api.w.org\/{rel}","templated":true}]}}