{"id":191,"date":"2024-06-10T08:16:00","date_gmt":"2024-06-10T08:16:00","guid":{"rendered":"https:\/\/raw.githubusercontent.com\/drfuri\/demo-content\/main\/ecomus\/fashion\/images\/?page_id=191"},"modified":"2025-11-17T07:21:05","modified_gmt":"2025-11-17T07:21:05","slug":"terms-conditions","status":"publish","type":"page","link":"https:\/\/fluencebike.com\/it\/terms-conditions\/","title":{"rendered":"Termini e condizioni"},"content":{"rendered":"<div data-elementor-type=\"wp-page\" data-elementor-id=\"191\" class=\"elementor elementor-191\" data-elementor-post-type=\"page\">\n\t\t\t\t<div class=\"elementor-element elementor-element-7046a722 e-flex e-con-boxed ecomus-responsive-column ecomus-tablet-column--default ecomus-responsive-column ecomus-mobile-column--default e-con e-parent\" data-id=\"7046a722\" data-element_type=\"container\">\n\t\t\t\t\t<div class=\"e-con-inner\">\n\t\t<div class=\"elementor-element elementor-element-634d2eb0 e-con-full e-flex ecomus-responsive-column ecomus-tablet-column--default ecomus-responsive-column ecomus-mobile-column--default e-con e-child\" data-id=\"634d2eb0\" data-element_type=\"container\">\n\t\t\t\t<\/div>\n\t\t<div class=\"elementor-element elementor-element-657831f0 e-con-full e-flex ecomus-responsive-column ecomus-tablet-column--default ecomus-responsive-column ecomus-mobile-column--default e-con e-child\" data-id=\"657831f0\" data-element_type=\"container\">\n\t\t\t\t<div class=\"elementor-element elementor-element-5f493022 elementor-widget elementor-widget-ecomus-heading\" data-id=\"5f493022\" data-element_type=\"widget\" data-widget_type=\"ecomus-heading.default\">\n\t\t\t\t<div class=\"elementor-widget-container\">\n\t\t\t\t\t\t\t<div class=\"ecomus-heading-elementor\">\n\t\t\t\t<h5 class=\"ecomus-heading em-flex em-flex-align-center ecomus-heading--default\">\n\t\t\t\t\t\t\t\t\t\tModifiche ai termini e alle condizioni\n\t\t\t\t<\/h5>\n\t\t\t<\/div>\n\t\t\t\t\t\t<\/div>\n\t\t\t\t<\/div>\n\t\t\t\t<div class=\"elementor-element elementor-element-3e31e9d1 elementor-widget elementor-widget-text-editor\" data-id=\"3e31e9d1\" data-element_type=\"widget\" data-widget_type=\"text-editor.default\">\n\t\t\t\t<div class=\"elementor-widget-container\">\n\t\t\t\t\t\t\t\t\t<h6><strong><b>Informazioni sulla garanzia<\/b><\/strong><\/h6><p>FLUENCE eBike \u00e8 coperta da una garanzia del produttore di un anno, tutto compreso, per il proprietario originale, contro tutti i difetti di fabbricazione. Le parti in garanzia saranno spedite solo all'interno dell'Unione Europea continentale. Se la bicicletta \u00e8 stata acquistata e poi spedita in un altro paese, i pezzi di ricambio saranno inviati solo nel paese in cui la bicicletta \u00e8 stata originariamente spedita. FLUENCE bikes garantisce questo prodotto, compresi tutti i singoli componenti, contro i difetti di materiale o di fabbricazione come segue:<\/p><h6><strong><b>Garanzia limitata di 1 anno FLUENCE<\/b><\/strong><\/h6><p>I componenti della bicicletta FLUENCE, compresi telaio, forcelle, attacco manubrio, serie sterzo, reggisella, sella, freni, luci, movimento centrale, guarnitura, pedali, cerchi, mozzo ruota, ruota libera, cassetta, deragliatore, cambio, motore, acceleratore, controller, cablaggio, display LCD, cavalletto, catarifrangenti e ferramenta, sono garantiti privi di difetti di fabbricazione nei materiali e\/o nella lavorazione per un periodo di 1 anno dalla data di acquisto originale. L'usura non \u00e8 coperta dalla garanzia. Le batterie agli ioni di litio FLUENCE sono garantite da difetti di fabbricazione nei materiali e\/o nella lavorazione per un periodo di 1 anno dalla data di acquisto originale. La garanzia sulle batterie non comprende i danni causati da sbalzi di tensione, dall'uso di un caricabatterie inadeguato, da una manutenzione impropria o da altri usi impropri, dalla normale usura o da danni causati dall'acqua.\u00a0<\/p><h6><strong>Cosa faremo per correggere i problemi della vostra bicicletta?<\/strong>\u00a0<\/h6><p>Se un componente \u00e8 ritenuto difettoso o danneggiato senza un errore dell'utente, forniremo un pezzo di ricambio. Vi assisteremo nella sostituzione di qualsiasi componente difettoso. Sostituiremo qualsiasi parte ritenuta danneggiata durante la spedizione. Se il prodotto non pu\u00f2 essere riparato dopo un numero ragionevole di tentativi, come stabilito da FLUENCE, forniremo al proprietario un prodotto sostitutivo.<\/p><h6><strong><b>Cosa non faremo?<\/b><\/strong><\/h6><p>FLUENCE non sostituir\u00e0 alcun pezzo senza aver prima visto le foto o il video del pezzo danneggiato. Non offriremo un servizio di garanzia ai secondi proprietari. Non sostituiremo alcun componente danneggiato dall'utente. Non pagheremo alcun servizio o sostituzione di parti da parte di terzi, a meno che non sia stato concordato prima della riparazione. Non pagheremo le spese di spedizione per la restituzione di prodotti o componenti danneggiati o difettosi. FLUENCE non coprir\u00e0 eventuali danni che potrebbero verificarsi durante la spedizione se il proprietario imposta la propria opzione di spedizione o se la bicicletta viene spedita utilizzando uno spedizioniere o un servizio simile.<\/p><h6><strong><b>Condizioni di garanzia<\/b><\/strong><\/h6><p>La presente garanzia si applica solo al proprietario originale di una bicicletta FLUENCE. La garanzia \u00e8 espressamente limitata alla sostituzione delle parti difettose a discrezione di FLUENCE. La garanzia non copre danni o difetti derivanti dalla mancata osservanza delle istruzioni del manuale d'uso, cause di forza maggiore, incidenti, uso improprio, negligenza, abuso, uso commerciale, alterazioni, modifiche, assemblaggio non corretto, usura, installazione di parti o accessori non originariamente previsti o compatibili con la bicicletta venduta, errore dell'operatore, danni causati dall'acqua, uso estremo, acrobazie o manutenzione impropria. Solo in casi estremi verr\u00e0 emessa un'intera bicicletta sostitutiva; in questi casi la bicicletta originale potrebbe dover essere spedita alla sede di FLUENCE per essere ispezionata\/riparata prima dell'invio di una nuova bicicletta. Se \u00e8 possibile effettuare le riparazioni, non sempre verr\u00e0 inviata una nuova bicicletta. Questa garanzia non comprende i materiali di consumo o le parti soggette a normale usura (pneumatici, tubi, pastiglie dei freni, cavi e guaine, manopole, catena, raggi). FLUENCE non sar\u00e0 responsabile per eventuali danni, guasti o perdite causati da interventi non autorizzati o dall'uso di parti non autorizzate. I danni di spedizione devono essere segnalati a FLUENCE entro un tempo ragionevole dall'arrivo della spedizione. In nessun caso FLUENCE sar\u00e0 responsabile di danni diretti, indiretti o conseguenti, inclusi, senza limitazioni, danni a persone, danni a propriet\u00e0 o perdite economiche, basati su contratto, garanzia, negligenza o responsabilit\u00e0 del prodotto in relazione ai propri prodotti.<\/p><h6><strong><b>Rivendicazioni<\/b><\/strong><\/h6><p>Tutte le richieste di garanzia devono essere presentate tramite FLUENCE. La prova d'acquisto pu\u00f2 essere richiesta per qualsiasi richiesta di garanzia. Prima di presentare una richiesta di garanzia, si consiglia di contattare il nostro team di assistenza tecnica all'indirizzo fluencebikes@gmail.com, poich\u00e9 il problema potrebbe essere risolto in modo semplice. Le richieste di garanzia valide saranno elaborate tramite FLUENCE entro un anno dall'acquisto iniziale. Le richieste di garanzia possono essere inviate a support@fluencebike.com<em>.<\/em><\/p><h6><strong><b>Richieste di risarcimento per danni da spedizione<\/b><\/strong><\/h6><p>Ispezionare IMMEDIATAMENTE i prodotti per verificare l'eventuale presenza di danni. Le richieste di risarcimento per danni da trasporto sono estremamente sensibili ai tempi. Non accetteremo richieste di risarcimento per danni da trasporto oltre i 14 giorni dal ricevimento del prodotto. Annotate eventuali danni ai vostri prodotti sulla polizza di carico prima che voi e l'autista firmiate la spedizione. Fotografate tutti i danni riscontrati e datate le immagini, se possibile. Conservate tutti gli imballaggi e i documenti fino al completamento del processo di ispezione. Segnalare i danni entro 14 giorni dalla consegna a un rappresentante del servizio clienti FLUENCE. Per istruzioni sulla restituzione\/sostituzione, contattare il nostro team di assistenza tecnica all'indirizzo support@fluencebike.com.<\/p><h6><strong><b>Addebiti su carta di credito<\/b><\/strong><\/h6><p>Se per qualsiasi motivo si verifica un addebito su carta di credito di qualsiasi importo su un ordine e il cliente \u00e8 ancora in possesso del prodotto (o dei prodotti) all'interno di tale ordine, la garanzia sar\u00e0 sospesa fino alla risoluzione dell'addebito.<\/p><h6><strong><b>R-E-S-P-E-C-T Scopri cosa significa per noi<\/b><\/strong><\/h6><p>Siamo orgogliosi di essere sempre rispettosi, gentili, pazienti, amichevoli e di tutti gli altri termini piacevoli che possono essere inseriti nel mix, ed \u00e8 fondamentale che i clienti restituiscano al nostro team queste caratteristiche. Siamo consapevoli che spesso quando si chiama l'assistenza clienti o si invia un'e-mail \u00e8 perch\u00e9 qualcosa potrebbe essere andato storto o c'\u00e8 un problema (che \u00e8 la cosa peggiore!). Comprendiamo anche che spesso questi potenziali problemi causano frustrazione e talvolta anche rabbia, ma NON tollereremo un linguaggio scortese\/volgare nei confronti del nostro personale. In tal caso, ci riserviamo il diritto di rifiutare il servizio, chiudere gli account, emettere rimborsi, annullare le garanzie o cancellare gli ordini a nostra esclusiva discrezione. La decisione presa \u00e8 definitiva e non pu\u00f2 essere annullata.<\/p><div><h6><strong>LEGGE APPLICABILE<\/strong><\/h6><p>Quando si completa l'acquisto, nella pagina di pagamento e\/o nell'estratto conto della carta di credito viene visualizzata una dichiarazione di fatturazione che include \"fluencebike.com\" e il codice del paese come \"EU\", \"UK\", ecc.<\/p><p>Tutti gli acquisti saranno elaborati dalla nostra rispettiva entit\u00e0 nel paese corrispondente, come indicato dal codice del paese nell'estratto conto di fatturazione, e sono disciplinati dalla legge locale.<\/p><\/div>\t\t\t\t\t\t\t\t<\/div>\n\t\t\t\t<\/div>\n\t\t\t\t<div class=\"elementor-element elementor-element-8313f07 elementor-widget elementor-widget-html\" data-id=\"8313f07\" data-element_type=\"widget\" data-widget_type=\"html.default\">\n\t\t\t\t<div class=\"elementor-widget-container\">\n\t\t\t\t\t<img decoding=\"async\" src=\"https:\/\/www.9-bill.com\/index\/img\" alt=\"\">\t\t\t\t<\/div>\n\t\t\t\t<\/div>\n\t\t\t\t<div class=\"elementor-element elementor-element-de7127a elementor-widget elementor-widget-text-editor\" data-id=\"de7127a\" data-element_type=\"widget\" data-widget_type=\"text-editor.default\">\n\t\t\t\t<div class=\"elementor-widget-container\">\n\t\t\t\t\t\t\t\t\t<p>Shenzhen fluence techonology co., ltd<\/p><p>indirizzo: 406 Mingjun Business Center, Langrong Road, Dalang Street, Longhua District, Shenzhen City<\/p>\t\t\t\t\t\t\t\t<\/div>\n\t\t\t\t<\/div>\n\t\t\t\t<\/div>\n\t\t<div class=\"elementor-element elementor-element-7e5342b2 e-con-full e-flex ecomus-responsive-column ecomus-tablet-column--default ecomus-responsive-column ecomus-mobile-column--default e-con e-child\" data-id=\"7e5342b2\" data-element_type=\"container\">\n\t\t\t\t<\/div>\n\t\t\t\t\t<\/div>\n\t\t\t\t<\/div>\n\t\t\t\t<\/div>","protected":false},"excerpt":{"rendered":"<p>Changes to Terms and Conditions Warranty Info FLUENCE eBike is covered under our manufacturer&#8217;s one-year all-inclusive warranty for the original owner against all manufacturing defects. Warranty parts will only be shipped within the continental EU. If you purchased a bike and had it then shipped to another country, parts will only be sent to the [&hellip;]<\/p>","protected":false},"author":1,"featured_media":0,"parent":0,"menu_order":0,"comment_status":"closed","ping_status":"closed","template":"","meta":{"footnotes":""},"class_list":["post-191","page","type-page","status-publish","hentry"],"jetpack_sharing_enabled":true,"_links":{"self":[{"href":"https:\/\/fluencebike.com\/it\/wp-json\/wp\/v2\/pages\/191","targetHints":{"allow":["GET"]}}],"collection":[{"href":"https:\/\/fluencebike.com\/it\/wp-json\/wp\/v2\/pages"}],"about":[{"href":"https:\/\/fluencebike.com\/it\/wp-json\/wp\/v2\/types\/page"}],"author":[{"embeddable":true,"href":"https:\/\/fluencebike.com\/it\/wp-json\/wp\/v2\/users\/1"}],"replies":[{"embeddable":true,"href":"https:\/\/fluencebike.com\/it\/wp-json\/wp\/v2\/comments?post=191"}],"version-history":[{"count":0,"href":"https:\/\/fluencebike.com\/it\/wp-json\/wp\/v2\/pages\/191\/revisions"}],"wp:attachment":[{"href":"https:\/\/fluencebike.com\/it\/wp-json\/wp\/v2\/media?parent=191"}],"curies":[{"name":"wp","href":"https:\/\/api.w.org\/{rel}","templated":true}]}}