{"id":7731,"date":"2025-04-10T09:05:02","date_gmt":"2025-04-10T09:05:02","guid":{"rendered":"https:\/\/fluencebike.com\/?post_type=product&#038;p=7731"},"modified":"2026-03-19T09:36:59","modified_gmt":"2026-03-19T09:36:59","slug":"ebike-rear-rack-extended-version","status":"publish","type":"product","link":"https:\/\/fluencebike.com\/fr\/produit\/ebike-rear-rack-extended-version\/","title":{"rendered":"Porte-bagages arri\u00e8re Ebike Version \u00e9tendue"},"content":{"rendered":"<p>The Ebike Rear Rack Extended Version is a precision\u2011engineered, extra\u2011length cargo platform that integrates seamlessly with Fluence EB2 and EB8 models (and most standard e\u2011bike frames),<br \/>\ngiving you more room for panniers, baskets, or bulky loads without altering your bike\u2019s sleek lines .<\/p>\n<p>Constructed from lightweight yet ultra\u2011durable aluminum alloy with a corrosion\u2011resistant powder\u2011coat finish,<br \/>\nit offers reliable all\u2011weather performance and includes universal mounting points for reflectors or LED taillights.<br \/>\nTool\u2011free installation is a breeze\u2014simply attach the supplied stainless\u2011steel brackets and hardware\u2014so you\u2019ll be back on the road in minutes.<\/p>\n<p>Pesant seulement 0,8 kg et mesurant 40 \u00d7 25 \u00d7 6 cm, ce porte-bagages allong\u00e9 maximise votre capacit\u00e9 de transport tout en conservant un grand d\u00e9gagement pour les roues et un profil bas au-dessus de la roue arri\u00e8re.<\/p>","protected":false},"excerpt":{"rendered":"<p>The Ebike Rear Rack Extended Version is a precision\u2011engineered, extra\u2011length cargo platform that integrates seamlessly with Fluence EB2 and EB8 models (and most standard e\u2011bike frames), giving you more room for panniers, baskets, or bulky loads without altering your bike\u2019s sleek lines . Constructed from lightweight yet ultra\u2011durable aluminum alloy with a corrosion\u2011resistant powder\u2011coat finish, [&hellip;]<\/p>","protected":false},"featured_media":11661,"comment_status":"open","ping_status":"closed","template":"","meta":[],"product_brand":[],"product_cat":[86,179,87],"product_tag":[309],"class_list":{"0":"post-7731","1":"product","2":"type-product","3":"status-publish","4":"has-post-thumbnail","6":"product_cat-accessorice","7":"product_cat-shelves","8":"product_cat-storage-transport","9":"product_tag-ebike-rear-rack-extended-version","10":"product_shipping_class-accessories","12":"first","13":"instock","14":"sale","15":"shipping-taxable","16":"purchasable","17":"product-type-simple"},"jetpack_sharing_enabled":true,"_links":{"self":[{"href":"https:\/\/fluencebike.com\/fr\/wp-json\/wp\/v2\/product\/7731","targetHints":{"allow":["GET"]}}],"collection":[{"href":"https:\/\/fluencebike.com\/fr\/wp-json\/wp\/v2\/product"}],"about":[{"href":"https:\/\/fluencebike.com\/fr\/wp-json\/wp\/v2\/types\/product"}],"replies":[{"embeddable":true,"href":"https:\/\/fluencebike.com\/fr\/wp-json\/wp\/v2\/comments?post=7731"}],"version-history":[{"count":1,"href":"https:\/\/fluencebike.com\/fr\/wp-json\/wp\/v2\/product\/7731\/revisions"}],"predecessor-version":[{"id":12083,"href":"https:\/\/fluencebike.com\/fr\/wp-json\/wp\/v2\/product\/7731\/revisions\/12083"}],"wp:featuredmedia":[{"embeddable":true,"href":"https:\/\/fluencebike.com\/fr\/wp-json\/wp\/v2\/media\/11661"}],"wp:attachment":[{"href":"https:\/\/fluencebike.com\/fr\/wp-json\/wp\/v2\/media?parent=7731"}],"wp:term":[{"taxonomy":"product_brand","embeddable":true,"href":"https:\/\/fluencebike.com\/fr\/wp-json\/wp\/v2\/product_brand?post=7731"},{"taxonomy":"product_cat","embeddable":true,"href":"https:\/\/fluencebike.com\/fr\/wp-json\/wp\/v2\/product_cat?post=7731"},{"taxonomy":"product_tag","embeddable":true,"href":"https:\/\/fluencebike.com\/fr\/wp-json\/wp\/v2\/product_tag?post=7731"}],"curies":[{"name":"wp","href":"https:\/\/api.w.org\/{rel}","templated":true}]}}