{"id":10109,"date":"2025-07-17T07:58:31","date_gmt":"2025-07-17T07:58:31","guid":{"rendered":"https:\/\/fluencebike.com\/?post_type=product&#038;p=10109"},"modified":"2025-10-30T05:54:15","modified_gmt":"2025-10-30T05:54:15","slug":"fluencebike-price-difference-compensation-products","status":"publish","type":"product","link":"https:\/\/fluencebike.com\/fr\/produit\/fluencebike-price-difference-compensation-products\/","title":{"rendered":"Diff\u00e9rence de prix entre les produits de compensation Fluencebike (veuillez communiquer avec notre service \u00e0 la client\u00e8le avant de passer une commande)"},"content":{"rendered":"<p data-start=\"56\" data-end=\"172\"><strong data-start=\"56\" data-end=\"105\">Fluence Diff\u00e9rence de prix Compensation Produit<\/strong><br data-start=\"105\" data-end=\"108\" \/><em data-start=\"108\" data-end=\"172\">Veuillez contacter notre service client\u00e8le avant de passer votre commande.<\/em><\/p>\n<p data-start=\"174\" data-end=\"373\">Vous avez \u00e9t\u00e9 confront\u00e9 \u00e0 un ajustement de prix ou vous avez besoin de compenser une diff\u00e9rence de solde sur votre commande Fluence ? Ce produit vous permet de payer facilement le montant n\u00e9cessaire pour r\u00e9gler les diff\u00e9rences de prix.<\/p>\n<p data-start=\"375\" data-end=\"394\"><strong data-start=\"375\" data-end=\"392\">Comment commander :<\/strong><\/p>\n<ol data-start=\"395\" data-end=\"573\">\n<li data-start=\"395\" data-end=\"455\">\n<p data-start=\"398\" data-end=\"455\">Contactez le service client\u00e8le de Fluence pour confirmer le montant.<\/p>\n<\/li>\n<li data-start=\"456\" data-end=\"525\">\n<p data-start=\"459\" data-end=\"525\">Choisissez la quantit\u00e9 correspondante en fonction de la diff\u00e9rence de prix.<\/p>\n<\/li>\n<li data-start=\"526\" data-end=\"573\">\n<p data-start=\"529\" data-end=\"573\">Confirmez votre commande et proc\u00e9dez au paiement.<\/p>\n<\/li>\n<\/ol>\n<p data-start=\"575\" data-end=\"632\">Merci pour votre soutien continu \u00e0 l'\u00e9quipe Fluence !<\/p>","protected":false},"excerpt":{"rendered":"<p data-start=\"56\" data-end=\"172\"><strong data-start=\"56\" data-end=\"105\">Fluence Diff\u00e9rence de prix Compensation Produit<\/strong><br data-start=\"105\" data-end=\"108\" \/><em data-start=\"108\" data-end=\"172\">Veuillez contacter notre service client\u00e8le avant de passer votre commande.<\/em><\/p>\n<p data-start=\"174\" data-end=\"373\">Vous avez \u00e9t\u00e9 confront\u00e9 \u00e0 un ajustement de prix ou vous avez besoin de compenser une diff\u00e9rence de solde sur votre commande Fluence ? Ce produit vous permet de payer facilement le montant n\u00e9cessaire pour r\u00e9gler les diff\u00e9rences de prix.<\/p>\n<p data-start=\"375\" data-end=\"394\"><strong data-start=\"375\" data-end=\"392\">Comment commander :<\/strong><\/p>\n<ol data-start=\"395\" data-end=\"573\">\n<li data-start=\"395\" data-end=\"455\">\n<p data-start=\"398\" data-end=\"455\">Contactez le service client\u00e8le de Fluence pour confirmer le montant.<\/p>\n<\/li>\n<li data-start=\"456\" data-end=\"525\">\n<p data-start=\"459\" data-end=\"525\">Choisissez la quantit\u00e9 correspondante en fonction de la diff\u00e9rence de prix.<\/p>\n<\/li>\n<li data-start=\"526\" data-end=\"573\">\n<p data-start=\"529\" data-end=\"573\">Confirmez votre commande et proc\u00e9dez au paiement.<\/p>\n<\/li>\n<\/ol>\n<p data-start=\"575\" data-end=\"632\">Merci pour votre soutien continu \u00e0 l'\u00e9quipe Fluence !<\/p>","protected":false},"featured_media":10110,"comment_status":"closed","ping_status":"closed","template":"","meta":[],"product_brand":[],"product_cat":[86],"product_tag":[],"class_list":{"0":"post-10109","1":"product","2":"type-product","3":"status-publish","4":"has-post-thumbnail","6":"product_cat-accessorice","7":"product_shipping_class-accessories","9":"first","10":"instock","11":"shipping-taxable","12":"purchasable","13":"product-type-simple"},"jetpack_sharing_enabled":true,"_links":{"self":[{"href":"https:\/\/fluencebike.com\/fr\/wp-json\/wp\/v2\/product\/10109","targetHints":{"allow":["GET"]}}],"collection":[{"href":"https:\/\/fluencebike.com\/fr\/wp-json\/wp\/v2\/product"}],"about":[{"href":"https:\/\/fluencebike.com\/fr\/wp-json\/wp\/v2\/types\/product"}],"replies":[{"embeddable":true,"href":"https:\/\/fluencebike.com\/fr\/wp-json\/wp\/v2\/comments?post=10109"}],"version-history":[{"count":0,"href":"https:\/\/fluencebike.com\/fr\/wp-json\/wp\/v2\/product\/10109\/revisions"}],"wp:featuredmedia":[{"embeddable":true,"href":"https:\/\/fluencebike.com\/fr\/wp-json\/wp\/v2\/media\/10110"}],"wp:attachment":[{"href":"https:\/\/fluencebike.com\/fr\/wp-json\/wp\/v2\/media?parent=10109"}],"wp:term":[{"taxonomy":"product_brand","embeddable":true,"href":"https:\/\/fluencebike.com\/fr\/wp-json\/wp\/v2\/product_brand?post=10109"},{"taxonomy":"product_cat","embeddable":true,"href":"https:\/\/fluencebike.com\/fr\/wp-json\/wp\/v2\/product_cat?post=10109"},{"taxonomy":"product_tag","embeddable":true,"href":"https:\/\/fluencebike.com\/fr\/wp-json\/wp\/v2\/product_tag?post=10109"}],"curies":[{"name":"wp","href":"https:\/\/api.w.org\/{rel}","templated":true}]}}