{"id":7555,"date":"2025-03-26T07:25:36","date_gmt":"2025-03-26T07:25:36","guid":{"rendered":"https:\/\/fluencebike.com\/?page_id=7555"},"modified":"2025-10-23T10:39:21","modified_gmt":"2025-10-23T10:39:21","slug":"fat-ebike-error-code","status":"publish","type":"page","link":"https:\/\/fluencebike.com\/fr\/fat-ebike-error-code\/","title":{"rendered":"Fat ebike Code d'erreur"},"content":{"rendered":"<div data-elementor-type=\"wp-page\" data-elementor-id=\"7555\" class=\"elementor elementor-7555\" data-elementor-post-type=\"page\">\n\t\t\t\t<div class=\"elementor-element elementor-element-eb60ccc e-flex e-con-boxed ecomus-responsive-column ecomus-tablet-column--default ecomus-responsive-column ecomus-mobile-column--default e-con e-parent\" data-id=\"eb60ccc\" data-element_type=\"container\">\n\t\t\t\t\t<div class=\"e-con-inner\">\n\t\t\t\t<div class=\"elementor-element elementor-element-f785ee9 elementor-widget elementor-widget-html\" data-id=\"f785ee9\" data-element_type=\"widget\" data-widget_type=\"html.default\">\n\t\t\t\t<div class=\"elementor-widget-container\">\n\t\t\t\t\t<!DOCTYPE html>\r\n<html lang=\"zh-CN\">\r\n<head>\r\n    <meta charset=\"UTF-8\">\r\n    <meta name=\"viewport\" content=\"width=device-width, initial-scale=1.0\">\r\n    <title>Afficheur YL (EB8\/EB2\/EB3) Regualar Repair SOP<\/title>\r\n    <style>\r\n        * {\r\n            box-sizing: border-box;\r\n            margin: 0;\r\n            padding: 0;\r\n        }\r\n        \r\n        body {\r\n            font-family: 'Segoe UI', Tahoma, Geneva, Verdana, sans-serif;\r\n            line-height: 1.6;\r\n            color: #333;\r\n            background-color: #f8f9fa;\r\n            padding: 20px;\r\n        }\r\n        \r\n        .container {\r\n            max-width: 1200px;\r\n            margin: 0 auto;\r\n        }\r\n        \r\n        .header {\r\n            text-align: center;\r\n            margin-bottom: 30px;\r\n            padding: 20px;\r\n            background-color: #ee7f46;\r\n            color: white;\r\n            border-radius: 8px;\r\n            box-shadow: 0 4px 6px rgba(0, 0, 0, 0.1);\r\n        }\r\n        \r\n        .header h1 {\r\n            font-size: 1.8rem;\r\n            margin-bottom: 10px;\r\n        }\r\n        \r\n        .header p {\r\n            font-size: 1rem;\r\n            opacity: 0.9;\r\n        }\r\n        \r\n        .ebike-error-table {\r\n            margin: 2rem 0;\r\n            box-shadow: 0 2px 15px rgba(0, 0, 0, 0.1);\r\n            border-radius: 8px;\r\n            overflow: hidden;\r\n            background-color: white;\r\n        }\r\n        \r\n        .table-container {\r\n            overflow-x: auto;\r\n        }\r\n        \r\n        table {\r\n            width: 100%;\r\n            border-collapse: collapse;\r\n            min-width: 900px;\r\n        }\r\n        \r\n        th {\r\n            background-color: #2c3e50;\r\n            color: white;\r\n            font-weight: 600;\r\n            padding: 15px 12px;\r\n            text-align: left;\r\n            position: sticky;\r\n            top: 0;\r\n        }\r\n        \r\n        td {\r\n            padding: 15px 12px;\r\n            border-bottom: 1px solid #e0e0e0;\r\n            vertical-align: top;\r\n        }\r\n        \r\n        tr:nth-child(even) {\r\n            background-color: #f8f9fa;\r\n        }\r\n        \r\n        tr:hover {\r\n            background-color: #f1f5f9;\r\n        }\r\n        \r\n        .error-code {\r\n            font-weight: bold;\r\n            color: #2c3e50;\r\n            white-space: nowrap;\r\n        }\r\n        \r\n        ol {\r\n            margin: 0;\r\n            padding-left: 20px;\r\n        }\r\n        \r\n        ol li {\r\n            margin-bottom: 10px;\r\n        }\r\n        \r\n        .note {\r\n            margin-top: 0px;\r\n            padding: 10px 12px;\r\n            background-color: #f0f7ff;\r\n            border-left: 3px solid #3498db;\r\n            font-size: 0.9em;\r\n            color: #4a5568;\r\n            border-radius: 0 4px 4px 0;\r\n        }\r\n        \r\n        .footer {\r\n            text-align: center;\r\n            margin-top: 30px;\r\n            padding: 15px;\r\n            color: #6c757d;\r\n            font-size: 0.9rem;\r\n        }\r\n        \r\n        \/* \u79fb\u52a8\u8bbe\u5907\u4f18\u5316 *\/\r\n        @media (max-width: 768px) {\r\n            body {\r\n                padding: 10px;\r\n            }\r\n            \r\n            .header h1 {\r\n                font-size: 1.5rem;\r\n            }\r\n            \r\n            .header p {\r\n                font-size: 0.9rem;\r\n            }\r\n            \r\n            th, td {\r\n                padding: 12px 8px;\r\n                font-size: 0.9rem;\r\n            }\r\n            \r\n            .note {\r\n                font-size: 0.85rem;\r\n            }\r\n        }\r\n        \r\n        @media (max-width: 480px) {\r\n            .header h1 {\r\n                font-size: 1.3rem;\r\n            }\r\n            \r\n            th, td {\r\n                padding: 10px 6px;\r\n                font-size: 0.85rem;\r\n            }\r\n            \r\n            ol {\r\n                padding-left: 18px;\r\n            }\r\n            \r\n            ol li {\r\n                font-size: 0.85rem;\r\n            }\r\n        }\r\n    <\/style>\r\n<\/head>\r\n<body>\r\n    <div class=\"container\">\r\n        <div class=\"header\">\r\n            <h1>Afficheur YL (EB8\/EB2\/EB3) Regualar Repair SOP<\/h1>\r\n            <p>Troubleshooting and Solutions Guide<\/p>\r\n        <\/div>\r\n        \r\n        <div class=\"ebike-error-table\">\r\n            <div class=\"table-container\">\r\n                <table>\r\n                    <thead style= \"background-color: #ee7f46; white-space: nowrap; pointer-events: none;\">\r\n                        <tr>\r\n                            <th>Code d'erreur<\/th>\r\n                            <th>Probl\u00e8me de pi\u00e8ces<\/th>\r\n                            <th>Statut<\/th>\r\n                            <th>D\u00e9pannage et solutions<\/th>\r\n                        <\/tr>\r\n                    <\/thead>\r\n                    <tbody>\r\n                        <tr>\r\n                            <td class=\"error-code\">E01\/E09<\/td>\r\n                            <td>D\u00e9faillance du contr\u00f4leur<\/td>\r\n                            <td>L'ebike ne fonctionne pas apr\u00e8s avoir enclench\u00e9 l'interrupteur, code d'erreur E01 ou E09 sur le tableau de bord.<\/td>\r\n                            <td>\r\n                                <ol>\r\n                                    <li>V\u00e9rifier si chaque port de c\u00e2blage du contr\u00f4leur est correctement connect\u00e9.<\/li>\r\n                                    <li>R\u00e9tablir les param\u00e8tres d'usine<\/li>\r\n                                    <li>Remplacer le contr\u00f4leur et tester<\/li>\r\n                                <\/ol>\r\n                                <div class=\"note\">Remarque : Apr\u00e8s avoir rebranch\u00e9 un port du c\u00e2ble de connexion, \u00e9teignez et rallumez l'\u00e9cran avant de le tester.<\/div>\r\n                            <\/td>\r\n                        <\/tr>\r\n                        <tr>\r\n                            <td class=\"error-code\">E02<\/td>\r\n                            <td>D\u00e9faut de communication<\/td>\r\n                            <td>L'ebike ne r\u00e9agit pas apr\u00e8s avoir \u00e9t\u00e9 mis en marche. Le niveau de la batterie est vide.<\/td>\r\n                            <td>\r\n                                <ol>\r\n                                    <li>V\u00e9rifier la connexion du c\u00e2ble d'affichage<\/li>\r\n                                    <li>V\u00e9rifier les connexions du fil principal du contr\u00f4leur et de l'ensemble du c\u00e2blage<\/li>\r\n                                    <li>Remplacer l'ensemble du c\u00e2blage et le contr\u00f4leur pour les essais<\/li>\r\n                                <\/ol>\r\n                                <div class=\"note\">Remarque : Apr\u00e8s avoir rebranch\u00e9 un port du c\u00e2ble de connexion, \u00e9teignez et rallumez l'\u00e9cran avant de le tester.<\/div>\r\n                            <\/td>\r\n                        <\/tr>\r\n                        <tr>\r\n                            <td class=\"error-code\">E03<\/td>\r\n                            <td>D\u00e9faillance du hall<\/td>\r\n                            <td>Le moteur ne fonctionne pas et il y a un bruit de courant.<\/td>\r\n                            <td>\r\n                                <ol>\r\n                                    <li>V\u00e9rifier les connexions des fils de phase du moteur et des fils de Hall<\/li>\r\n                                    <li>Si les connexions sont normales, red\u00e9marrer le v\u00e9hicule<\/li>\r\n                                    <li>Si l'erreur persiste, remplacer le moteur ou le contr\u00f4leur<\/li>\r\n                                <\/ol>\r\n                                <div class=\"note\">Remarque : Apr\u00e8s avoir rebranch\u00e9 un port du c\u00e2ble de connexion, \u00e9teignez et rallumez l'\u00e9cran avant de le tester.<\/div>\r\n                            <\/td>\r\n                        <\/tr>\r\n                        <tr>\r\n                            <td class=\"error-code\">E04\/E08<\/td>\r\n                            <td>D\u00e9faillance de l'acc\u00e9l\u00e9rateur<\/td>\r\n                            <td>La moto ne r\u00e9agit pas lorsqu'on appuie sur l'acc\u00e9l\u00e9rateur ou qu'on le tourne.<\/td>\r\n                            <td>\r\n                                <ol>\r\n                                    <li>V\u00e9rifier la position de l'acc\u00e9l\u00e9rateur<\/li>\r\n                                    <li>V\u00e9rifier la connexion du c\u00e2ble d'acc\u00e9l\u00e9rateur<\/li>\r\n                                    <li>Ajuster P10 \u00e0 0<\/li>\r\n                                    <li>Essayer de changer le papillon des gaz<\/li>\r\n                                    <li>Si le probl\u00e8me persiste, remplacer le contr\u00f4leur<\/li>\r\n                                <\/ol>\r\n                                <div class=\"note\">Remarque : Apr\u00e8s avoir rebranch\u00e9 un port du c\u00e2ble de connexion, \u00e9teignez et rallumez l'\u00e9cran avant de le tester.<\/div>\r\n                            <\/td>\r\n                        <\/tr>\r\n                        <tr>\r\n                            <td class=\"error-code\">E05<\/td>\r\n                            <td>D\u00e9faillance des freins<\/td>\r\n                            <td>Pas de retour d'information du feu arri\u00e8re lorsque l'on appuie sur le levier de frein<\/td>\r\n                            <td>\r\n                                <ol>\r\n                                    <li>V\u00e9rifier la position du levier de frein<\/li>\r\n                                    <li>V\u00e9rifier la connexion du c\u00e2ble du levier de frein<\/li>\r\n                                    <li>Ajuster la position du capteur de freinage<\/li>\r\n                                    <li>Remplacer le levier de frein si n\u00e9cessaire<\/li>\r\n                                <\/ol>\r\n                                <div class=\"note\">Remarque : Apr\u00e8s avoir rebranch\u00e9 un port du c\u00e2ble de connexion, \u00e9teignez et rallumez l'\u00e9cran avant de le tester.<\/div>\r\n                            <\/td>\r\n                        <\/tr>\r\n                        <tr>\r\n                            <td class=\"error-code\">E06\/E07<\/td>\r\n                            <td>D\u00e9faut de phase du moteur<\/td>\r\n                            <td>La vitesse du moteur est instable ou ne fonctionne pas, ou il y a un bruit de \"bourdonnement\".<\/td>\r\n                            <td>\r\n                                <ol>\r\n                                    <li>V\u00e9rifier les connexions des fils de phase du moteur<\/li>\r\n                                    <div class=\"note\">Remarque : N'utilisez que des c\u00e2bles provenant du m\u00eame fabricant de moteurs.<\/div>\r\n                                    <li>Remplacer le moteur et le tester<\/li>\r\n                                    <li>Si le probl\u00e8me persiste, remplacer le contr\u00f4leur<\/li>\r\n                                    <li>Remettre en place le moteur et le contr\u00f4leur si n\u00e9cessaire<\/li>\r\n                                <\/ol>\r\n                                <div class=\"note\">Remarque : Apr\u00e8s avoir rebranch\u00e9 un port du c\u00e2ble de connexion, \u00e9teignez et rallumez l'\u00e9cran avant de le tester.<\/div>\r\n                            <\/td>\r\n                        <\/tr>\r\n                        <tr>\r\n                            <td class=\"error-code\">E06<\/td>\r\n                            <td>Pile faible<\/td>\r\n                            <td>L'indicateur de niveau de batterie clignote et le v\u00e9lo ne d\u00e9marre pas.<\/td>\r\n                            <td>\r\n                                <ol>\r\n                                    <li>V\u00e9rifier la tension de la batterie et la recharger si n\u00e9cessaire<\/li>\r\n                                    <li>V\u00e9rifier les param\u00e8tres d'affichage (P15\/40v)<\/li>\r\n                                    <li>Si la pile est normale, remplacer le contr\u00f4leur<\/li>\r\n                                <\/ol>\r\n                                <div class=\"note\">Remarque : Apr\u00e8s avoir rebranch\u00e9 un port du c\u00e2ble de connexion, \u00e9teignez et rallumez l'\u00e9cran avant de le tester.<\/div>\r\n                            <\/td>\r\n                        <\/tr>\r\n                        <tr>\r\n                            <td class=\"error-code\">E10<\/td>\r\n                            <td>\u00c9chec de la r\u00e9ception de la communication<\/td>\r\n                            <td>L'\u00e9cran affiche le code d'erreur<\/td>\r\n                            <td>\r\n                                <ol>\r\n                                    <li>V\u00e9rifier la connexion du c\u00e2ble d'affichage<\/li>\r\n                                    <li>V\u00e9rifier les connexions des c\u00e2bles \u00e9tanches du contr\u00f4leur<\/li>\r\n                                    <li>Inspecter tous les c\u00e2bles pour v\u00e9rifier qu'ils ne sont pas endommag\u00e9s<\/li>\r\n                                    <li>Remplacer le contr\u00f4leur pour les tests<\/li>\r\n                                <\/ol>\r\n                                <div class=\"note\">Remarque : Apr\u00e8s avoir rebranch\u00e9 un port du c\u00e2ble de connexion, \u00e9teignez et rallumez l'\u00e9cran avant de le tester.<\/div>\r\n                            <\/td>\r\n                        <\/tr>\r\n                    <\/tbody>\r\n                <\/table>\r\n            <\/div>\r\n        <\/div>\r\n        \r\n        <div class=\"footer\">\r\n            <p>EBike fault diagnosis system | It is recommended to carry out maintenance under the guidance of professional technicians<\/p>\r\n        <\/div>\r\n    <\/div>\r\n<\/body>\r\n<\/html>\t\t\t\t<\/div>\n\t\t\t\t<\/div>\n\t\t\t\t\t<\/div>\n\t\t\t\t<\/div>\n\t\t\t\t<\/div>","protected":false},"excerpt":{"rendered":"<p>YL display (EB8\/EB2\/EB3) Regualar Repair SOP YL display (EB8\/EB2\/EB3) Regualar Repair SOP Troubleshooting and Solutions Guide Error Code Parts Problem Status Troubleshooting and Solutions E01\/E09 Controller failure The ebike is not working after turning on power switch, Error code E01 or E09 on the dashboard Check whether each wiring port of the controller is connected [&hellip;]<\/p>","protected":false},"author":1,"featured_media":0,"parent":0,"menu_order":0,"comment_status":"closed","ping_status":"closed","template":"","meta":{"footnotes":""},"class_list":["post-7555","page","type-page","status-publish","hentry"],"jetpack_sharing_enabled":true,"_links":{"self":[{"href":"https:\/\/fluencebike.com\/fr\/wp-json\/wp\/v2\/pages\/7555","targetHints":{"allow":["GET"]}}],"collection":[{"href":"https:\/\/fluencebike.com\/fr\/wp-json\/wp\/v2\/pages"}],"about":[{"href":"https:\/\/fluencebike.com\/fr\/wp-json\/wp\/v2\/types\/page"}],"author":[{"embeddable":true,"href":"https:\/\/fluencebike.com\/fr\/wp-json\/wp\/v2\/users\/1"}],"replies":[{"embeddable":true,"href":"https:\/\/fluencebike.com\/fr\/wp-json\/wp\/v2\/comments?post=7555"}],"version-history":[{"count":0,"href":"https:\/\/fluencebike.com\/fr\/wp-json\/wp\/v2\/pages\/7555\/revisions"}],"wp:attachment":[{"href":"https:\/\/fluencebike.com\/fr\/wp-json\/wp\/v2\/media?parent=7555"}],"curies":[{"name":"wp","href":"https:\/\/api.w.org\/{rel}","templated":true}]}}