{"id":7168,"date":"2025-03-13T08:38:54","date_gmt":"2025-03-13T08:38:54","guid":{"rendered":"https:\/\/fluencebike.com\/?page_id=7168"},"modified":"2026-03-19T02:28:25","modified_gmt":"2026-03-19T02:28:25","slug":"repair-shop-map","status":"publish","type":"page","link":"https:\/\/fluencebike.com\/fr\/repair-shop-map\/","title":{"rendered":"Carte de l'atelier de r\u00e9paration"},"content":{"rendered":"<div data-elementor-type=\"wp-page\" data-elementor-id=\"7168\" class=\"elementor elementor-7168\" data-elementor-post-type=\"page\">\n\t\t\t\t<div class=\"elementor-element elementor-element-e69ece2 e-flex e-con-boxed ecomus-responsive-column ecomus-tablet-column--default ecomus-responsive-column ecomus-mobile-column--default e-con e-parent\" data-id=\"e69ece2\" data-element_type=\"container\">\n\t\t\t\t\t<div class=\"e-con-inner\">\n\t\t\t\t<div class=\"elementor-element elementor-element-8c5243e elementor-widget elementor-widget-text-editor\" data-id=\"8c5243e\" data-element_type=\"widget\" data-widget_type=\"text-editor.default\">\n\t\t\t\t<div class=\"elementor-widget-container\">\n\t\t\t\t\t\t\t\t\t<p><strong>Nous sommes l\u00e0 pour vous aider !<\/strong><br \/>FLUENCE s'est associ\u00e9 \u00e0 des magasins de v\u00e9los r\u00e9put\u00e9s dans le monde entier, qui sont pr\u00eats et capables de vous aider pour l'entretien et les r\u00e9parations. Consultez nos partenaires certifi\u00e9s pour voir s'il y a un magasin pr\u00e8s de chez vous !<\/p><p><strong>A noter :<\/strong><br \/>Si vous rencontrez des probl\u00e8mes avec votre v\u00e9lo FLUENCE EBike, veuillez contacter notre \u00e9quipe d'assistance \u00e0 la client\u00e8le avant de contacter un magasin partenaire. Notre \u00e9quipe vous aidera \u00e0 diagnostiquer le probl\u00e8me et \u00e0 coordonner les pi\u00e8ces et\/ou les instructions dont vous pourriez avoir besoin avant de faire appel \u00e0 un partenaire certifi\u00e9.<\/p><p>Que votre eBike soit ou non sous garantie, si vous vous rendez dans un magasin partenaire de FLUENCE pour r\u00e9parer votre eBike sans notre autorisation, vous devrez prendre en charge les frais de r\u00e9paration. Si vous souhaitez b\u00e9n\u00e9ficier des services d'entretien gratuits des partenaires FLUENCE, veuillez nous contacter et nous vous fournirons un ticket de garantie gratuit.<\/p><p>Les magasins de v\u00e9los partenaires de FLUENCE eBikes ne sont pas autoris\u00e9s \u00e0 recevoir des produits au nom de FLUENCE. N'utilisez pas ces magasins comme adresse de retour. Tout arrangement d'exp\u00e9dition non autoris\u00e9 vers ces magasins rel\u00e8ve de la responsabilit\u00e9 et des frais du client et ne sera pas compens\u00e9 par FLUENCE.<\/p><p>\u00c9quipe d'assistance \u00e0 la client\u00e8le : <span style=\"text-decoration: underline; color: #ff6600;\"><strong><a style=\"color: #ff6600; text-decoration: underline;\" href=\"mailto:support@fluencebike.com\">support@fluencebike.com<\/a><\/strong><\/span><\/p>\t\t\t\t\t\t\t\t<\/div>\n\t\t\t\t<\/div>\n\t\t\t\t\t<\/div>\n\t\t\t\t<\/div>\n\t\t<div class=\"elementor-element elementor-element-95c4205 e-flex e-con-boxed ecomus-responsive-column ecomus-tablet-column--default ecomus-responsive-column ecomus-mobile-column--default e-con e-parent\" data-id=\"95c4205\" data-element_type=\"container\">\n\t\t\t\t\t<div class=\"e-con-inner\">\n\t\t\t\t<div class=\"elementor-element elementor-element-616cb16 elementor-widget elementor-widget-ecomus-store-locations\" data-id=\"616cb16\" data-element_type=\"widget\" data-widget_type=\"ecomus-store-locations.default\">\n\t\t\t\t<div class=\"elementor-widget-container\">\n\t\t\t\t\t        <div class=\"ecomus-store-locations em-flex\">\n            <div class=\"ecomus-store-locations__tabs em-relative\">\n                <div class=\"ecomus-store-locations__scroll em-flex em-flex-column em-absolute\">\n                    <div class=\"active ecomus-store-locations__content\" data-tab=\"tab-0\">\n                                <div class=\"ecomus-store-locations__title em-flex em-flex-align-center\"><span class=\"ecomus-svg-icon ecomus-svg-icon--location\" ><svg width=\"24\" height=\"24\" aria-hidden=\"true\" role=\"img\" focusable=\"false\" viewbox=\"0 0 13 16\" fill=\"currentColor\" xmlns=\"http:\/\/www.w3.org\/2000\/svg\"><path d=\"M6.40984 3.43944C4.77197 3.43944 3.43944 4.77197 3.43944 6.40984C3.43944 8.04772 4.77197 9.38025 6.40984 9.38025C8.04772 9.38025 9.38025 8.04772 9.38025 6.40984C9.38025 4.77197 8.04775 3.43944 6.40984 3.43944ZM6.40984 8.12956C5.46159 8.12956 4.69012 7.35809 4.69012 6.40984C4.69012 5.46159 5.46159 4.69012 6.40984 4.69012C7.35809 4.69012 8.12956 5.46159 8.12956 6.40984C8.12956 7.35809 7.35809 8.12956 6.40984 8.12956Z\" \/><path d=\"M6.40984 0C2.87544 0 0 2.87547 0 6.40984V6.58703C0 8.37453 1.02481 10.4575 3.04606 12.7781C4.51131 14.4603 5.95609 15.6333 6.01684 15.6824L6.40984 16L6.80284 15.6825C6.86363 15.6333 8.30841 14.4603 9.77362 12.7781C11.7948 10.4575 12.8197 8.37456 12.8197 6.58706V6.40987C12.8197 2.87547 9.94425 0 6.40984 0ZM11.569 6.58706C11.569 9.60784 7.67678 13.2646 6.40984 14.3746C5.14256 13.2642 1.25069 9.60763 1.25069 6.58706V6.40987C1.25069 3.56512 3.56509 1.25072 6.40984 1.25072C9.25459 1.25072 11.569 3.56512 11.569 6.40987V6.58706Z\" \/><\/svg><\/span>Services apr\u00e8s-vente en France<\/div>\n                                <div class=\"ecomus-store-locations__info\"><span class=\"em-font-semibold\">Adresse<\/span><div>61 rue sadi carnot 93300 Aubervilliers , France<\/div><\/div>\n                                \n                                <div class=\"ecomus-store-locations__info\"><span class=\"em-font-semibold\">Courriel<\/span><div>support@fluencebike.com<\/div><\/div>\n                            <\/div><div class=\"ecomus-store-locations__content\" data-tab=\"tab-1\">\n                                <div class=\"ecomus-store-locations__title em-flex em-flex-align-center\"><span class=\"ecomus-svg-icon ecomus-svg-icon--location\" ><svg width=\"24\" height=\"24\" aria-hidden=\"true\" role=\"img\" focusable=\"false\" viewbox=\"0 0 13 16\" fill=\"currentColor\" xmlns=\"http:\/\/www.w3.org\/2000\/svg\"><path d=\"M6.40984 3.43944C4.77197 3.43944 3.43944 4.77197 3.43944 6.40984C3.43944 8.04772 4.77197 9.38025 6.40984 9.38025C8.04772 9.38025 9.38025 8.04772 9.38025 6.40984C9.38025 4.77197 8.04775 3.43944 6.40984 3.43944ZM6.40984 8.12956C5.46159 8.12956 4.69012 7.35809 4.69012 6.40984C4.69012 5.46159 5.46159 4.69012 6.40984 4.69012C7.35809 4.69012 8.12956 5.46159 8.12956 6.40984C8.12956 7.35809 7.35809 8.12956 6.40984 8.12956Z\" \/><path d=\"M6.40984 0C2.87544 0 0 2.87547 0 6.40984V6.58703C0 8.37453 1.02481 10.4575 3.04606 12.7781C4.51131 14.4603 5.95609 15.6333 6.01684 15.6824L6.40984 16L6.80284 15.6825C6.86363 15.6333 8.30841 14.4603 9.77362 12.7781C11.7948 10.4575 12.8197 8.37456 12.8197 6.58706V6.40987C12.8197 2.87547 9.94425 0 6.40984 0ZM11.569 6.58706C11.569 9.60784 7.67678 13.2646 6.40984 14.3746C5.14256 13.2642 1.25069 9.60763 1.25069 6.58706V6.40987C1.25069 3.56512 3.56509 1.25072 6.40984 1.25072C9.25459 1.25072 11.569 3.56512 11.569 6.40987V6.58706Z\" \/><\/svg><\/span>Services apr\u00e8s-vente aux Pays-Bas 1<\/div>\n                                <div class=\"ecomus-store-locations__info\"><span class=\"em-font-semibold\">Adresse<\/span><div>IJburglaan 1391 1087 KH AMSTERDAM<\/div><\/div>\n                                <div class=\"ecomus-store-locations__info\"><span class=\"em-font-semibold\">T\u00e9l\u00e9phone<\/span><div>+31 6 87666657<\/div><\/div>\n                                <div class=\"ecomus-store-locations__info\"><span class=\"em-font-semibold\">Courriel<\/span><div>support@fluencebike.com<\/div><\/div>\n                            <\/div><div class=\"ecomus-store-locations__content\" data-tab=\"tab-2\">\n                                <div class=\"ecomus-store-locations__title em-flex em-flex-align-center\"><span class=\"ecomus-svg-icon ecomus-svg-icon--location\" ><svg width=\"24\" height=\"24\" aria-hidden=\"true\" role=\"img\" focusable=\"false\" viewbox=\"0 0 13 16\" fill=\"currentColor\" xmlns=\"http:\/\/www.w3.org\/2000\/svg\"><path d=\"M6.40984 3.43944C4.77197 3.43944 3.43944 4.77197 3.43944 6.40984C3.43944 8.04772 4.77197 9.38025 6.40984 9.38025C8.04772 9.38025 9.38025 8.04772 9.38025 6.40984C9.38025 4.77197 8.04775 3.43944 6.40984 3.43944ZM6.40984 8.12956C5.46159 8.12956 4.69012 7.35809 4.69012 6.40984C4.69012 5.46159 5.46159 4.69012 6.40984 4.69012C7.35809 4.69012 8.12956 5.46159 8.12956 6.40984C8.12956 7.35809 7.35809 8.12956 6.40984 8.12956Z\" \/><path d=\"M6.40984 0C2.87544 0 0 2.87547 0 6.40984V6.58703C0 8.37453 1.02481 10.4575 3.04606 12.7781C4.51131 14.4603 5.95609 15.6333 6.01684 15.6824L6.40984 16L6.80284 15.6825C6.86363 15.6333 8.30841 14.4603 9.77362 12.7781C11.7948 10.4575 12.8197 8.37456 12.8197 6.58706V6.40987C12.8197 2.87547 9.94425 0 6.40984 0ZM11.569 6.58706C11.569 9.60784 7.67678 13.2646 6.40984 14.3746C5.14256 13.2642 1.25069 9.60763 1.25069 6.58706V6.40987C1.25069 3.56512 3.56509 1.25072 6.40984 1.25072C9.25459 1.25072 11.569 3.56512 11.569 6.40987V6.58706Z\" \/><\/svg><\/span>Services apr\u00e8s-vente aux Pays-Bas 2<\/div>\n                                <div class=\"ecomus-store-locations__info\"><span class=\"em-font-semibold\">Adresse<\/span><div>Zuidplein 320, 3083 CX Rotterdam<\/div><\/div>\n                                <div class=\"ecomus-store-locations__info\"><span class=\"em-font-semibold\">T\u00e9l\u00e9phone<\/span><div>+31 102307045<\/div><\/div>\n                                <div class=\"ecomus-store-locations__info\"><span class=\"em-font-semibold\">Courriel<\/span><div>support@fluencebike.com<\/div><\/div>\n                            <\/div><div class=\"ecomus-store-locations__content\" data-tab=\"tab-3\">\n                                <div class=\"ecomus-store-locations__title em-flex em-flex-align-center\"><span class=\"ecomus-svg-icon ecomus-svg-icon--location\" ><svg width=\"24\" height=\"24\" aria-hidden=\"true\" role=\"img\" focusable=\"false\" viewbox=\"0 0 13 16\" fill=\"currentColor\" xmlns=\"http:\/\/www.w3.org\/2000\/svg\"><path d=\"M6.40984 3.43944C4.77197 3.43944 3.43944 4.77197 3.43944 6.40984C3.43944 8.04772 4.77197 9.38025 6.40984 9.38025C8.04772 9.38025 9.38025 8.04772 9.38025 6.40984C9.38025 4.77197 8.04775 3.43944 6.40984 3.43944ZM6.40984 8.12956C5.46159 8.12956 4.69012 7.35809 4.69012 6.40984C4.69012 5.46159 5.46159 4.69012 6.40984 4.69012C7.35809 4.69012 8.12956 5.46159 8.12956 6.40984C8.12956 7.35809 7.35809 8.12956 6.40984 8.12956Z\" \/><path d=\"M6.40984 0C2.87544 0 0 2.87547 0 6.40984V6.58703C0 8.37453 1.02481 10.4575 3.04606 12.7781C4.51131 14.4603 5.95609 15.6333 6.01684 15.6824L6.40984 16L6.80284 15.6825C6.86363 15.6333 8.30841 14.4603 9.77362 12.7781C11.7948 10.4575 12.8197 8.37456 12.8197 6.58706V6.40987C12.8197 2.87547 9.94425 0 6.40984 0ZM11.569 6.58706C11.569 9.60784 7.67678 13.2646 6.40984 14.3746C5.14256 13.2642 1.25069 9.60763 1.25069 6.58706V6.40987C1.25069 3.56512 3.56509 1.25072 6.40984 1.25072C9.25459 1.25072 11.569 3.56512 11.569 6.40987V6.58706Z\" \/><\/svg><\/span>Aftersales services in Netherlands 3<\/div>\n                                <div class=\"ecomus-store-locations__info\"><span class=\"em-font-semibold\">Adresse<\/span><div>Fiets Dienstverlening Ede  Hakselseweg 50  6713 KW Ede<\/div><\/div>\n                                <div class=\"ecomus-store-locations__info\"><span class=\"em-font-semibold\">T\u00e9l\u00e9phone<\/span><div>0318-848882<\/div><\/div>\n                                <div class=\"ecomus-store-locations__info\"><span class=\"em-font-semibold\">Courriel<\/span><div>support@fluencebike.com<\/div><\/div>\n                            <\/div><div class=\"ecomus-store-locations__content\" data-tab=\"tab-4\">\n                                <div class=\"ecomus-store-locations__title em-flex em-flex-align-center\"><span class=\"ecomus-svg-icon ecomus-svg-icon--location\" ><svg width=\"24\" height=\"24\" aria-hidden=\"true\" role=\"img\" focusable=\"false\" viewbox=\"0 0 13 16\" fill=\"currentColor\" xmlns=\"http:\/\/www.w3.org\/2000\/svg\"><path d=\"M6.40984 3.43944C4.77197 3.43944 3.43944 4.77197 3.43944 6.40984C3.43944 8.04772 4.77197 9.38025 6.40984 9.38025C8.04772 9.38025 9.38025 8.04772 9.38025 6.40984C9.38025 4.77197 8.04775 3.43944 6.40984 3.43944ZM6.40984 8.12956C5.46159 8.12956 4.69012 7.35809 4.69012 6.40984C4.69012 5.46159 5.46159 4.69012 6.40984 4.69012C7.35809 4.69012 8.12956 5.46159 8.12956 6.40984C8.12956 7.35809 7.35809 8.12956 6.40984 8.12956Z\" \/><path d=\"M6.40984 0C2.87544 0 0 2.87547 0 6.40984V6.58703C0 8.37453 1.02481 10.4575 3.04606 12.7781C4.51131 14.4603 5.95609 15.6333 6.01684 15.6824L6.40984 16L6.80284 15.6825C6.86363 15.6333 8.30841 14.4603 9.77362 12.7781C11.7948 10.4575 12.8197 8.37456 12.8197 6.58706V6.40987C12.8197 2.87547 9.94425 0 6.40984 0ZM11.569 6.58706C11.569 9.60784 7.67678 13.2646 6.40984 14.3746C5.14256 13.2642 1.25069 9.60763 1.25069 6.58706V6.40987C1.25069 3.56512 3.56509 1.25072 6.40984 1.25072C9.25459 1.25072 11.569 3.56512 11.569 6.40987V6.58706Z\" \/><\/svg><\/span>Services apr\u00e8s-vente en Italie<\/div>\n                                <div class=\"ecomus-store-locations__info\"><span class=\"em-font-semibold\">Adresse<\/span><div>Viale Dante Alighieri, 51F, 28100 Novara NO,<\/div><\/div>\n                                <div class=\"ecomus-store-locations__info\"><span class=\"em-font-semibold\">T\u00e9l\u00e9phone<\/span><div>+39 3778240696<\/div><\/div>\n                                <div class=\"ecomus-store-locations__info\"><span class=\"em-font-semibold\">Courriel<\/span><div>support@fluencebike.com<\/div><\/div>\n                            <\/div>                <\/div>\n            <\/div>\n            <div class=\"ecomus-store-locations__tab\">\n                <div class=\"active ecomus-store-locations__embed\" data-tab=\"tab-0\">\n                                <iframe loading=\"lazy\"\n                                        src=\"https:\/\/maps.google.com\/maps?q=61%20rue%20sadi%20carnot%2093300%20Aubervilliers%20%2C%20France&#038;t=m&#038;z=11&#038;output=embed&#038;iwloc=near\"\n                                        title=\"61 rue sadi carnot 93300 Aubervilliers , France\"\n                                        aria-label=\"61 rue sadi carnot 93300 Aubervilliers , France\"\n                                        width=\"950\"\n                                        height=\"985\"\n                                ><\/iframe>\n                            <\/div><div class=\"ecomus-store-locations__embed\" data-tab=\"tab-1\">\n                                <iframe loading=\"lazy\"\n                                        src=\"https:\/\/maps.google.com\/maps?q=IJburglaan%201391%201087%20KH%20AMSTERDAM&#038;t=m&#038;z=11&#038;output=embed&#038;iwloc=near\"\n                                        title=\"IJburglaan 1391 1087 KH AMSTERDAM\"\n                                        aria-label=\"IJburglaan 1391 1087 KH AMSTERDAM\"\n                                        width=\"950\"\n                                        height=\"985\"\n                                ><\/iframe>\n                            <\/div><div class=\"ecomus-store-locations__embed\" data-tab=\"tab-2\">\n                                <iframe loading=\"lazy\"\n                                        src=\"https:\/\/maps.google.com\/maps?q=Zuidplein%20320%2C%203083%20CX%20Rotterdam&#038;t=m&#038;z=11&#038;output=embed&#038;iwloc=near\"\n                                        title=\"Zuidplein 320, 3083 CX Rotterdam\"\n                                        aria-label=\"Zuidplein 320, 3083 CX Rotterdam\"\n                                        width=\"950\"\n                                        height=\"985\"\n                                ><\/iframe>\n                            <\/div><div class=\"ecomus-store-locations__embed\" data-tab=\"tab-3\">\n                                <iframe loading=\"lazy\"\n                                        src=\"https:\/\/maps.google.com\/maps?q=Fiets%20Dienstverlening%20Ede%20%20Hakselseweg%2050%20%206713%20KW%20Ede&#038;t=m&#038;z=11&#038;output=embed&#038;iwloc=near\"\n                                        title=\"Fiets Dienstverlening Ede  Hakselseweg 50  6713 KW Ede\"\n                                        aria-label=\"Fiets Dienstverlening Ede  Hakselseweg 50  6713 KW Ede\"\n                                        width=\"950\"\n                                        height=\"985\"\n                                ><\/iframe>\n                            <\/div><div class=\"ecomus-store-locations__embed\" data-tab=\"tab-4\">\n                                <iframe loading=\"lazy\"\n                                        src=\"https:\/\/maps.google.com\/maps?q=Viale%20Dante%20Alighieri%2C%2051F%2C%2028100%20Novara%20NO%2C&#038;t=m&#038;z=11&#038;output=embed&#038;iwloc=near\"\n                                        title=\"Viale Dante Alighieri, 51F, 28100 Novara NO,\"\n                                        aria-label=\"Viale Dante Alighieri, 51F, 28100 Novara NO,\"\n                                        width=\"950\"\n                                        height=\"985\"\n                                ><\/iframe>\n                            <\/div>            <\/div>\n        <\/div>\n    \t\t\t\t<\/div>\n\t\t\t\t<\/div>\n\t\t\t\t\t<\/div>\n\t\t\t\t<\/div>\n\t\t\t\t<\/div>","protected":false},"excerpt":{"rendered":"<p>We are here to help!FLUENCE has partnered with reputable bike shops global-wide who are willing and able to assist you with service and repairs. Check out our Certified Partners to see if there is a location near you! Please Note:If you are experiencing issues with your FLUENCE EBike, please reach out our reach out to [&hellip;]<\/p>","protected":false},"author":1,"featured_media":0,"parent":0,"menu_order":0,"comment_status":"closed","ping_status":"closed","template":"","meta":{"footnotes":""},"class_list":["post-7168","page","type-page","status-publish","hentry"],"jetpack_sharing_enabled":true,"_links":{"self":[{"href":"https:\/\/fluencebike.com\/fr\/wp-json\/wp\/v2\/pages\/7168","targetHints":{"allow":["GET"]}}],"collection":[{"href":"https:\/\/fluencebike.com\/fr\/wp-json\/wp\/v2\/pages"}],"about":[{"href":"https:\/\/fluencebike.com\/fr\/wp-json\/wp\/v2\/types\/page"}],"author":[{"embeddable":true,"href":"https:\/\/fluencebike.com\/fr\/wp-json\/wp\/v2\/users\/1"}],"replies":[{"embeddable":true,"href":"https:\/\/fluencebike.com\/fr\/wp-json\/wp\/v2\/comments?post=7168"}],"version-history":[{"count":3,"href":"https:\/\/fluencebike.com\/fr\/wp-json\/wp\/v2\/pages\/7168\/revisions"}],"predecessor-version":[{"id":12073,"href":"https:\/\/fluencebike.com\/fr\/wp-json\/wp\/v2\/pages\/7168\/revisions\/12073"}],"wp:attachment":[{"href":"https:\/\/fluencebike.com\/fr\/wp-json\/wp\/v2\/media?parent=7168"}],"curies":[{"name":"wp","href":"https:\/\/api.w.org\/{rel}","templated":true}]}}