{"id":3868,"date":"2025-03-13T01:35:14","date_gmt":"2025-03-13T01:35:14","guid":{"rendered":"https:\/\/raw.githubusercontent.com\/drfuri\/demo-content\/main\/ecomus\/fashion\/images\/?page_id=10"},"modified":"2025-08-27T07:30:34","modified_gmt":"2025-08-27T07:30:34","slug":"shipping-policy","status":"publish","type":"page","link":"https:\/\/fluencebike.com\/fr\/shipping-policy\/","title":{"rendered":"Politique d'exp\u00e9dition"},"content":{"rendered":"<div data-elementor-type=\"wp-page\" data-elementor-id=\"3868\" class=\"elementor elementor-3868\" data-elementor-post-type=\"page\">\n\t\t\t\t<div class=\"elementor-element elementor-element-63b70c01 e-flex e-con-boxed ecomus-responsive-column ecomus-tablet-column--default ecomus-responsive-column ecomus-mobile-column--default e-con e-parent\" data-id=\"63b70c01\" data-element_type=\"container\">\n\t\t\t\t\t<div class=\"e-con-inner\">\n\t\t\t\t<div class=\"elementor-element elementor-element-701535fe elementor-widget elementor-widget-text-editor\" data-id=\"701535fe\" data-element_type=\"widget\" data-widget_type=\"text-editor.default\">\n\t\t\t\t<div class=\"elementor-widget-container\">\n\t\t\t\t\t\t\t\t\t<p>Si vous avez des questions concernant votre commande, n'h\u00e9sitez pas \u00e0 nous contacter \u00e0 l'adresse suivante <a href=\"mailto:support@fluencebike.com\"><span style=\"text-decoration: underline; color: #ff6600;\"><strong>support@fluencebike.com<\/strong><\/span><\/a>.<\/p><p>FLUENCE offre une livraison locale gratuite <strong><span style=\"color: #ff6600;\">livraison gratuite<\/span><\/strong> sur les commandes qualifi\u00e9es.<\/p><p>Les r\u00e9gions \u00e9loign\u00e9es et les \u00eeles ne sont pas comprises dans le rayon d'action de la livraison.<\/p><h6>EXP\u00c9DITION ET LIVRAISON :<\/h6><p><strong>Toutes les commandes seront exp\u00e9di\u00e9es \u00e0 partir de l'entrep\u00f4t de l'UE\uff08Exception faite de certains accessoires) en fonction de votre localisation. Nous offrons une livraison GRATUITE pour toutes les commandes qualifi\u00e9es. Une fois votre commande pass\u00e9e, vous pouvez commencer \u00e0 suivre son acheminement deux jours plus tard en cliquant sur le lien suivant : <a href=\"https:\/\/fluencebike.com\/fr\/order-tracking\/\"><span style=\"text-decoration: underline; color: #ff6600;\">Suivi des commandes<\/span><\/a> et vous devriez recevoir votre commande dans un d\u00e9lai de 3 \u00e0 10 jours ouvrables. Veuillez vous r\u00e9f\u00e9rer \u00e0 la tablette ci-dessous pour conna\u00eetre les pays vers lesquels nous exp\u00e9dions et le d\u00e9lai d'exp\u00e9dition estim\u00e9.<\/strong><\/p>\t\t\t\t\t\t\t\t<\/div>\n\t\t\t\t<\/div>\n\t\t\t\t\t<\/div>\n\t\t\t\t<\/div>\n\t\t<div class=\"elementor-element elementor-element-6d23c5c e-flex e-con-boxed ecomus-responsive-column ecomus-tablet-column--default ecomus-responsive-column ecomus-mobile-column--default e-con e-parent\" data-id=\"6d23c5c\" data-element_type=\"container\">\n\t\t\t\t\t<div class=\"e-con-inner\">\n\t\t\t\t<div class=\"elementor-element elementor-element-ae5262e elementor-widget elementor-widget-html\" data-id=\"ae5262e\" data-element_type=\"widget\" data-widget_type=\"html.default\">\n\t\t\t\t<div class=\"elementor-widget-container\">\n\t\t\t\t\t<!DOCTYPE html>\r\n<html lang=\"en\">\r\n<head>\r\n    <meta charset=\"UTF-8\">\r\n    <meta name=\"viewport\" content=\"width=device-width, initial-scale=1.0\">\r\n    <title>Informations sur l'exp\u00e9dition<\/title>\r\n    <style>\r\n        table {\r\n            width: 100%;\r\n            border-collapse: collapse;\r\n            margin: 20px 0;\r\n            font-family: milotf-text;\r\n        }\r\n        th, td {\r\n            border: 1px solid #ddd;\r\n            padding: 12px;\r\n            text-align: left;\r\n        }\r\n        th {\r\n            background-color: #f2f2f2;\r\n            font-weight: bold;\r\n        }\r\n        tr:nth-child(even) {\r\n            background-color: #f9f9f9;\r\n        }\r\n        tr:hover {\r\n            background-color: #f1f1f1;\r\n        }\r\n    <\/style>\r\n<\/head>\r\n<body>\r\n\r\n\r\n<table>\r\n    <thead>\r\n        <tr>\r\n            <th>Pays d'exp\u00e9dition<\/th>\r\n            <th>Est. D\u00e9lai d'exp\u00e9dition<\/th>\r\n            <th>Co\u00fbts<\/th>\r\n        <\/tr>\r\n    <\/thead>\r\n    <tbody>\r\n        <tr>\r\n            <td>France<\/td>\r\n            <td>3-7 jours ouvrables<\/td>\r\n            <td>Calcul en temps r\u00e9el bas\u00e9 sur la logistique<\/td>\r\n        <\/tr>\r\n        <tr>\r\n            <td>Allemagne<\/td>\r\n            <td>3-7 jours ouvrables<\/td>\r\n            <td>Calcul en temps r\u00e9el bas\u00e9 sur la logistique<\/td>\r\n        <\/tr>\r\n        <tr>\r\n            <td>Italie<\/td>\r\n            <td>3-7 jours ouvrables<\/td>\r\n            <td>Calcul en temps r\u00e9el bas\u00e9 sur la logistique<\/td>\r\n        <\/tr>\r\n        <tr>\r\n            <td>Autriche<\/td>\r\n            <td>3-7 jours ouvrables<\/td>\r\n            <td>Calcul en temps r\u00e9el bas\u00e9 sur la logistique<\/td>\r\n        <\/tr>\r\n        <tr>\r\n            <td>Belgique<\/td>\r\n            <td>3-7 jours ouvrables<\/td>\r\n            <td>Calcul en temps r\u00e9el bas\u00e9 sur la logistique<\/td>\r\n        <\/tr>\r\n        <tr>\r\n            <td>Bulgarie<\/td>\r\n            <td>3-7 jours ouvrables<\/td>\r\n            <td>Calcul en temps r\u00e9el bas\u00e9 sur la logistique<\/td>\r\n        <\/tr>\r\n        <tr>\r\n            <td>Croatie<\/td>\r\n            <td>3-7 jours ouvrables<\/td>\r\n            <td>Calcul en temps r\u00e9el bas\u00e9 sur la logistique<\/td>\r\n        <\/tr>\r\n        <tr>\r\n            <td>R\u00e9publique tch\u00e8que<\/td>\r\n            <td>3-7 jours ouvrables<\/td>\r\n            <td>Calcul en temps r\u00e9el bas\u00e9 sur la logistique<\/td>\r\n        <\/tr>\r\n        <tr>\r\n            <td>Danemark<\/td>\r\n            <td>3-7 jours ouvrables<\/td>\r\n            <td>Calcul en temps r\u00e9el bas\u00e9 sur la logistique<\/td>\r\n        <\/tr>\r\n        <tr>\r\n            <td>Estonie<\/td>\r\n            <td>3-7 jours ouvrables<\/td>\r\n            <td>Calcul en temps r\u00e9el bas\u00e9 sur la logistique<\/td>\r\n        <\/tr>\r\n        <tr>\r\n            <td>Finlande<\/td>\r\n            <td>3-7 jours ouvrables<\/td>\r\n            <td>Calcul en temps r\u00e9el bas\u00e9 sur la logistique<\/td>\r\n        <\/tr>\r\n        <tr>\r\n            <td>Gr\u00e8ce<\/td>\r\n            <td>3-7 jours ouvrables<\/td>\r\n            <td>Calcul en temps r\u00e9el bas\u00e9 sur la logistique<\/td>\r\n        <\/tr>\r\n        <tr>\r\n            <td>Hongrie<\/td>\r\n            <td>3-7 jours ouvrables<\/td>\r\n            <td>Calcul en temps r\u00e9el bas\u00e9 sur la logistique<\/td>\r\n        <\/tr>\r\n        <tr>\r\n            <td>Irlande<\/td>\r\n            <td>3-7 jours ouvrables<\/td>\r\n            <td>Calcul en temps r\u00e9el bas\u00e9 sur la logistique<\/td>\r\n        <\/tr>\r\n        <tr>\r\n            <td>Lettonie<\/td>\r\n            <td>3-7 jours ouvrables<\/td>\r\n            <td>Calcul en temps r\u00e9el bas\u00e9 sur la logistique<\/td>\r\n        <\/tr>\r\n        <tr>\r\n            <td>Lituanie<\/td>\r\n            <td>3-7 jours ouvrables<\/td>\r\n            <td>Calcul en temps r\u00e9el bas\u00e9 sur la logistique<\/td>\r\n        <\/tr>\r\n        <tr>\r\n            <td>Luxembourg<\/td>\r\n            <td>3-7 jours ouvrables<\/td>\r\n            <td>Calcul en temps r\u00e9el bas\u00e9 sur la logistique<\/td>\r\n        <\/tr>\r\n        <tr>\r\n            <td>Pays-Bas<\/td>\r\n            <td>3-7 jours ouvrables<\/td>\r\n            <td>Calcul en temps r\u00e9el bas\u00e9 sur la logistique<\/td>\r\n        <\/tr>\r\n        <tr>\r\n            <td>Pologne<\/td>\r\n            <td>3-7 jours ouvrables<\/td>\r\n            <td>Calcul en temps r\u00e9el bas\u00e9 sur la logistique<\/td>\r\n        <\/tr>\r\n        <tr>\r\n            <td>Portugal<\/td>\r\n            <td>3-7 jours ouvrables<\/td>\r\n            <td>Calcul en temps r\u00e9el bas\u00e9 sur la logistique<\/td>\r\n        <\/tr>\r\n        <tr>\r\n            <td>Roumanie<\/td>\r\n            <td>3-7 jours ouvrables<\/td>\r\n            <td>Calcul en temps r\u00e9el bas\u00e9 sur la logistique<\/td>\r\n        <\/tr>\r\n        <tr>\r\n            <td>Slovaquie<\/td>\r\n            <td>3-7 jours ouvrables<\/td>\r\n            <td>Calcul en temps r\u00e9el bas\u00e9 sur la logistique<\/td>\r\n        <\/tr>\r\n        <tr>\r\n            <td>Slov\u00e9nie<\/td>\r\n            <td>3-7 jours ouvrables<\/td>\r\n            <td>Calcul en temps r\u00e9el bas\u00e9 sur la logistique<\/td>\r\n        <\/tr>\r\n        <tr>\r\n            <td>Espagne<\/td>\r\n            <td>3-7 jours ouvrables<\/td>\r\n            <td>Calcul en temps r\u00e9el bas\u00e9 sur la logistique<\/td>\r\n        <\/tr>\r\n        <tr>\r\n            <td>Su\u00e8de<\/td>\r\n            <td>3-7 jours ouvrables<\/td>\r\n            <td>Calcul en temps r\u00e9el bas\u00e9 sur la logistique<\/td>\r\n        <\/tr>\r\n    <\/tbody>\r\n<\/table>\r\n\r\n<\/body>\r\n<\/html>\t\t\t\t<\/div>\n\t\t\t\t<\/div>\n\t\t\t\t<div class=\"elementor-element elementor-element-9bab332 elementor-widget elementor-widget-text-editor\" data-id=\"9bab332\" data-element_type=\"widget\" data-widget_type=\"text-editor.default\">\n\t\t\t\t<div class=\"elementor-widget-container\">\n\t\t\t\t\t\t\t\t\t<h6>*D\u00e9lai de livraison = d\u00e9lai de traitement + d\u00e9lai d'exp\u00e9dition<\/h6><p>Le d\u00e9lai d'exp\u00e9dition estim\u00e9 n'est qu'une estimation du d\u00e9lai d'exp\u00e9dition national bas\u00e9e sur notre exp\u00e9rience, et n'inclut pas le d\u00e9lai de traitement.<\/p><p>\u25cf D\u00e9lai de traitement : Pour les produits \"en stock\", il faut g\u00e9n\u00e9ralement 1 \u00e0 2 jours ouvrables pour que notre entrep\u00f4t pr\u00e9pare l'exp\u00e9dition apr\u00e8s que la commande a \u00e9t\u00e9 pass\u00e9e. Les informations de suivi peuvent prendre un temps suppl\u00e9mentaire pour \u00eatre mises \u00e0 jour apr\u00e8s la cr\u00e9ation du num\u00e9ro de suivi.<\/p><p>\u25cf D\u00e9lai de livraison : Le d\u00e9lai de livraison final peut varier et d\u00e9pend de votre transporteur local. Une fois votre commande pass\u00e9e, veuillez compter 2 jours pour le traitement avant de suivre votre colis \u00e0 : <strong><span style=\"text-decoration: underline; color: #ff6600;\">Suivi des commandes<\/span><\/strong> et vous devriez recevoir votre commande dans un d\u00e9lai de 3 \u00e0 7 jours ouvrables.<\/p><h6>SUIVRE VOTRE COMMANDE :<\/h6><p>\u25cf Lorsque votre commande est exp\u00e9di\u00e9e depuis notre entrep\u00f4t, nous envoyons un courriel \u00e0 l'adresse \u00e9lectronique que vous avez laiss\u00e9e lors de la commande, avec vos informations de suivi.<\/p><p>\u25cf Si vous ne recevez pas cet e-mail, ou si vous avez des questions concernant l'exp\u00e9dition, veuillez nous contacter \u00e0 l'adresse suivante <a href=\"mailto:support@fluencebike.com\"><span style=\"text-decoration: underline; color: #ff6600;\"><strong>support@fluencebike.com<\/strong><\/span><\/a>.<\/p><h6>POUR LES V\u00c9LOS \u00c9LECTRIQUES PR\u00c9COMMAND\u00c9S :<\/h6><p>De temps en temps, nous proposons une COMMANDE PR\u00c9ALABLE sur la page du produit. Veuillez vous r\u00e9f\u00e9rer \u00e0 la page du produit pour conna\u00eetre les d\u00e9lais d'exp\u00e9dition de la PRE-COMMANDE.<br \/>Si vous avez des questions ou des pr\u00e9occupations, n'h\u00e9sitez pas \u00e0 contacter notre service client\u00e8le \u00e0 l'adresse suivante <a href=\"mailto:support@fluencebike.com\"><span style=\"text-decoration: underline; color: #ff6600;\"><strong>support@fluencebike.com<\/strong><\/span><\/a>.<br \/>Merci de votre attention !<\/p>\t\t\t\t\t\t\t\t<\/div>\n\t\t\t\t<\/div>\n\t\t\t\t\t<\/div>\n\t\t\t\t<\/div>\n\t\t\t\t<\/div>","protected":false},"excerpt":{"rendered":"<p>If you have any concerns about your order, feel free to contact us at support@fluencebike.com. FLUENCE offers free local delivery free shipping on qualified orders. Remote areas and islands are not within the delivery range. SHIPPING &amp; DELIVERY: All orders will be shipped from the EU warehouse\uff08Except some accessories) depending on your location. We offer [&hellip;]<\/p>","protected":false},"author":1,"featured_media":0,"parent":0,"menu_order":0,"comment_status":"closed","ping_status":"closed","template":"","meta":{"footnotes":""},"class_list":["post-3868","page","type-page","status-publish","hentry"],"jetpack_sharing_enabled":true,"_links":{"self":[{"href":"https:\/\/fluencebike.com\/fr\/wp-json\/wp\/v2\/pages\/3868","targetHints":{"allow":["GET"]}}],"collection":[{"href":"https:\/\/fluencebike.com\/fr\/wp-json\/wp\/v2\/pages"}],"about":[{"href":"https:\/\/fluencebike.com\/fr\/wp-json\/wp\/v2\/types\/page"}],"author":[{"embeddable":true,"href":"https:\/\/fluencebike.com\/fr\/wp-json\/wp\/v2\/users\/1"}],"replies":[{"embeddable":true,"href":"https:\/\/fluencebike.com\/fr\/wp-json\/wp\/v2\/comments?post=3868"}],"version-history":[{"count":0,"href":"https:\/\/fluencebike.com\/fr\/wp-json\/wp\/v2\/pages\/3868\/revisions"}],"wp:attachment":[{"href":"https:\/\/fluencebike.com\/fr\/wp-json\/wp\/v2\/media?parent=3868"}],"curies":[{"name":"wp","href":"https:\/\/api.w.org\/{rel}","templated":true}]}}