{"id":185,"date":"2024-06-10T08:15:29","date_gmt":"2024-06-10T08:15:29","guid":{"rendered":"https:\/\/raw.githubusercontent.com\/drfuri\/demo-content\/main\/ecomus\/fashion\/images\/?page_id=185"},"modified":"2025-05-21T04:00:58","modified_gmt":"2025-05-21T04:00:58","slug":"privacy-policy","status":"publish","type":"page","link":"https:\/\/fluencebike.com\/fr\/privacy-policy\/","title":{"rendered":"Politique de confidentialit\u00e9"},"content":{"rendered":"<div data-elementor-type=\"wp-page\" data-elementor-id=\"185\" class=\"elementor elementor-185\" data-elementor-post-type=\"page\">\n\t\t\t\t<div class=\"elementor-element elementor-element-f0c432e e-flex e-con-boxed ecomus-responsive-column ecomus-tablet-column--default ecomus-responsive-column ecomus-mobile-column--default e-con e-parent\" data-id=\"f0c432e\" data-element_type=\"container\">\n\t\t\t\t\t<div class=\"e-con-inner\">\n\t\t<div class=\"elementor-element elementor-element-6373f55 e-con-full e-flex ecomus-responsive-column ecomus-tablet-column--default ecomus-responsive-column ecomus-mobile-column--default e-con e-child\" data-id=\"6373f55\" data-element_type=\"container\">\n\t\t\t\t<\/div>\n\t\t<div class=\"elementor-element elementor-element-20b2d96 e-con-full e-flex ecomus-responsive-column ecomus-tablet-column--default ecomus-responsive-column ecomus-mobile-column--default e-con e-child\" data-id=\"20b2d96\" data-element_type=\"container\">\n\t\t\t\t<div class=\"elementor-element elementor-element-22906db elementor-widget elementor-widget-text-editor\" data-id=\"22906db\" data-element_type=\"widget\" data-widget_type=\"text-editor.default\">\n\t\t\t\t<div class=\"elementor-widget-container\">\n\t\t\t\t\t\t\t\t\t<p><strong>Date d'entr\u00e9e en vigueur : [2025\/01\/10]<\/strong><\/p><p>La pr\u00e9sente politique de confidentialit\u00e9 explique comment FLUENCE (\"nous\", \"notre\" ou \"nos\") traite vos informations et donn\u00e9es personnelles. Elle s'applique \u00e0 tous les produits, services et sites Web propos\u00e9s par FLUENCE et ses soci\u00e9t\u00e9s affili\u00e9es, collectivement d\u00e9sign\u00e9s sous le nom de \"services\". En utilisant nos services, vous acceptez cette politique.<\/p><h6><strong>1. Que faisons-nous de vos informations ?<\/strong><\/h6><p>Lorsque vous achetez quelque chose dans notre magasin, nous recueillons les informations personnelles que vous fournissez, telles que votre nom, votre adresse, votre adresse \u00e9lectronique et les d\u00e9tails de votre paiement, dans le cadre du processus d'achat et de vente.<\/p><p>Traitement des commandes : Ces informations nous permettent de traiter votre commande, de v\u00e9rifier votre paiement et de livrer les produits.<br \/>V\u00e9rification de l'identit\u00e9 : Pour nous prot\u00e9ger contre la fraude, nous utilisons une plateforme de v\u00e9rification de la fraude s\u00e9curis\u00e9e par un tiers.<br \/>Informations sur la navigation : Lorsque vous naviguez dans notre magasin, nous pouvons collecter l'adresse IP (Internet Protocol) de votre ordinateur afin de mieux comprendre votre navigateur et votre syst\u00e8me d'exploitation.<br \/>Marketing : Avec votre autorisation, nous pouvons vous envoyer des courriels concernant notre magasin, nos nouveaux produits, nos promotions et nos mises \u00e0 jour.<\/p><h6><strong>2. Consentement<\/strong><\/h6><p>a. Comment obtenons-nous votre consentement ?<br \/>Lorsque vous fournissez des informations personnelles pour effectuer une transaction, v\u00e9rifier votre paiement, passer une commande ou organiser un retour, vous consentez \u00e0 ce qu'elles soient collect\u00e9es et utilis\u00e9es \u00e0 ces fins.<\/p><p>Pour des objectifs secondaires, tels que le marketing, nous vous demanderons votre consentement explicite ou vous offrirons la possibilit\u00e9 de refuser.<\/p><p>b. Comment retirer son consentement ?<br \/>Si vous changez d'avis apr\u00e8s avoir choisi de participer, vous pouvez retirer votre consentement \u00e0 ce que nous vous contactions ou \u00e0 ce que nous recueillions et utilisions vos informations. Pour ce faire, veuillez nous contacter \u00e0 l'adresse [ins\u00e9rer l'adresse \u00e9lectronique de contact].<\/p><h6><strong>3. Divulgation<\/strong><\/h6><p>Nous pouvons divulguer vos informations personnelles :<\/p><p>Si la loi l'exige.<br \/>Si vous enfreignez nos conditions d'utilisation.<\/p><h6><strong>4. Plate-forme de paiement<\/strong><\/h6><p>Notre magasin utilise une plateforme de paiement tierce pour traiter les transactions de mani\u00e8re s\u00fbre et efficace.<\/p><p>a. Stockage des donn\u00e9es<br \/>Vos donn\u00e9es sont stock\u00e9es en toute s\u00e9curit\u00e9 par les syst\u00e8mes de stockage de donn\u00e9es de la plateforme de paiement. La plateforme utilise des m\u00e9thodes de cryptage standard pour prot\u00e9ger vos informations.<\/p><p>b. Informations relatives au paiement<br \/>Si vous utilisez la plateforme de paiement pour effectuer votre achat, les informations relatives \u00e0 votre carte de cr\u00e9dit sont crypt\u00e9es conform\u00e9ment \u00e0 la norme de s\u00e9curit\u00e9 des donn\u00e9es de l'industrie des cartes de paiement (PCI-DSS).<br \/>Les donn\u00e9es relatives \u00e0 votre transaction ne sont conserv\u00e9es que le temps n\u00e9cessaire \u00e0 la r\u00e9alisation de votre achat. Une fois la transaction finalis\u00e9e, les informations sont supprim\u00e9es en toute s\u00e9curit\u00e9.<\/p><p>Pour plus d'informations, veuillez consulter la politique de confidentialit\u00e9 de la plateforme de paiement.<\/p><h6><strong>5. Services de tiers<\/strong><\/h6><p>Nous pouvons faire appel \u00e0 des fournisseurs tiers pour ex\u00e9cuter des fonctions sp\u00e9cifiques (par exemple, le traitement des paiements ou la livraison). Ces fournisseurs recueillent, utilisent et divulguent vos informations uniquement dans la mesure o\u00f9 cela est n\u00e9cessaire \u00e0 l'ex\u00e9cution de leurs services.<\/p><p>a. Politiques de confidentialit\u00e9 des tiers<br \/>Nous vous recommandons de consulter les politiques de confidentialit\u00e9 de ces fournisseurs pour comprendre comment vos informations sont trait\u00e9es.<\/p><p>b. Lois juridictionnelles<br \/>Si un fournisseur est situ\u00e9 dans une juridiction diff\u00e9rente, vos informations peuvent \u00eatre soumises aux lois de cette juridiction. Par exemple, les transactions trait\u00e9es aux \u00c9tats-Unis peuvent \u00eatre soumises \u00e0 des lois am\u00e9ricaines telles que le Patriot Act.<\/p><p>D\u00e8s que vous quittez notre site ou que vous \u00eates redirig\u00e9 vers une application tierce, la pr\u00e9sente politique de confidentialit\u00e9 ne s'applique plus.<\/p><h6><strong>6. S\u00e9curit\u00e9<\/strong><\/h6><p>Nous mettons en \u0153uvre des pratiques conformes aux normes de l'industrie pour prot\u00e9ger vos informations personnelles.<\/p><p>Cryptage : Nous utilisons la technologie Secure Socket Layer (SSL) pour crypter les donn\u00e9es sensibles.<br \/>S\u00e9curit\u00e9 du stockage : Vos informations sont stock\u00e9es en toute s\u00e9curit\u00e9 gr\u00e2ce au cryptage AES-256.<br \/>Bien qu'aucune m\u00e9thode de transmission sur Internet ne soit 100% s\u00fbre, nous respectons toutes les exigences PCI-DSS et appliquons d'autres bonnes pratiques.<\/p><h6><strong>7. Cookies<\/strong><\/h6><p>Nous utilisons des cookies pour am\u00e9liorer votre exp\u00e9rience sur notre site. Voici quelques-uns des cookies que nous utilisons :<\/p><p>_session_id : Trace votre session (r\u00e9f\u00e9rent, page d'atterrissage, etc.).<br \/>panier : Stocke les articles dans votre panier.<br \/>_secure_session_id : Maintient les sessions s\u00e9curis\u00e9es.<br \/>Vous pouvez g\u00e9rer vos pr\u00e9f\u00e9rences en mati\u00e8re de cookies dans les param\u00e8tres de votre navigateur.<\/p><h6><strong>8. L'\u00e2ge du consentement<\/strong><\/h6><p>En utilisant ce site, vous confirmez que vous avez au moins l'\u00e2ge de la majorit\u00e9 dans votre juridiction, ou que vous avez donn\u00e9 votre accord pour que les personnes mineures \u00e0 votre charge puissent utiliser ce site.<\/p><h6><strong>9. Modifications de la pr\u00e9sente politique de protection de la vie priv\u00e9e<\/strong><\/h6><p>Nous nous r\u00e9servons le droit de mettre \u00e0 jour la pr\u00e9sente politique de confidentialit\u00e9 \u00e0 tout moment. Toute modification sera publi\u00e9e sur cette page avec une mise \u00e0 jour de la \"date d'entr\u00e9e en vigueur\". Les mises \u00e0 jour importantes seront communiqu\u00e9es par courrier \u00e9lectronique ou par un avis sur notre site web.<\/p><h6><strong>10. Comment utilisons-nous les informations que nous recueillons ?<\/strong><\/h6><p>Nous utilisons les informations collect\u00e9es pour :<\/p><p>Personnaliser votre exp\u00e9rience et vous proposer un contenu et des produits susceptibles de vous int\u00e9resser.<br \/>Am\u00e9liorer notre service \u00e0 la client\u00e8le et r\u00e9pondre aux demandes de renseignements.<br \/>Traiter les transactions rapidement et efficacement.<br \/>Envoyer des courriels de marketing (si vous avez choisi de le faire).<\/p><h6><strong>11. Comment pouvez-vous refuser ou modifier des informations ?<\/strong><\/h6><p>Pour vous d\u00e9sabonner des courriels de marketing, cliquez sur le lien \"se d\u00e9sabonner\" dans nos courriels ou mettez \u00e0 jour vos pr\u00e9f\u00e9rences dans votre compte. Pour supprimer les informations de votre compte, connectez-vous \u00e0 votre compte et supprimez vos donn\u00e9es.<\/p><h6><strong>12. Nous contacter<\/strong><\/h6><p>Pour toute question relative \u00e0 la pr\u00e9sente politique de confidentialit\u00e9, veuillez nous contacter \u00e0 l'adresse suivante<\/p><p>Courriel : support@fluencebike.com<br \/>Merci de faire confiance \u00e0 FLUENCE !<\/p>\t\t\t\t\t\t\t\t<\/div>\n\t\t\t\t<\/div>\n\t\t\t\t<\/div>\n\t\t<div class=\"elementor-element elementor-element-20dc6ac e-con-full e-flex ecomus-responsive-column ecomus-tablet-column--default ecomus-responsive-column ecomus-mobile-column--default e-con e-child\" data-id=\"20dc6ac\" data-element_type=\"container\">\n\t\t\t\t<\/div>\n\t\t\t\t\t<\/div>\n\t\t\t\t<\/div>\n\t\t\t\t<\/div>","protected":false},"excerpt":{"rendered":"<p>Effective Date: [2025\/01\/10] This Privacy Policy explains how FLUENCE (\u201cwe,\u201d \u201cus,\u201d or \u201cour\u201d) handles your personal information and data. It applies to all products, services, and websites offered by FLUENCE and its affiliates, collectively referred to as the \u201cservices.\u201d By using our services, you agree to this policy. 1. What Do We Do With Your [&hellip;]<\/p>","protected":false},"author":1,"featured_media":0,"parent":0,"menu_order":0,"comment_status":"closed","ping_status":"closed","template":"","meta":{"footnotes":""},"class_list":["post-185","page","type-page","status-publish","hentry"],"jetpack_sharing_enabled":true,"_links":{"self":[{"href":"https:\/\/fluencebike.com\/fr\/wp-json\/wp\/v2\/pages\/185","targetHints":{"allow":["GET"]}}],"collection":[{"href":"https:\/\/fluencebike.com\/fr\/wp-json\/wp\/v2\/pages"}],"about":[{"href":"https:\/\/fluencebike.com\/fr\/wp-json\/wp\/v2\/types\/page"}],"author":[{"embeddable":true,"href":"https:\/\/fluencebike.com\/fr\/wp-json\/wp\/v2\/users\/1"}],"replies":[{"embeddable":true,"href":"https:\/\/fluencebike.com\/fr\/wp-json\/wp\/v2\/comments?post=185"}],"version-history":[{"count":0,"href":"https:\/\/fluencebike.com\/fr\/wp-json\/wp\/v2\/pages\/185\/revisions"}],"wp:attachment":[{"href":"https:\/\/fluencebike.com\/fr\/wp-json\/wp\/v2\/media?parent=185"}],"curies":[{"name":"wp","href":"https:\/\/api.w.org\/{rel}","templated":true}]}}