{"id":10109,"date":"2025-07-17T07:58:31","date_gmt":"2025-07-17T07:58:31","guid":{"rendered":"https:\/\/fluencebike.com\/?post_type=product&#038;p=10109"},"modified":"2025-10-30T05:54:15","modified_gmt":"2025-10-30T05:54:15","slug":"fluencebike-price-difference-compensation-products","status":"publish","type":"product","link":"https:\/\/fluencebike.com\/de\/produkt\/fluencebike-price-difference-compensation-products\/","title":{"rendered":"Fluencebike Preisunterschied Kompensationsprodukte (bitte sprechen Sie mit unserem Kundenservice bevor Sie eine Bestellung aufgeben)"},"content":{"rendered":"<p data-start=\"56\" data-end=\"172\"><strong data-start=\"56\" data-end=\"105\">Fluence Preisdifferenzausgleich Produkt<\/strong><br data-start=\"105\" data-end=\"108\" \/><em data-start=\"108\" data-end=\"172\">Bitte kontaktieren Sie unseren Kundendienst, bevor Sie Ihre Bestellung aufgeben.<\/em><\/p>\n<p data-start=\"174\" data-end=\"373\">Sind Sie auf eine Preisanpassung gesto\u00dfen oder m\u00fcssen Sie eine Restdifferenz bei Ihrer Fluence-Bestellung ausgleichen? Mit diesem Produkt k\u00f6nnen Sie bequem den erforderlichen Betrag zum Ausgleich von Preisdifferenzen zahlen.<\/p>\n<p data-start=\"375\" data-end=\"394\"><strong data-start=\"375\" data-end=\"392\">Wie man bestellt:<\/strong><\/p>\n<ol data-start=\"395\" data-end=\"573\">\n<li data-start=\"395\" data-end=\"455\">\n<p data-start=\"398\" data-end=\"455\">Wenden Sie sich an den Fluence-Kundendienst, um den Betrag zu best\u00e4tigen.<\/p>\n<\/li>\n<li data-start=\"456\" data-end=\"525\">\n<p data-start=\"459\" data-end=\"525\">W\u00e4hlen Sie die entsprechende Menge auf der Grundlage der Preisdifferenz.<\/p>\n<\/li>\n<li data-start=\"526\" data-end=\"573\">\n<p data-start=\"529\" data-end=\"573\">Best\u00e4tigen Sie Ihre Bestellung und fahren Sie mit der Zahlung fort.<\/p>\n<\/li>\n<\/ol>\n<p data-start=\"575\" data-end=\"632\">Vielen Dank f\u00fcr Ihre kontinuierliche Unterst\u00fctzung des Fluence-Teams!<\/p>","protected":false},"excerpt":{"rendered":"<p data-start=\"56\" data-end=\"172\"><strong data-start=\"56\" data-end=\"105\">Fluence Preisdifferenzausgleich Produkt<\/strong><br data-start=\"105\" data-end=\"108\" \/><em data-start=\"108\" data-end=\"172\">Bitte kontaktieren Sie unseren Kundendienst, bevor Sie Ihre Bestellung aufgeben.<\/em><\/p>\n<p data-start=\"174\" data-end=\"373\">Sind Sie auf eine Preisanpassung gesto\u00dfen oder m\u00fcssen Sie eine Restdifferenz bei Ihrer Fluence-Bestellung ausgleichen? Mit diesem Produkt k\u00f6nnen Sie bequem den erforderlichen Betrag zum Ausgleich von Preisdifferenzen zahlen.<\/p>\n<p data-start=\"375\" data-end=\"394\"><strong data-start=\"375\" data-end=\"392\">Wie man bestellt:<\/strong><\/p>\n<ol data-start=\"395\" data-end=\"573\">\n<li data-start=\"395\" data-end=\"455\">\n<p data-start=\"398\" data-end=\"455\">Wenden Sie sich an den Fluence-Kundendienst, um den Betrag zu best\u00e4tigen.<\/p>\n<\/li>\n<li data-start=\"456\" data-end=\"525\">\n<p data-start=\"459\" data-end=\"525\">W\u00e4hlen Sie die entsprechende Menge auf der Grundlage der Preisdifferenz.<\/p>\n<\/li>\n<li data-start=\"526\" data-end=\"573\">\n<p data-start=\"529\" data-end=\"573\">Best\u00e4tigen Sie Ihre Bestellung und fahren Sie mit der Zahlung fort.<\/p>\n<\/li>\n<\/ol>\n<p data-start=\"575\" data-end=\"632\">Vielen Dank f\u00fcr Ihre kontinuierliche Unterst\u00fctzung des Fluence-Teams!<\/p>","protected":false},"featured_media":10110,"comment_status":"closed","ping_status":"closed","template":"","meta":[],"product_brand":[],"product_cat":[86],"product_tag":[],"class_list":{"0":"post-10109","1":"product","2":"type-product","3":"status-publish","4":"has-post-thumbnail","6":"product_cat-accessorice","7":"product_shipping_class-accessories","9":"first","10":"instock","11":"shipping-taxable","12":"purchasable","13":"product-type-simple"},"jetpack_sharing_enabled":true,"_links":{"self":[{"href":"https:\/\/fluencebike.com\/de\/wp-json\/wp\/v2\/product\/10109","targetHints":{"allow":["GET"]}}],"collection":[{"href":"https:\/\/fluencebike.com\/de\/wp-json\/wp\/v2\/product"}],"about":[{"href":"https:\/\/fluencebike.com\/de\/wp-json\/wp\/v2\/types\/product"}],"replies":[{"embeddable":true,"href":"https:\/\/fluencebike.com\/de\/wp-json\/wp\/v2\/comments?post=10109"}],"version-history":[{"count":0,"href":"https:\/\/fluencebike.com\/de\/wp-json\/wp\/v2\/product\/10109\/revisions"}],"wp:featuredmedia":[{"embeddable":true,"href":"https:\/\/fluencebike.com\/de\/wp-json\/wp\/v2\/media\/10110"}],"wp:attachment":[{"href":"https:\/\/fluencebike.com\/de\/wp-json\/wp\/v2\/media?parent=10109"}],"wp:term":[{"taxonomy":"product_brand","embeddable":true,"href":"https:\/\/fluencebike.com\/de\/wp-json\/wp\/v2\/product_brand?post=10109"},{"taxonomy":"product_cat","embeddable":true,"href":"https:\/\/fluencebike.com\/de\/wp-json\/wp\/v2\/product_cat?post=10109"},{"taxonomy":"product_tag","embeddable":true,"href":"https:\/\/fluencebike.com\/de\/wp-json\/wp\/v2\/product_tag?post=10109"}],"curies":[{"name":"wp","href":"https:\/\/api.w.org\/{rel}","templated":true}]}}