{"id":7555,"date":"2025-03-26T07:25:36","date_gmt":"2025-03-26T07:25:36","guid":{"rendered":"https:\/\/fluencebike.com\/?page_id=7555"},"modified":"2025-10-23T10:39:21","modified_gmt":"2025-10-23T10:39:21","slug":"fat-ebike-error-code","status":"publish","type":"page","link":"https:\/\/fluencebike.com\/de\/fat-ebike-error-code\/","title":{"rendered":"Fat ebike Fehlercode"},"content":{"rendered":"<div data-elementor-type=\"wp-page\" data-elementor-id=\"7555\" class=\"elementor elementor-7555\" data-elementor-post-type=\"page\">\n\t\t\t\t<div class=\"elementor-element elementor-element-eb60ccc e-flex e-con-boxed ecomus-responsive-column ecomus-tablet-column--default ecomus-responsive-column ecomus-mobile-column--default e-con e-parent\" data-id=\"eb60ccc\" data-element_type=\"container\">\n\t\t\t\t\t<div class=\"e-con-inner\">\n\t\t\t\t<div class=\"elementor-element elementor-element-f785ee9 elementor-widget elementor-widget-html\" data-id=\"f785ee9\" data-element_type=\"widget\" data-widget_type=\"html.default\">\n\t\t\t\t<div class=\"elementor-widget-container\">\n\t\t\t\t\t<!DOCTYPE html>\r\n<html lang=\"zh-CN\">\r\n<head>\r\n    <meta charset=\"UTF-8\">\r\n    <meta name=\"viewport\" content=\"width=device-width, initial-scale=1.0\">\r\n    <title>YL-Anzeige (EB8\/EB2\/EB3) Regualar Repair SOP<\/title>\r\n    <style>\r\n        * {\r\n            box-sizing: border-box;\r\n            margin: 0;\r\n            padding: 0;\r\n        }\r\n        \r\n        body {\r\n            font-family: 'Segoe UI', Tahoma, Geneva, Verdana, sans-serif;\r\n            line-height: 1.6;\r\n            color: #333;\r\n            background-color: #f8f9fa;\r\n            padding: 20px;\r\n        }\r\n        \r\n        .container {\r\n            max-width: 1200px;\r\n            margin: 0 auto;\r\n        }\r\n        \r\n        .header {\r\n            text-align: center;\r\n            margin-bottom: 30px;\r\n            padding: 20px;\r\n            background-color: #ee7f46;\r\n            color: white;\r\n            border-radius: 8px;\r\n            box-shadow: 0 4px 6px rgba(0, 0, 0, 0.1);\r\n        }\r\n        \r\n        .header h1 {\r\n            font-size: 1.8rem;\r\n            margin-bottom: 10px;\r\n        }\r\n        \r\n        .header p {\r\n            font-size: 1rem;\r\n            opacity: 0.9;\r\n        }\r\n        \r\n        .ebike-error-table {\r\n            margin: 2rem 0;\r\n            box-shadow: 0 2px 15px rgba(0, 0, 0, 0.1);\r\n            border-radius: 8px;\r\n            overflow: hidden;\r\n            background-color: white;\r\n        }\r\n        \r\n        .table-container {\r\n            overflow-x: auto;\r\n        }\r\n        \r\n        table {\r\n            width: 100%;\r\n            border-collapse: collapse;\r\n            min-width: 900px;\r\n        }\r\n        \r\n        th {\r\n            background-color: #2c3e50;\r\n            color: white;\r\n            font-weight: 600;\r\n            padding: 15px 12px;\r\n            text-align: left;\r\n            position: sticky;\r\n            top: 0;\r\n        }\r\n        \r\n        td {\r\n            padding: 15px 12px;\r\n            border-bottom: 1px solid #e0e0e0;\r\n            vertical-align: top;\r\n        }\r\n        \r\n        tr:nth-child(even) {\r\n            background-color: #f8f9fa;\r\n        }\r\n        \r\n        tr:hover {\r\n            background-color: #f1f5f9;\r\n        }\r\n        \r\n        .error-code {\r\n            font-weight: bold;\r\n            color: #2c3e50;\r\n            white-space: nowrap;\r\n        }\r\n        \r\n        ol {\r\n            margin: 0;\r\n            padding-left: 20px;\r\n        }\r\n        \r\n        ol li {\r\n            margin-bottom: 10px;\r\n        }\r\n        \r\n        .note {\r\n            margin-top: 0px;\r\n            padding: 10px 12px;\r\n            background-color: #f0f7ff;\r\n            border-left: 3px solid #3498db;\r\n            font-size: 0.9em;\r\n            color: #4a5568;\r\n            border-radius: 0 4px 4px 0;\r\n        }\r\n        \r\n        .footer {\r\n            text-align: center;\r\n            margin-top: 30px;\r\n            padding: 15px;\r\n            color: #6c757d;\r\n            font-size: 0.9rem;\r\n        }\r\n        \r\n        \/* \u79fb\u52a8\u8bbe\u5907\u4f18\u5316 *\/\r\n        @media (max-width: 768px) {\r\n            body {\r\n                padding: 10px;\r\n            }\r\n            \r\n            .header h1 {\r\n                font-size: 1.5rem;\r\n            }\r\n            \r\n            .header p {\r\n                font-size: 0.9rem;\r\n            }\r\n            \r\n            th, td {\r\n                padding: 12px 8px;\r\n                font-size: 0.9rem;\r\n            }\r\n            \r\n            .note {\r\n                font-size: 0.85rem;\r\n            }\r\n        }\r\n        \r\n        @media (max-width: 480px) {\r\n            .header h1 {\r\n                font-size: 1.3rem;\r\n            }\r\n            \r\n            th, td {\r\n                padding: 10px 6px;\r\n                font-size: 0.85rem;\r\n            }\r\n            \r\n            ol {\r\n                padding-left: 18px;\r\n            }\r\n            \r\n            ol li {\r\n                font-size: 0.85rem;\r\n            }\r\n        }\r\n    <\/style>\r\n<\/head>\r\n<body>\r\n    <div class=\"container\">\r\n        <div class=\"header\">\r\n            <h1>YL-Anzeige (EB8\/EB2\/EB3) Regualar Repair SOP<\/h1>\r\n            <p>Troubleshooting and Solutions Guide<\/p>\r\n        <\/div>\r\n        \r\n        <div class=\"ebike-error-table\">\r\n            <div class=\"table-container\">\r\n                <table>\r\n                    <thead style= \"background-color: #ee7f46; white-space: nowrap; pointer-events: none;\">\r\n                        <tr>\r\n                            <th>Fehlercode<\/th>\r\n                            <th>Teile Problem<\/th>\r\n                            <th>Status<\/th>\r\n                            <th>Fehlersuche und L\u00f6sungen<\/th>\r\n                        <\/tr>\r\n                    <\/thead>\r\n                    <tbody>\r\n                        <tr>\r\n                            <td class=\"error-code\">E01\/E09<\/td>\r\n                            <td>Ausfall des Controllers<\/td>\r\n                            <td>Das E-Bike funktioniert nicht nach dem Einschalten des Netzschalters, Fehlercode E01 oder E09 auf dem Armaturenbrett<\/td>\r\n                            <td>\r\n                                <ol>\r\n                                    <li>Pr\u00fcfen Sie, ob jeder Anschluss des Controllers richtig angeschlossen ist.<\/li>\r\n                                    <li>Werkseinstellungen wiederherstellen<\/li>\r\n                                    <li>Ersetzen Sie den Controller und testen Sie<\/li>\r\n                                <\/ol>\r\n                                <div class=\"note\">Hinweis: Schalten Sie den Bildschirm vor dem Testen aus und wieder ein, nachdem Sie ein Verbindungskabel neu eingesteckt haben.<\/div>\r\n                            <\/td>\r\n                        <\/tr>\r\n                        <tr>\r\n                            <td class=\"error-code\">E02<\/td>\r\n                            <td>Ausfall der Kommunikation<\/td>\r\n                            <td>Das E-Bike zeigt nach dem Einschalten keine Reaktion. Der Batteriestand zeigt leer an.<\/td>\r\n                            <td>\r\n                                <ol>\r\n                                    <li>Anschluss des Anzeigekabels pr\u00fcfen<\/li>\r\n                                    <li>\u00dcberpr\u00fcfen Sie die Anschl\u00fcsse des Hauptkabels und der Verkabelung des Steuerger\u00e4ts.<\/li>\r\n                                    <li>Ersetzen Sie die Verdrahtungsbaugruppe und das Steuerger\u00e4t f\u00fcr die Pr\u00fcfung<\/li>\r\n                                <\/ol>\r\n                                <div class=\"note\">Hinweis: Schalten Sie den Bildschirm vor dem Testen aus und wieder ein, nachdem Sie ein Verbindungskabel neu eingesteckt haben.<\/div>\r\n                            <\/td>\r\n                        <\/tr>\r\n                        <tr>\r\n                            <td class=\"error-code\">E03<\/td>\r\n                            <td>Ausfall der Halle<\/td>\r\n                            <td>Der Motor funktioniert nicht und es gibt ein Ger\u00e4usch von Strom<\/td>\r\n                            <td>\r\n                                <ol>\r\n                                    <li>Pr\u00fcfen Sie die Anschl\u00fcsse der Motorphasen- und Hall-Dr\u00e4hte<\/li>\r\n                                    <li>Wenn die Verbindungen normal sind, starten Sie das Fahrzeug erneut.<\/li>\r\n                                    <li>Wenn der Fehler weiterhin besteht, Motor oder Regler austauschen<\/li>\r\n                                <\/ol>\r\n                                <div class=\"note\">Hinweis: Schalten Sie den Bildschirm vor dem Testen aus und wieder ein, nachdem Sie ein Verbindungskabel neu eingesteckt haben.<\/div>\r\n                            <\/td>\r\n                        <\/tr>\r\n                        <tr>\r\n                            <td class=\"error-code\">E04\/E08<\/td>\r\n                            <td>Ausfall der Drosselklappe<\/td>\r\n                            <td>Das Motorrad reagiert nicht, wenn Sie den Gashebel dr\u00fccken oder drehen.<\/td>\r\n                            <td>\r\n                                <ol>\r\n                                    <li>Drosselklappenstellung pr\u00fcfen<\/li>\r\n                                    <li>Gaszugverbindung pr\u00fcfen<\/li>\r\n                                    <li>P10 auf 0 einstellen<\/li>\r\n                                    <li>Versuchen Sie, die Drossel zu \u00e4ndern<\/li>\r\n                                    <li>Wenn das Problem weiterhin besteht, tauschen Sie den Controller aus.<\/li>\r\n                                <\/ol>\r\n                                <div class=\"note\">Hinweis: Schalten Sie den Bildschirm vor dem Testen aus und wieder ein, nachdem Sie ein Verbindungskabel neu eingesteckt haben.<\/div>\r\n                            <\/td>\r\n                        <\/tr>\r\n                        <tr>\r\n                            <td class=\"error-code\">E05<\/td>\r\n                            <td>Ausfall der Bremse<\/td>\r\n                            <td>Keine R\u00fcckmeldung des R\u00fccklichts bei Bet\u00e4tigung des Bremshebels<\/td>\r\n                            <td>\r\n                                <ol>\r\n                                    <li>Bremshebelstellung pr\u00fcfen<\/li>\r\n                                    <li>Anschluss des Bremshebelkabels pr\u00fcfen<\/li>\r\n                                    <li>Position des Bremssensors einstellen<\/li>\r\n                                    <li>Bremshebel bei Bedarf austauschen<\/li>\r\n                                <\/ol>\r\n                                <div class=\"note\">Hinweis: Schalten Sie den Bildschirm vor dem Testen aus und wieder ein, nachdem Sie ein Verbindungskabel neu eingesteckt haben.<\/div>\r\n                            <\/td>\r\n                        <\/tr>\r\n                        <tr>\r\n                            <td class=\"error-code\">E06\/E07<\/td>\r\n                            <td>Ausfall der Motorphase<\/td>\r\n                            <td>Die Motordrehzahl ist instabil oder funktioniert nicht, oder es gibt ein \"brummendes\" Ger\u00e4usch<\/td>\r\n                            <td>\r\n                                <ol>\r\n                                    <li>Anschl\u00fcsse der Motorphase pr\u00fcfen<\/li>\r\n                                    <div class=\"note\">Hinweis: Verwenden Sie nur Kabel desselben Motorherstellers.<\/div>\r\n                                    <li>Motor austauschen und testen<\/li>\r\n                                    <li>Wenn das Problem weiterhin besteht, tauschen Sie den Controller aus.<\/li>\r\n                                    <li>Motor und Regler bei Bedarf neu einstellen<\/li>\r\n                                <\/ol>\r\n                                <div class=\"note\">Hinweis: Schalten Sie den Bildschirm vor dem Testen aus und wieder ein, nachdem Sie ein Verbindungskabel neu eingesteckt haben.<\/div>\r\n                            <\/td>\r\n                        <\/tr>\r\n                        <tr>\r\n                            <td class=\"error-code\">E06<\/td>\r\n                            <td>Schwache Batterie<\/td>\r\n                            <td>Batteriestandsanzeige blinkt und Fahrrad springt nicht an<\/td>\r\n                            <td>\r\n                                <ol>\r\n                                    <li>Batteriespannung pr\u00fcfen und bei Bedarf aufladen<\/li>\r\n                                    <li>Anzeigeparameter pr\u00fcfen (P15\/40v)<\/li>\r\n                                    <li>Wenn die Batterie normal ist, ersetzen Sie den Controller.<\/li>\r\n                                <\/ol>\r\n                                <div class=\"note\">Hinweis: Schalten Sie den Bildschirm vor dem Testen aus und wieder ein, nachdem Sie ein Verbindungskabel neu eingesteckt haben.<\/div>\r\n                            <\/td>\r\n                        <\/tr>\r\n                        <tr>\r\n                            <td class=\"error-code\">E10<\/td>\r\n                            <td>Fehler beim Kommunikationsempfang<\/td>\r\n                            <td>Das Display zeigt den Fehlercode an<\/td>\r\n                            <td>\r\n                                <ol>\r\n                                    <li>Anschluss des Anzeigekabels pr\u00fcfen<\/li>\r\n                                    <li>Wasserdichte Kabelverbindungen des Steuerger\u00e4ts pr\u00fcfen<\/li>\r\n                                    <li>Pr\u00fcfen Sie alle Kabel auf Sch\u00e4den<\/li>\r\n                                    <li>Controller zum Testen austauschen<\/li>\r\n                                <\/ol>\r\n                                <div class=\"note\">Hinweis: Schalten Sie den Bildschirm vor dem Testen aus und wieder ein, nachdem Sie ein Verbindungskabel neu eingesteckt haben.<\/div>\r\n                            <\/td>\r\n                        <\/tr>\r\n                    <\/tbody>\r\n                <\/table>\r\n            <\/div>\r\n        <\/div>\r\n        \r\n        <div class=\"footer\">\r\n            <p>EBike fault diagnosis system | It is recommended to carry out maintenance under the guidance of professional technicians<\/p>\r\n        <\/div>\r\n    <\/div>\r\n<\/body>\r\n<\/html>\t\t\t\t<\/div>\n\t\t\t\t<\/div>\n\t\t\t\t\t<\/div>\n\t\t\t\t<\/div>\n\t\t\t\t<\/div>","protected":false},"excerpt":{"rendered":"<p>YL display (EB8\/EB2\/EB3) Regualar Repair SOP YL display (EB8\/EB2\/EB3) Regualar Repair SOP Troubleshooting and Solutions Guide Error Code Parts Problem Status Troubleshooting and Solutions E01\/E09 Controller failure The ebike is not working after turning on power switch, Error code E01 or E09 on the dashboard Check whether each wiring port of the controller is connected [&hellip;]<\/p>","protected":false},"author":1,"featured_media":0,"parent":0,"menu_order":0,"comment_status":"closed","ping_status":"closed","template":"","meta":{"footnotes":""},"class_list":["post-7555","page","type-page","status-publish","hentry"],"jetpack_sharing_enabled":true,"_links":{"self":[{"href":"https:\/\/fluencebike.com\/de\/wp-json\/wp\/v2\/pages\/7555","targetHints":{"allow":["GET"]}}],"collection":[{"href":"https:\/\/fluencebike.com\/de\/wp-json\/wp\/v2\/pages"}],"about":[{"href":"https:\/\/fluencebike.com\/de\/wp-json\/wp\/v2\/types\/page"}],"author":[{"embeddable":true,"href":"https:\/\/fluencebike.com\/de\/wp-json\/wp\/v2\/users\/1"}],"replies":[{"embeddable":true,"href":"https:\/\/fluencebike.com\/de\/wp-json\/wp\/v2\/comments?post=7555"}],"version-history":[{"count":0,"href":"https:\/\/fluencebike.com\/de\/wp-json\/wp\/v2\/pages\/7555\/revisions"}],"wp:attachment":[{"href":"https:\/\/fluencebike.com\/de\/wp-json\/wp\/v2\/media?parent=7555"}],"curies":[{"name":"wp","href":"https:\/\/api.w.org\/{rel}","templated":true}]}}