{"id":7168,"date":"2025-03-13T08:38:54","date_gmt":"2025-03-13T08:38:54","guid":{"rendered":"https:\/\/fluencebike.com\/?page_id=7168"},"modified":"2026-03-19T02:28:25","modified_gmt":"2026-03-19T02:28:25","slug":"repair-shop-map","status":"publish","type":"page","link":"https:\/\/fluencebike.com\/de\/repair-shop-map\/","title":{"rendered":"Karte der Reparaturwerkstatt"},"content":{"rendered":"<div data-elementor-type=\"wp-page\" data-elementor-id=\"7168\" class=\"elementor elementor-7168\" data-elementor-post-type=\"page\">\n\t\t\t\t<div class=\"elementor-element elementor-element-e69ece2 e-flex e-con-boxed ecomus-responsive-column ecomus-tablet-column--default ecomus-responsive-column ecomus-mobile-column--default e-con e-parent\" data-id=\"e69ece2\" data-element_type=\"container\">\n\t\t\t\t\t<div class=\"e-con-inner\">\n\t\t\t\t<div class=\"elementor-element elementor-element-8c5243e elementor-widget elementor-widget-text-editor\" data-id=\"8c5243e\" data-element_type=\"widget\" data-widget_type=\"text-editor.default\">\n\t\t\t\t<div class=\"elementor-widget-container\">\n\t\t\t\t\t\t\t\t\t<p><strong>Wir sind f\u00fcr Sie da!<\/strong><br \/>FLUENCE hat weltweit Partnerschaften mit renommierten Fahrradgesch\u00e4ften geschlossen, die bereit und in der Lage sind, Sie bei Service und Reparaturen zu unterst\u00fctzen. Schauen Sie sich unsere zertifizierten Partner an, um zu sehen, ob es einen Standort in Ihrer N\u00e4he gibt!<\/p><p><strong>Bitte beachten:<\/strong><br \/>Wenn Sie Probleme mit Ihrem FLUENCE EBike haben, wenden Sie sich bitte zun\u00e4chst an unser Kundendienstteam, bevor Sie sich an eine unserer Partnerwerkst\u00e4tten wenden. Unser Team wird Ihnen helfen, das Problem zu diagnostizieren und alle Teile und\/oder Anweisungen zu koordinieren, die Sie ben\u00f6tigen, bevor Sie einen zertifizierten Partner einschalten.<\/p><p>Unabh\u00e4ngig davon, ob sich Ihr eBike innerhalb der Garantiezeit befindet oder nicht, m\u00fcssen Sie die Reparaturkosten selbst tragen, wenn Sie Ihr eBike ohne unsere Genehmigung in einem FLUENCE Partnergesch\u00e4ft reparieren lassen. Wenn Sie kostenlose Wartungsdienste von FLUENCE-Partnern in Anspruch nehmen m\u00f6chten, wenden Sie sich bitte an uns und lassen Sie sich einen kostenlosen Garantieschein ausstellen.<\/p><p>Fahrradgesch\u00e4fte, die eine Partnerschaft mit FLUENCE eBikes eingegangen sind, sind nicht befugt, Produkte im Namen von FLUENCE zu erhalten. Bitte verwenden Sie keine dieser Filialen als R\u00fccksendeadresse. Jegliche nicht autorisierten Versandvereinbarungen an diese Gesch\u00e4fte liegen in der Verantwortung und auf Kosten des Kunden und werden von FLUENCE nicht entsch\u00e4digt.<\/p><p>Team der Kundenbetreuung: <span style=\"text-decoration: underline; color: #ff6600;\"><strong><a style=\"color: #ff6600; text-decoration: underline;\" href=\"mailto:support@fluencebike.com\">support@fluencebike.com<\/a><\/strong><\/span><\/p>\t\t\t\t\t\t\t\t<\/div>\n\t\t\t\t<\/div>\n\t\t\t\t\t<\/div>\n\t\t\t\t<\/div>\n\t\t<div class=\"elementor-element elementor-element-95c4205 e-flex e-con-boxed ecomus-responsive-column ecomus-tablet-column--default ecomus-responsive-column ecomus-mobile-column--default e-con e-parent\" data-id=\"95c4205\" data-element_type=\"container\">\n\t\t\t\t\t<div class=\"e-con-inner\">\n\t\t\t\t<div class=\"elementor-element elementor-element-616cb16 elementor-widget elementor-widget-ecomus-store-locations\" data-id=\"616cb16\" data-element_type=\"widget\" data-widget_type=\"ecomus-store-locations.default\">\n\t\t\t\t<div class=\"elementor-widget-container\">\n\t\t\t\t\t        <div class=\"ecomus-store-locations em-flex\">\n            <div class=\"ecomus-store-locations__tabs em-relative\">\n                <div class=\"ecomus-store-locations__scroll em-flex em-flex-column em-absolute\">\n                    <div class=\"active ecomus-store-locations__content\" data-tab=\"tab-0\">\n                                <div class=\"ecomus-store-locations__title em-flex em-flex-align-center\"><span class=\"ecomus-svg-icon ecomus-svg-icon--location\" ><svg width=\"24\" height=\"24\" aria-hidden=\"true\" role=\"img\" focusable=\"false\" viewbox=\"0 0 13 16\" fill=\"currentColor\" xmlns=\"http:\/\/www.w3.org\/2000\/svg\"><path d=\"M6.40984 3.43944C4.77197 3.43944 3.43944 4.77197 3.43944 6.40984C3.43944 8.04772 4.77197 9.38025 6.40984 9.38025C8.04772 9.38025 9.38025 8.04772 9.38025 6.40984C9.38025 4.77197 8.04775 3.43944 6.40984 3.43944ZM6.40984 8.12956C5.46159 8.12956 4.69012 7.35809 4.69012 6.40984C4.69012 5.46159 5.46159 4.69012 6.40984 4.69012C7.35809 4.69012 8.12956 5.46159 8.12956 6.40984C8.12956 7.35809 7.35809 8.12956 6.40984 8.12956Z\" \/><path d=\"M6.40984 0C2.87544 0 0 2.87547 0 6.40984V6.58703C0 8.37453 1.02481 10.4575 3.04606 12.7781C4.51131 14.4603 5.95609 15.6333 6.01684 15.6824L6.40984 16L6.80284 15.6825C6.86363 15.6333 8.30841 14.4603 9.77362 12.7781C11.7948 10.4575 12.8197 8.37456 12.8197 6.58706V6.40987C12.8197 2.87547 9.94425 0 6.40984 0ZM11.569 6.58706C11.569 9.60784 7.67678 13.2646 6.40984 14.3746C5.14256 13.2642 1.25069 9.60763 1.25069 6.58706V6.40987C1.25069 3.56512 3.56509 1.25072 6.40984 1.25072C9.25459 1.25072 11.569 3.56512 11.569 6.40987V6.58706Z\" \/><\/svg><\/span>Kundendienstleistungen in Frankreich<\/div>\n                                <div class=\"ecomus-store-locations__info\"><span class=\"em-font-semibold\">Adresse<\/span><div>61 rue sadi carnot 93300 Aubervilliers , Frankreich<\/div><\/div>\n                                \n                                <div class=\"ecomus-store-locations__info\"><span class=\"em-font-semibold\">E-Mail<\/span><div>support@fluencebike.com<\/div><\/div>\n                            <\/div><div class=\"ecomus-store-locations__content\" data-tab=\"tab-1\">\n                                <div class=\"ecomus-store-locations__title em-flex em-flex-align-center\"><span class=\"ecomus-svg-icon ecomus-svg-icon--location\" ><svg width=\"24\" height=\"24\" aria-hidden=\"true\" role=\"img\" focusable=\"false\" viewbox=\"0 0 13 16\" fill=\"currentColor\" xmlns=\"http:\/\/www.w3.org\/2000\/svg\"><path d=\"M6.40984 3.43944C4.77197 3.43944 3.43944 4.77197 3.43944 6.40984C3.43944 8.04772 4.77197 9.38025 6.40984 9.38025C8.04772 9.38025 9.38025 8.04772 9.38025 6.40984C9.38025 4.77197 8.04775 3.43944 6.40984 3.43944ZM6.40984 8.12956C5.46159 8.12956 4.69012 7.35809 4.69012 6.40984C4.69012 5.46159 5.46159 4.69012 6.40984 4.69012C7.35809 4.69012 8.12956 5.46159 8.12956 6.40984C8.12956 7.35809 7.35809 8.12956 6.40984 8.12956Z\" \/><path d=\"M6.40984 0C2.87544 0 0 2.87547 0 6.40984V6.58703C0 8.37453 1.02481 10.4575 3.04606 12.7781C4.51131 14.4603 5.95609 15.6333 6.01684 15.6824L6.40984 16L6.80284 15.6825C6.86363 15.6333 8.30841 14.4603 9.77362 12.7781C11.7948 10.4575 12.8197 8.37456 12.8197 6.58706V6.40987C12.8197 2.87547 9.94425 0 6.40984 0ZM11.569 6.58706C11.569 9.60784 7.67678 13.2646 6.40984 14.3746C5.14256 13.2642 1.25069 9.60763 1.25069 6.58706V6.40987C1.25069 3.56512 3.56509 1.25072 6.40984 1.25072C9.25459 1.25072 11.569 3.56512 11.569 6.40987V6.58706Z\" \/><\/svg><\/span>Kundendienstleistungen in den Niederlanden 1<\/div>\n                                <div class=\"ecomus-store-locations__info\"><span class=\"em-font-semibold\">Adresse<\/span><div>IJburglaan 1391 1087 KH AMSTERDAM<\/div><\/div>\n                                <div class=\"ecomus-store-locations__info\"><span class=\"em-font-semibold\">Telefon<\/span><div>+31 6 87666657<\/div><\/div>\n                                <div class=\"ecomus-store-locations__info\"><span class=\"em-font-semibold\">E-Mail<\/span><div>support@fluencebike.com<\/div><\/div>\n                            <\/div><div class=\"ecomus-store-locations__content\" data-tab=\"tab-2\">\n                                <div class=\"ecomus-store-locations__title em-flex em-flex-align-center\"><span class=\"ecomus-svg-icon ecomus-svg-icon--location\" ><svg width=\"24\" height=\"24\" aria-hidden=\"true\" role=\"img\" focusable=\"false\" viewbox=\"0 0 13 16\" fill=\"currentColor\" xmlns=\"http:\/\/www.w3.org\/2000\/svg\"><path d=\"M6.40984 3.43944C4.77197 3.43944 3.43944 4.77197 3.43944 6.40984C3.43944 8.04772 4.77197 9.38025 6.40984 9.38025C8.04772 9.38025 9.38025 8.04772 9.38025 6.40984C9.38025 4.77197 8.04775 3.43944 6.40984 3.43944ZM6.40984 8.12956C5.46159 8.12956 4.69012 7.35809 4.69012 6.40984C4.69012 5.46159 5.46159 4.69012 6.40984 4.69012C7.35809 4.69012 8.12956 5.46159 8.12956 6.40984C8.12956 7.35809 7.35809 8.12956 6.40984 8.12956Z\" \/><path d=\"M6.40984 0C2.87544 0 0 2.87547 0 6.40984V6.58703C0 8.37453 1.02481 10.4575 3.04606 12.7781C4.51131 14.4603 5.95609 15.6333 6.01684 15.6824L6.40984 16L6.80284 15.6825C6.86363 15.6333 8.30841 14.4603 9.77362 12.7781C11.7948 10.4575 12.8197 8.37456 12.8197 6.58706V6.40987C12.8197 2.87547 9.94425 0 6.40984 0ZM11.569 6.58706C11.569 9.60784 7.67678 13.2646 6.40984 14.3746C5.14256 13.2642 1.25069 9.60763 1.25069 6.58706V6.40987C1.25069 3.56512 3.56509 1.25072 6.40984 1.25072C9.25459 1.25072 11.569 3.56512 11.569 6.40987V6.58706Z\" \/><\/svg><\/span>Kundendienstleistungen in den Niederlanden 2<\/div>\n                                <div class=\"ecomus-store-locations__info\"><span class=\"em-font-semibold\">Adresse<\/span><div>Zuidplein 320, 3083 CX Rotterdam<\/div><\/div>\n                                <div class=\"ecomus-store-locations__info\"><span class=\"em-font-semibold\">Telefon<\/span><div>+31 102307045<\/div><\/div>\n                                <div class=\"ecomus-store-locations__info\"><span class=\"em-font-semibold\">E-Mail<\/span><div>support@fluencebike.com<\/div><\/div>\n                            <\/div><div class=\"ecomus-store-locations__content\" data-tab=\"tab-3\">\n                                <div class=\"ecomus-store-locations__title em-flex em-flex-align-center\"><span class=\"ecomus-svg-icon ecomus-svg-icon--location\" ><svg width=\"24\" height=\"24\" aria-hidden=\"true\" role=\"img\" focusable=\"false\" viewbox=\"0 0 13 16\" fill=\"currentColor\" xmlns=\"http:\/\/www.w3.org\/2000\/svg\"><path d=\"M6.40984 3.43944C4.77197 3.43944 3.43944 4.77197 3.43944 6.40984C3.43944 8.04772 4.77197 9.38025 6.40984 9.38025C8.04772 9.38025 9.38025 8.04772 9.38025 6.40984C9.38025 4.77197 8.04775 3.43944 6.40984 3.43944ZM6.40984 8.12956C5.46159 8.12956 4.69012 7.35809 4.69012 6.40984C4.69012 5.46159 5.46159 4.69012 6.40984 4.69012C7.35809 4.69012 8.12956 5.46159 8.12956 6.40984C8.12956 7.35809 7.35809 8.12956 6.40984 8.12956Z\" \/><path d=\"M6.40984 0C2.87544 0 0 2.87547 0 6.40984V6.58703C0 8.37453 1.02481 10.4575 3.04606 12.7781C4.51131 14.4603 5.95609 15.6333 6.01684 15.6824L6.40984 16L6.80284 15.6825C6.86363 15.6333 8.30841 14.4603 9.77362 12.7781C11.7948 10.4575 12.8197 8.37456 12.8197 6.58706V6.40987C12.8197 2.87547 9.94425 0 6.40984 0ZM11.569 6.58706C11.569 9.60784 7.67678 13.2646 6.40984 14.3746C5.14256 13.2642 1.25069 9.60763 1.25069 6.58706V6.40987C1.25069 3.56512 3.56509 1.25072 6.40984 1.25072C9.25459 1.25072 11.569 3.56512 11.569 6.40987V6.58706Z\" \/><\/svg><\/span>Aftersales services in Netherlands 3<\/div>\n                                <div class=\"ecomus-store-locations__info\"><span class=\"em-font-semibold\">Adresse<\/span><div>Fiets Dienstverlening Ede  Hakselseweg 50  6713 KW Ede<\/div><\/div>\n                                <div class=\"ecomus-store-locations__info\"><span class=\"em-font-semibold\">Telefon<\/span><div>0318-848882<\/div><\/div>\n                                <div class=\"ecomus-store-locations__info\"><span class=\"em-font-semibold\">E-Mail<\/span><div>support@fluencebike.com<\/div><\/div>\n                            <\/div><div class=\"ecomus-store-locations__content\" data-tab=\"tab-4\">\n                                <div class=\"ecomus-store-locations__title em-flex em-flex-align-center\"><span class=\"ecomus-svg-icon ecomus-svg-icon--location\" ><svg width=\"24\" height=\"24\" aria-hidden=\"true\" role=\"img\" focusable=\"false\" viewbox=\"0 0 13 16\" fill=\"currentColor\" xmlns=\"http:\/\/www.w3.org\/2000\/svg\"><path d=\"M6.40984 3.43944C4.77197 3.43944 3.43944 4.77197 3.43944 6.40984C3.43944 8.04772 4.77197 9.38025 6.40984 9.38025C8.04772 9.38025 9.38025 8.04772 9.38025 6.40984C9.38025 4.77197 8.04775 3.43944 6.40984 3.43944ZM6.40984 8.12956C5.46159 8.12956 4.69012 7.35809 4.69012 6.40984C4.69012 5.46159 5.46159 4.69012 6.40984 4.69012C7.35809 4.69012 8.12956 5.46159 8.12956 6.40984C8.12956 7.35809 7.35809 8.12956 6.40984 8.12956Z\" \/><path d=\"M6.40984 0C2.87544 0 0 2.87547 0 6.40984V6.58703C0 8.37453 1.02481 10.4575 3.04606 12.7781C4.51131 14.4603 5.95609 15.6333 6.01684 15.6824L6.40984 16L6.80284 15.6825C6.86363 15.6333 8.30841 14.4603 9.77362 12.7781C11.7948 10.4575 12.8197 8.37456 12.8197 6.58706V6.40987C12.8197 2.87547 9.94425 0 6.40984 0ZM11.569 6.58706C11.569 9.60784 7.67678 13.2646 6.40984 14.3746C5.14256 13.2642 1.25069 9.60763 1.25069 6.58706V6.40987C1.25069 3.56512 3.56509 1.25072 6.40984 1.25072C9.25459 1.25072 11.569 3.56512 11.569 6.40987V6.58706Z\" \/><\/svg><\/span>Kundendienstleistungen in Italien<\/div>\n                                <div class=\"ecomus-store-locations__info\"><span class=\"em-font-semibold\">Adresse<\/span><div>Viale Dante Alighieri, 51F, 28100 Novara NO,<\/div><\/div>\n                                <div class=\"ecomus-store-locations__info\"><span class=\"em-font-semibold\">Telefon<\/span><div>+39 3778240696<\/div><\/div>\n                                <div class=\"ecomus-store-locations__info\"><span class=\"em-font-semibold\">E-Mail<\/span><div>support@fluencebike.com<\/div><\/div>\n                            <\/div>                <\/div>\n            <\/div>\n            <div class=\"ecomus-store-locations__tab\">\n                <div class=\"active ecomus-store-locations__embed\" data-tab=\"tab-0\">\n                                <iframe loading=\"lazy\"\n                                        src=\"https:\/\/maps.google.com\/maps?q=61%20rue%20sadi%20carnot%2093300%20Aubervilliers%20%2C%20France&#038;t=m&#038;z=11&#038;output=embed&#038;iwloc=near\"\n                                        title=\"61 rue sadi carnot 93300 Aubervilliers , Frankreich\"\n                                        aria-label=\"61 rue sadi carnot 93300 Aubervilliers , Frankreich\"\n                                        width=\"950\"\n                                        height=\"985\"\n                                ><\/iframe>\n                            <\/div><div class=\"ecomus-store-locations__embed\" data-tab=\"tab-1\">\n                                <iframe loading=\"lazy\"\n                                        src=\"https:\/\/maps.google.com\/maps?q=IJburglaan%201391%201087%20KH%20AMSTERDAM&#038;t=m&#038;z=11&#038;output=embed&#038;iwloc=near\"\n                                        title=\"IJburglaan 1391 1087 KH AMSTERDAM\"\n                                        aria-label=\"IJburglaan 1391 1087 KH AMSTERDAM\"\n                                        width=\"950\"\n                                        height=\"985\"\n                                ><\/iframe>\n                            <\/div><div class=\"ecomus-store-locations__embed\" data-tab=\"tab-2\">\n                                <iframe loading=\"lazy\"\n                                        src=\"https:\/\/maps.google.com\/maps?q=Zuidplein%20320%2C%203083%20CX%20Rotterdam&#038;t=m&#038;z=11&#038;output=embed&#038;iwloc=near\"\n                                        title=\"Zuidplein 320, 3083 CX Rotterdam\"\n                                        aria-label=\"Zuidplein 320, 3083 CX Rotterdam\"\n                                        width=\"950\"\n                                        height=\"985\"\n                                ><\/iframe>\n                            <\/div><div class=\"ecomus-store-locations__embed\" data-tab=\"tab-3\">\n                                <iframe loading=\"lazy\"\n                                        src=\"https:\/\/maps.google.com\/maps?q=Fiets%20Dienstverlening%20Ede%20%20Hakselseweg%2050%20%206713%20KW%20Ede&#038;t=m&#038;z=11&#038;output=embed&#038;iwloc=near\"\n                                        title=\"Fiets Dienstverlening Ede  Hakselseweg 50  6713 KW Ede\"\n                                        aria-label=\"Fiets Dienstverlening Ede  Hakselseweg 50  6713 KW Ede\"\n                                        width=\"950\"\n                                        height=\"985\"\n                                ><\/iframe>\n                            <\/div><div class=\"ecomus-store-locations__embed\" data-tab=\"tab-4\">\n                                <iframe loading=\"lazy\"\n                                        src=\"https:\/\/maps.google.com\/maps?q=Viale%20Dante%20Alighieri%2C%2051F%2C%2028100%20Novara%20NO%2C&#038;t=m&#038;z=11&#038;output=embed&#038;iwloc=near\"\n                                        title=\"Viale Dante Alighieri, 51F, 28100 Novara NO,\"\n                                        aria-label=\"Viale Dante Alighieri, 51F, 28100 Novara NO,\"\n                                        width=\"950\"\n                                        height=\"985\"\n                                ><\/iframe>\n                            <\/div>            <\/div>\n        <\/div>\n    \t\t\t\t<\/div>\n\t\t\t\t<\/div>\n\t\t\t\t\t<\/div>\n\t\t\t\t<\/div>\n\t\t\t\t<\/div>","protected":false},"excerpt":{"rendered":"<p>We are here to help!FLUENCE has partnered with reputable bike shops global-wide who are willing and able to assist you with service and repairs. Check out our Certified Partners to see if there is a location near you! Please Note:If you are experiencing issues with your FLUENCE EBike, please reach out our reach out to [&hellip;]<\/p>","protected":false},"author":1,"featured_media":0,"parent":0,"menu_order":0,"comment_status":"closed","ping_status":"closed","template":"","meta":{"footnotes":""},"class_list":["post-7168","page","type-page","status-publish","hentry"],"jetpack_sharing_enabled":true,"_links":{"self":[{"href":"https:\/\/fluencebike.com\/de\/wp-json\/wp\/v2\/pages\/7168","targetHints":{"allow":["GET"]}}],"collection":[{"href":"https:\/\/fluencebike.com\/de\/wp-json\/wp\/v2\/pages"}],"about":[{"href":"https:\/\/fluencebike.com\/de\/wp-json\/wp\/v2\/types\/page"}],"author":[{"embeddable":true,"href":"https:\/\/fluencebike.com\/de\/wp-json\/wp\/v2\/users\/1"}],"replies":[{"embeddable":true,"href":"https:\/\/fluencebike.com\/de\/wp-json\/wp\/v2\/comments?post=7168"}],"version-history":[{"count":3,"href":"https:\/\/fluencebike.com\/de\/wp-json\/wp\/v2\/pages\/7168\/revisions"}],"predecessor-version":[{"id":12073,"href":"https:\/\/fluencebike.com\/de\/wp-json\/wp\/v2\/pages\/7168\/revisions\/12073"}],"wp:attachment":[{"href":"https:\/\/fluencebike.com\/de\/wp-json\/wp\/v2\/media?parent=7168"}],"curies":[{"name":"wp","href":"https:\/\/api.w.org\/{rel}","templated":true}]}}