{"id":3868,"date":"2025-03-13T01:35:14","date_gmt":"2025-03-13T01:35:14","guid":{"rendered":"https:\/\/raw.githubusercontent.com\/drfuri\/demo-content\/main\/ecomus\/fashion\/images\/?page_id=10"},"modified":"2025-08-27T07:30:34","modified_gmt":"2025-08-27T07:30:34","slug":"shipping-policy","status":"publish","type":"page","link":"https:\/\/fluencebike.com\/de\/shipping-policy\/","title":{"rendered":"Versandpolitik"},"content":{"rendered":"<div data-elementor-type=\"wp-page\" data-elementor-id=\"3868\" class=\"elementor elementor-3868\" data-elementor-post-type=\"page\">\n\t\t\t\t<div class=\"elementor-element elementor-element-63b70c01 e-flex e-con-boxed ecomus-responsive-column ecomus-tablet-column--default ecomus-responsive-column ecomus-mobile-column--default e-con e-parent\" data-id=\"63b70c01\" data-element_type=\"container\">\n\t\t\t\t\t<div class=\"e-con-inner\">\n\t\t\t\t<div class=\"elementor-element elementor-element-701535fe elementor-widget elementor-widget-text-editor\" data-id=\"701535fe\" data-element_type=\"widget\" data-widget_type=\"text-editor.default\">\n\t\t\t\t<div class=\"elementor-widget-container\">\n\t\t\t\t\t\t\t\t\t<p>Wenn Sie Fragen zu Ihrer Bestellung haben, k\u00f6nnen Sie uns gerne kontaktieren unter <a href=\"mailto:support@fluencebike.com\"><span style=\"text-decoration: underline; color: #ff6600;\"><strong>support@fluencebike.com<\/strong><\/span><\/a>.<\/p><p>FLUENCE bietet kostenlose Lieferung vor Ort <strong><span style=\"color: #ff6600;\">kostenloser Versand<\/span><\/strong> bei qualifizierten Bestellungen.<\/p><p>Abgelegene Gebiete und Inseln liegen nicht im Zustellbereich.<\/p><h6>VERSAND UND LIEFERUNG:<\/h6><p><strong>Alle Bestellungen werden aus dem EU-Lager verschickt (au\u00dfer einige Zubeh\u00f6rteile), je nach Ihrem Standort. Wir bieten kostenlosen Versand f\u00fcr alle qualifizierten Bestellungen. Sobald Ihre Bestellung aufgegeben wurde, k\u00f6nnen Sie die Sendungsverfolgung zwei Tage sp\u00e4ter unter dem folgenden Link starten: <a href=\"https:\/\/fluencebike.com\/de\/order-tracking\/\"><span style=\"text-decoration: underline; color: #ff6600;\">Auftragsverfolgung<\/span><\/a> und Sie sollten Ihre Bestellung in etwa 3-10 Arbeitstagen erhalten. Die L\u00e4nder, in die wir versenden, und die voraussichtliche Versanddauer entnehmen Sie bitte der unten stehenden Tabelle.<\/strong><\/p>\t\t\t\t\t\t\t\t<\/div>\n\t\t\t\t<\/div>\n\t\t\t\t\t<\/div>\n\t\t\t\t<\/div>\n\t\t<div class=\"elementor-element elementor-element-6d23c5c e-flex e-con-boxed ecomus-responsive-column ecomus-tablet-column--default ecomus-responsive-column ecomus-mobile-column--default e-con e-parent\" data-id=\"6d23c5c\" data-element_type=\"container\">\n\t\t\t\t\t<div class=\"e-con-inner\">\n\t\t\t\t<div class=\"elementor-element elementor-element-ae5262e elementor-widget elementor-widget-html\" data-id=\"ae5262e\" data-element_type=\"widget\" data-widget_type=\"html.default\">\n\t\t\t\t<div class=\"elementor-widget-container\">\n\t\t\t\t\t<!DOCTYPE html>\r\n<html lang=\"en\">\r\n<head>\r\n    <meta charset=\"UTF-8\">\r\n    <meta name=\"viewport\" content=\"width=device-width, initial-scale=1.0\">\r\n    <title>Informationen zum Versand<\/title>\r\n    <style>\r\n        table {\r\n            width: 100%;\r\n            border-collapse: collapse;\r\n            margin: 20px 0;\r\n            font-family: milotf-text;\r\n        }\r\n        th, td {\r\n            border: 1px solid #ddd;\r\n            padding: 12px;\r\n            text-align: left;\r\n        }\r\n        th {\r\n            background-color: #f2f2f2;\r\n            font-weight: bold;\r\n        }\r\n        tr:nth-child(even) {\r\n            background-color: #f9f9f9;\r\n        }\r\n        tr:hover {\r\n            background-color: #f1f1f1;\r\n        }\r\n    <\/style>\r\n<\/head>\r\n<body>\r\n\r\n\r\n<table>\r\n    <thead>\r\n        <tr>\r\n            <th>Versandland<\/th>\r\n            <th>Sch\u00e4tzung. Versandzeit<\/th>\r\n            <th>Kosten<\/th>\r\n        <\/tr>\r\n    <\/thead>\r\n    <tbody>\r\n        <tr>\r\n            <td>Frankreich<\/td>\r\n            <td>3-7 Arbeitstage<\/td>\r\n            <td>Echtzeit-Berechnung auf Basis der Logistik<\/td>\r\n        <\/tr>\r\n        <tr>\r\n            <td>Deutschland<\/td>\r\n            <td>3-7 Arbeitstage<\/td>\r\n            <td>Echtzeit-Berechnung auf Basis der Logistik<\/td>\r\n        <\/tr>\r\n        <tr>\r\n            <td>Italien<\/td>\r\n            <td>3-7 Arbeitstage<\/td>\r\n            <td>Echtzeit-Berechnung auf Basis der Logistik<\/td>\r\n        <\/tr>\r\n        <tr>\r\n            <td>\u00d6sterreich<\/td>\r\n            <td>3-7 Arbeitstage<\/td>\r\n            <td>Echtzeit-Berechnung auf Basis der Logistik<\/td>\r\n        <\/tr>\r\n        <tr>\r\n            <td>Belgien<\/td>\r\n            <td>3-7 Arbeitstage<\/td>\r\n            <td>Echtzeit-Berechnung auf Basis der Logistik<\/td>\r\n        <\/tr>\r\n        <tr>\r\n            <td>Bulgarien<\/td>\r\n            <td>3-7 Arbeitstage<\/td>\r\n            <td>Echtzeit-Berechnung auf Basis der Logistik<\/td>\r\n        <\/tr>\r\n        <tr>\r\n            <td>Kroatien<\/td>\r\n            <td>3-7 Arbeitstage<\/td>\r\n            <td>Echtzeit-Berechnung auf Basis der Logistik<\/td>\r\n        <\/tr>\r\n        <tr>\r\n            <td>Tschechische Republik<\/td>\r\n            <td>3-7 Arbeitstage<\/td>\r\n            <td>Echtzeit-Berechnung auf Basis der Logistik<\/td>\r\n        <\/tr>\r\n        <tr>\r\n            <td>D\u00e4nemark<\/td>\r\n            <td>3-7 Arbeitstage<\/td>\r\n            <td>Echtzeit-Berechnung auf Basis der Logistik<\/td>\r\n        <\/tr>\r\n        <tr>\r\n            <td>Estland<\/td>\r\n            <td>3-7 Arbeitstage<\/td>\r\n            <td>Echtzeit-Berechnung auf Basis der Logistik<\/td>\r\n        <\/tr>\r\n        <tr>\r\n            <td>Finnland<\/td>\r\n            <td>3-7 Arbeitstage<\/td>\r\n            <td>Echtzeit-Berechnung auf Basis der Logistik<\/td>\r\n        <\/tr>\r\n        <tr>\r\n            <td>Griechenland<\/td>\r\n            <td>3-7 Arbeitstage<\/td>\r\n            <td>Echtzeit-Berechnung auf Basis der Logistik<\/td>\r\n        <\/tr>\r\n        <tr>\r\n            <td>Ungarn<\/td>\r\n            <td>3-7 Arbeitstage<\/td>\r\n            <td>Echtzeit-Berechnung auf Basis der Logistik<\/td>\r\n        <\/tr>\r\n        <tr>\r\n            <td>Irland<\/td>\r\n            <td>3-7 Arbeitstage<\/td>\r\n            <td>Echtzeit-Berechnung auf Basis der Logistik<\/td>\r\n        <\/tr>\r\n        <tr>\r\n            <td>Lettland<\/td>\r\n            <td>3-7 Arbeitstage<\/td>\r\n            <td>Echtzeit-Berechnung auf Basis der Logistik<\/td>\r\n        <\/tr>\r\n        <tr>\r\n            <td>Litauen<\/td>\r\n            <td>3-7 Arbeitstage<\/td>\r\n            <td>Echtzeit-Berechnung auf Basis der Logistik<\/td>\r\n        <\/tr>\r\n        <tr>\r\n            <td>Luxemburg<\/td>\r\n            <td>3-7 Arbeitstage<\/td>\r\n            <td>Echtzeit-Berechnung auf Basis der Logistik<\/td>\r\n        <\/tr>\r\n        <tr>\r\n            <td>Niederlande<\/td>\r\n            <td>3-7 Arbeitstage<\/td>\r\n            <td>Echtzeit-Berechnung auf Basis der Logistik<\/td>\r\n        <\/tr>\r\n        <tr>\r\n            <td>Polen<\/td>\r\n            <td>3-7 Arbeitstage<\/td>\r\n            <td>Echtzeit-Berechnung auf Basis der Logistik<\/td>\r\n        <\/tr>\r\n        <tr>\r\n            <td>Portugal<\/td>\r\n            <td>3-7 Arbeitstage<\/td>\r\n            <td>Echtzeit-Berechnung auf Basis der Logistik<\/td>\r\n        <\/tr>\r\n        <tr>\r\n            <td>Rum\u00e4nien<\/td>\r\n            <td>3-7 Arbeitstage<\/td>\r\n            <td>Echtzeit-Berechnung auf Basis der Logistik<\/td>\r\n        <\/tr>\r\n        <tr>\r\n            <td>Slowakei<\/td>\r\n            <td>3-7 Arbeitstage<\/td>\r\n            <td>Echtzeit-Berechnung auf Basis der Logistik<\/td>\r\n        <\/tr>\r\n        <tr>\r\n            <td>Slowenien<\/td>\r\n            <td>3-7 Arbeitstage<\/td>\r\n            <td>Echtzeit-Berechnung auf Basis der Logistik<\/td>\r\n        <\/tr>\r\n        <tr>\r\n            <td>Spanien<\/td>\r\n            <td>3-7 Arbeitstage<\/td>\r\n            <td>Echtzeit-Berechnung auf Basis der Logistik<\/td>\r\n        <\/tr>\r\n        <tr>\r\n            <td>Schweden<\/td>\r\n            <td>3-7 Arbeitstage<\/td>\r\n            <td>Echtzeit-Berechnung auf Basis der Logistik<\/td>\r\n        <\/tr>\r\n    <\/tbody>\r\n<\/table>\r\n\r\n<\/body>\r\n<\/html>\t\t\t\t<\/div>\n\t\t\t\t<\/div>\n\t\t\t\t<div class=\"elementor-element elementor-element-9bab332 elementor-widget elementor-widget-text-editor\" data-id=\"9bab332\" data-element_type=\"widget\" data-widget_type=\"text-editor.default\">\n\t\t\t\t<div class=\"elementor-widget-container\">\n\t\t\t\t\t\t\t\t\t<h6>*Lieferzeit= Bearbeitungszeit + Versandzeit<\/h6><p>Die gesch\u00e4tzte Versanddauer ist nur eine Sch\u00e4tzung f\u00fcr den Inlandsversand auf der Grundlage unserer Erfahrungen und beinhaltet nicht die Bearbeitungszeit.<\/p><p>\u25cf Bearbeitungszeit: F\u00fcr \"Auf Lager\" Produkte, dauert es in der Regel 1-2 Werktage f\u00fcr unser Lager, um f\u00fcr den Versand vorzubereiten, nachdem die Bestellung aufgegeben wird. Die Tracking-Informationen k\u00f6nnen zus\u00e4tzliche Zeit in Anspruch nehmen, um aktualisiert zu werden, nachdem die Tracking-Nummer erstellt wurde.<\/p><p>\u25cf Lieferzeit: Die endg\u00fcltige Lieferzeit kann variieren und h\u00e4ngt von Ihrem lokalen Spediteur ab. Sobald Ihre Bestellung aufgegeben wurde, erlauben Sie bitte 2 Tage f\u00fcr die Bearbeitung, bevor Sie Ihr Paket bei verfolgen: <strong><span style=\"text-decoration: underline; color: #ff6600;\">Auftragsverfolgung<\/span><\/strong> und Sie sollten Ihre Bestellung in ca. 3 - 7 Werktagen erhalten.<\/p><h6>IHRE BESTELLUNG VERFOLGEN:<\/h6><p>Wenn Ihre Bestellung unser Lager verl\u00e4sst, senden wir Ihnen eine E-Mail mit Informationen zur Sendungsverfolgung an die E-Mail-Adresse, die Sie bei der Bestellung angegeben haben.<\/p><p>Wenn Sie diese E-Mail nicht erhalten oder Fragen zum Versand haben, kontaktieren Sie uns bitte unter <a href=\"mailto:support@fluencebike.com\"><span style=\"text-decoration: underline; color: #ff6600;\"><strong>support@fluencebike.com<\/strong><\/span><\/a>.<\/p><h6>F\u00dcR VORBESTELLTE E-BIKES:<\/h6><p>Von Zeit zu Zeit bieten wir PRE-ORDER auf der Produktseite an. Bitte schauen Sie auf der Produktseite f\u00fcr detaillierte PRE-ORDER Versandzeit.<br \/>Wenn Sie Fragen oder Bedenken haben, wenden Sie sich bitte an unseren Kundendienst unter <a href=\"mailto:support@fluencebike.com\"><span style=\"text-decoration: underline; color: #ff6600;\"><strong>support@fluencebike.com<\/strong><\/span><\/a>.<br \/>Ich danke Ihnen!<\/p>\t\t\t\t\t\t\t\t<\/div>\n\t\t\t\t<\/div>\n\t\t\t\t\t<\/div>\n\t\t\t\t<\/div>\n\t\t\t\t<\/div>","protected":false},"excerpt":{"rendered":"<p>If you have any concerns about your order, feel free to contact us at support@fluencebike.com. FLUENCE offers free local delivery free shipping on qualified orders. Remote areas and islands are not within the delivery range. SHIPPING &amp; DELIVERY: All orders will be shipped from the EU warehouse\uff08Except some accessories) depending on your location. We offer [&hellip;]<\/p>","protected":false},"author":1,"featured_media":0,"parent":0,"menu_order":0,"comment_status":"closed","ping_status":"closed","template":"","meta":{"footnotes":""},"class_list":["post-3868","page","type-page","status-publish","hentry"],"jetpack_sharing_enabled":true,"_links":{"self":[{"href":"https:\/\/fluencebike.com\/de\/wp-json\/wp\/v2\/pages\/3868","targetHints":{"allow":["GET"]}}],"collection":[{"href":"https:\/\/fluencebike.com\/de\/wp-json\/wp\/v2\/pages"}],"about":[{"href":"https:\/\/fluencebike.com\/de\/wp-json\/wp\/v2\/types\/page"}],"author":[{"embeddable":true,"href":"https:\/\/fluencebike.com\/de\/wp-json\/wp\/v2\/users\/1"}],"replies":[{"embeddable":true,"href":"https:\/\/fluencebike.com\/de\/wp-json\/wp\/v2\/comments?post=3868"}],"version-history":[{"count":0,"href":"https:\/\/fluencebike.com\/de\/wp-json\/wp\/v2\/pages\/3868\/revisions"}],"wp:attachment":[{"href":"https:\/\/fluencebike.com\/de\/wp-json\/wp\/v2\/media?parent=3868"}],"curies":[{"name":"wp","href":"https:\/\/api.w.org\/{rel}","templated":true}]}}