{"id":185,"date":"2024-06-10T08:15:29","date_gmt":"2024-06-10T08:15:29","guid":{"rendered":"https:\/\/raw.githubusercontent.com\/drfuri\/demo-content\/main\/ecomus\/fashion\/images\/?page_id=185"},"modified":"2025-05-21T04:00:58","modified_gmt":"2025-05-21T04:00:58","slug":"privacy-policy","status":"publish","type":"page","link":"https:\/\/fluencebike.com\/de\/privacy-policy\/","title":{"rendered":"Datenschutzbestimmungen"},"content":{"rendered":"<div data-elementor-type=\"wp-page\" data-elementor-id=\"185\" class=\"elementor elementor-185\" data-elementor-post-type=\"page\">\n\t\t\t\t<div class=\"elementor-element elementor-element-f0c432e e-flex e-con-boxed ecomus-responsive-column ecomus-tablet-column--default ecomus-responsive-column ecomus-mobile-column--default e-con e-parent\" data-id=\"f0c432e\" data-element_type=\"container\">\n\t\t\t\t\t<div class=\"e-con-inner\">\n\t\t<div class=\"elementor-element elementor-element-6373f55 e-con-full e-flex ecomus-responsive-column ecomus-tablet-column--default ecomus-responsive-column ecomus-mobile-column--default e-con e-child\" data-id=\"6373f55\" data-element_type=\"container\">\n\t\t\t\t<\/div>\n\t\t<div class=\"elementor-element elementor-element-20b2d96 e-con-full e-flex ecomus-responsive-column ecomus-tablet-column--default ecomus-responsive-column ecomus-mobile-column--default e-con e-child\" data-id=\"20b2d96\" data-element_type=\"container\">\n\t\t\t\t<div class=\"elementor-element elementor-element-22906db elementor-widget elementor-widget-text-editor\" data-id=\"22906db\" data-element_type=\"widget\" data-widget_type=\"text-editor.default\">\n\t\t\t\t<div class=\"elementor-widget-container\">\n\t\t\t\t\t\t\t\t\t<p><strong>Datum des Inkrafttretens: [2025\/01\/10]<\/strong><\/p><p>Diese Datenschutzrichtlinie erl\u00e4utert, wie FLUENCE (\"wir\", \"uns\" oder \"unser\") mit Ihren pers\u00f6nlichen Informationen und Daten umgeht. Sie gilt f\u00fcr alle Produkte, Dienste und Websites, die von FLUENCE und den mit ihr verbundenen Unternehmen angeboten werden, zusammenfassend als die \"Dienste\" bezeichnet. Durch die Nutzung unserer Dienste erkl\u00e4ren Sie sich mit dieser Richtlinie einverstanden.<\/p><h6><strong>1. Was machen wir mit Ihren Informationen?<\/strong><\/h6><p>Wenn Sie etwas in unserem Shop kaufen, erfassen wir die von Ihnen bereitgestellten pers\u00f6nlichen Daten wie Ihren Namen, Ihre Adresse, Ihre E-Mail-Adresse und Ihre Zahlungsdaten als Teil des Kauf- und Verkaufsprozesses.<\/p><p>Auftragsabwicklung: Diese Informationen erm\u00f6glichen es uns, Ihre Bestellung zu bearbeiten, Ihre Zahlung zu \u00fcberpr\u00fcfen und die Produkte zu liefern.<br \/>Identit\u00e4ts\u00fcberpr\u00fcfung: Zum Schutz vor Betrug verwenden wir eine sichere Betrugs\u00fcberpr\u00fcfungsplattform eines Dritten.<br \/>Informationen zum Browsen: Wenn Sie in unserem Shop surfen, k\u00f6nnen wir die Internet-Protokoll-Adresse (IP-Adresse) Ihres Computers erfassen, um Ihren Browser und Ihr Betriebssystem besser zu verstehen.<br \/>Marketing: Mit Ihrer Erlaubnis k\u00f6nnen wir Ihnen E-Mails \u00fcber unser Gesch\u00e4ft, neue Produkte, Werbeaktionen und Updates senden.<\/p><h6><strong>2. Zustimmung<\/strong><\/h6><p>a. Wie erhalten wir Ihr Einverst\u00e4ndnis?<br \/>Wenn Sie pers\u00f6nliche Daten zur Verf\u00fcgung stellen, um eine Transaktion abzuschlie\u00dfen, Ihre Zahlung zu \u00fcberpr\u00fcfen, eine Bestellung aufzugeben oder eine R\u00fccksendung zu veranlassen, erkl\u00e4ren Sie sich mit der Erfassung und Verwendung dieser Daten f\u00fcr diese Zwecke einverstanden.<\/p><p>F\u00fcr sekund\u00e4re Zwecke, wie z. B. Marketing, werden wir Sie um Ihre ausdr\u00fcckliche Zustimmung bitten oder Ihnen die M\u00f6glichkeit geben, sich dagegen zu entscheiden.<\/p><p>b. Wie k\u00f6nnen Sie Ihre Zustimmung zur\u00fcckziehen?<br \/>Wenn Sie Ihre Meinung \u00e4ndern, nachdem Sie sich angemeldet haben, k\u00f6nnen Sie Ihre Zustimmung zur Kontaktaufnahme mit Ihnen oder zur Erfassung und Verwendung Ihrer Daten widerrufen. Kontaktieren Sie uns dazu bitte unter [Kontakt-E-Mail einf\u00fcgen].<\/p><h6><strong>3. Offenlegung<\/strong><\/h6><p>Wir k\u00f6nnen Ihre pers\u00f6nlichen Daten weitergeben:<\/p><p>Falls gesetzlich vorgeschrieben.<br \/>Wenn Sie gegen unsere Nutzungsbedingungen versto\u00dfen.<\/p><h6><strong>4. Zahlungsplattform<\/strong><\/h6><p>Unser Shop verwendet eine Zahlungsplattform eines Drittanbieters, um Transaktionen sicher und effizient zu verarbeiten.<\/p><p>a. Datenspeicherung<br \/>Ihre Daten werden sicher in den Datenspeichersystemen der Zahlungsplattform gespeichert. Die Plattform verwendet branchen\u00fcbliche Verschl\u00fcsselungsmethoden, um Ihre Daten zu sch\u00fctzen.<\/p><p>b. Zahlungsinformationen<br \/>Wenn Sie die Zahlungsplattform nutzen, um Ihren Einkauf abzuschlie\u00dfen, werden Ihre Kreditkarteninformationen gem\u00e4\u00df dem Payment Card Industry Data Security Standard (PCI-DSS) verschl\u00fcsselt.<br \/>Ihre Transaktionsdaten werden nur so lange gespeichert, wie es f\u00fcr die Abwicklung Ihres Kaufs erforderlich ist. Nachdem die Transaktion abgeschlossen ist, werden die Informationen sicher gel\u00f6scht.<\/p><p>Weitere Informationen finden Sie in der Datenschutzrichtlinie der Zahlungsplattform.<\/p><h6><strong>5. Dienstleistungen von Drittanbietern<\/strong><\/h6><p>Wir k\u00f6nnen Drittanbieter mit der Ausf\u00fchrung bestimmter Funktionen beauftragen (z. B. Zahlungsabwicklung oder Lieferung). Diese Anbieter sammeln, verwenden und geben Ihre Daten nur in dem Ma\u00dfe weiter, wie es f\u00fcr die Erbringung ihrer Dienstleistungen erforderlich ist.<\/p><p>a. Datenschutzrichtlinien von Drittanbietern<br \/>Wir empfehlen, die Datenschutzrichtlinien dieser Anbieter zu lesen, um zu verstehen, wie Ihre Daten behandelt werden.<\/p><p>b. Rechtsprechungsgesetze<br \/>Wenn ein Anbieter in einer anderen Rechtsordnung ans\u00e4ssig ist, k\u00f6nnen Ihre Daten den Gesetzen dieser Rechtsordnung unterworfen sein. Zum Beispiel k\u00f6nnen Transaktionen, die in den Vereinigten Staaten verarbeitet werden, unter US-Gesetze wie den Patriot Act fallen.<\/p><p>Sobald Sie unsere Website verlassen oder zu einer Anwendung eines Drittanbieters weitergeleitet werden, gilt diese Datenschutzrichtlinie nicht mehr.<\/p><h6><strong>6. Sicherheit<\/strong><\/h6><p>Wir wenden branchen\u00fcbliche Verfahren an, um Ihre pers\u00f6nlichen Daten zu sch\u00fctzen.<\/p><p>Verschl\u00fcsselung: Wir verwenden die Secure Socket Layer (SSL)-Technologie, um sensible Daten zu verschl\u00fcsseln.<br \/>Sicherheit der Speicherung: Ihre Daten werden mit einer AES-256-Verschl\u00fcsselung sicher gespeichert.<br \/>Obwohl keine Methode der \u00dcbertragung \u00fcber das Internet 100% sicher ist, befolgen wir alle PCI-DSS-Anforderungen und wenden zus\u00e4tzliche Best Practices an.<\/p><h6><strong>7. Cookies<\/strong><\/h6><p>Wir verwenden Cookies, um Ihre Erfahrung auf unserer Website zu verbessern. Einige Cookies, die wir verwenden, sind:<\/p><p>_session_id: Verfolgt Ihre Sitzung (Referrer, Landing Page usw.).<br \/>Warenkorb: Speichert Artikel in Ihrem Warenkorb.<br \/>_secure_session_id: Beh\u00e4lt sichere Sitzungen bei.<br \/>Sie k\u00f6nnen Ihre Cookie-Pr\u00e4ferenzen in den Einstellungen Ihres Browsers verwalten.<\/p><h6><strong>8. Alter der Zustimmung<\/strong><\/h6><p>Durch die Nutzung dieser Website best\u00e4tigen Sie, dass Sie in Ihrer Gerichtsbarkeit mindestens vollj\u00e4hrig sind oder dass Sie die Zustimmung zur Nutzung dieser Website durch minderj\u00e4hrige Angeh\u00f6rige erteilt haben.<\/p><h6><strong>9. \u00c4nderungen an dieser Datenschutzrichtlinie<\/strong><\/h6><p>Wir behalten uns das Recht vor, diese Datenschutzrichtlinie jederzeit zu aktualisieren. Alle \u00c4nderungen werden auf dieser Seite mit einem aktualisierten \"Datum des Inkrafttretens\" ver\u00f6ffentlicht. Wesentliche Aktualisierungen werden per E-Mail oder durch einen Hinweis auf unserer Website bekannt gegeben.<\/p><h6><strong>10. Wie verwenden wir die von uns gesammelten Informationen?<\/strong><\/h6><p>Wir verwenden die gesammelten Informationen, um:<\/p><p>Wir personalisieren Ihr Erlebnis und liefern Ihnen Inhalte und Produkte, die Sie interessieren k\u00f6nnten.<br \/>Verbessern Sie unseren Kundenservice und beantworten Sie Anfragen.<br \/>Verarbeiten Sie Transaktionen schnell und effizient.<br \/>Senden Sie Marketing-E-Mails (wenn Sie sich daf\u00fcr entschieden haben).<\/p><h6><strong>11. Wie k\u00f6nnen Sie Informationen abbestellen oder \u00e4ndern?<\/strong><\/h6><p>Um sich von Marketing-E-Mails abzumelden, klicken Sie auf den Link \"Abmelden\" in unseren E-Mails oder aktualisieren Sie Ihre Einstellungen in Ihrem Konto. Um Ihre Kontoinformationen zu l\u00f6schen, loggen Sie sich in Ihr Konto ein und entfernen Sie Ihre Daten.<\/p><h6><strong>12. Kontakt<\/strong><\/h6><p>Bei Fragen zu dieser Datenschutzrichtlinie wenden Sie sich bitte an uns:<\/p><p>E-Mail: support@fluencebike.com<br \/>Vielen Dank f\u00fcr Ihr Vertrauen in FLUENCE!<\/p>\t\t\t\t\t\t\t\t<\/div>\n\t\t\t\t<\/div>\n\t\t\t\t<\/div>\n\t\t<div class=\"elementor-element elementor-element-20dc6ac e-con-full e-flex ecomus-responsive-column ecomus-tablet-column--default ecomus-responsive-column ecomus-mobile-column--default e-con e-child\" data-id=\"20dc6ac\" data-element_type=\"container\">\n\t\t\t\t<\/div>\n\t\t\t\t\t<\/div>\n\t\t\t\t<\/div>\n\t\t\t\t<\/div>","protected":false},"excerpt":{"rendered":"<p>Effective Date: [2025\/01\/10] This Privacy Policy explains how FLUENCE (\u201cwe,\u201d \u201cus,\u201d or \u201cour\u201d) handles your personal information and data. It applies to all products, services, and websites offered by FLUENCE and its affiliates, collectively referred to as the \u201cservices.\u201d By using our services, you agree to this policy. 1. What Do We Do With Your [&hellip;]<\/p>","protected":false},"author":1,"featured_media":0,"parent":0,"menu_order":0,"comment_status":"closed","ping_status":"closed","template":"","meta":{"footnotes":""},"class_list":["post-185","page","type-page","status-publish","hentry"],"jetpack_sharing_enabled":true,"_links":{"self":[{"href":"https:\/\/fluencebike.com\/de\/wp-json\/wp\/v2\/pages\/185","targetHints":{"allow":["GET"]}}],"collection":[{"href":"https:\/\/fluencebike.com\/de\/wp-json\/wp\/v2\/pages"}],"about":[{"href":"https:\/\/fluencebike.com\/de\/wp-json\/wp\/v2\/types\/page"}],"author":[{"embeddable":true,"href":"https:\/\/fluencebike.com\/de\/wp-json\/wp\/v2\/users\/1"}],"replies":[{"embeddable":true,"href":"https:\/\/fluencebike.com\/de\/wp-json\/wp\/v2\/comments?post=185"}],"version-history":[{"count":0,"href":"https:\/\/fluencebike.com\/de\/wp-json\/wp\/v2\/pages\/185\/revisions"}],"wp:attachment":[{"href":"https:\/\/fluencebike.com\/de\/wp-json\/wp\/v2\/media?parent=185"}],"curies":[{"name":"wp","href":"https:\/\/api.w.org\/{rel}","templated":true}]}}